{"id":1652,"date":"2022-05-21T00:21:11","date_gmt":"2022-05-20T22:21:11","guid":{"rendered":"http:\/\/margot-fischer.net\/?page_id=1652"},"modified":"2022-05-21T00:22:49","modified_gmt":"2022-05-20T22:22:49","slug":"wassermelonenschalenchutney","status":"publish","type":"page","link":"http:\/\/margot-fischer.net\/?page_id=1652","title":{"rendered":"WassermelonenschalenChutney"},"content":{"rendered":"\n<p><\/p>\n\n\n\n<figure class=\"wp-block-image size-large\"><img decoding=\"async\" loading=\"lazy\" width=\"1024\" height=\"979\" src=\"http:\/\/margot-fischer.net\/wp-content\/uploads\/2022\/05\/Chutney-WMS-1-Zutaten-1024x979.jpg\" alt=\"\" class=\"wp-image-1653\" srcset=\"http:\/\/margot-fischer.net\/wp-content\/uploads\/2022\/05\/Chutney-WMS-1-Zutaten-1024x979.jpg 1024w, http:\/\/margot-fischer.net\/wp-content\/uploads\/2022\/05\/Chutney-WMS-1-Zutaten-300x287.jpg 300w, http:\/\/margot-fischer.net\/wp-content\/uploads\/2022\/05\/Chutney-WMS-1-Zutaten-768x734.jpg 768w, http:\/\/margot-fischer.net\/wp-content\/uploads\/2022\/05\/Chutney-WMS-1-Zutaten-1536x1468.jpg 1536w, http:\/\/margot-fischer.net\/wp-content\/uploads\/2022\/05\/Chutney-WMS-1-Zutaten-2048x1958.jpg 2048w, http:\/\/margot-fischer.net\/wp-content\/uploads\/2022\/05\/Chutney-WMS-1-Zutaten-314x300.jpg 314w\" sizes=\"(max-width: 1024px) 100vw, 1024px\" \/><\/figure>\n\n\n\n<p><span style=\"color:#a30028\" class=\"has-inline-color\">300 g Wassermelonenschalen \u2022 2 Zwiebeln \u2022 1 gro\u00dfe Knoblauchzehe \u2022 2 EL Oliven\u00f6l \u2022 <\/span><\/p>\n\n\n\n<p><span style=\"color:#a30028\" class=\"has-inline-color\">150 ml Orangensaft \u2022 50 ml Apfelessig \u2022  1 Zimtstange \u2022 1 EL Koriandersamen \u2022 <\/span><\/p>\n\n\n\n<p><span style=\"color:#a30028\" class=\"has-inline-color\">1 EL rosa Beeren \u2022 Salz<\/span><\/p>\n\n\n\n<figure class=\"wp-block-image size-large\"><img decoding=\"async\" loading=\"lazy\" width=\"1024\" height=\"743\" src=\"http:\/\/margot-fischer.net\/wp-content\/uploads\/2022\/05\/Wassermelone-schaelen-1024x743.jpg\" alt=\"\" class=\"wp-image-1597\" srcset=\"http:\/\/margot-fischer.net\/wp-content\/uploads\/2022\/05\/Wassermelone-schaelen-1024x743.jpg 1024w, http:\/\/margot-fischer.net\/wp-content\/uploads\/2022\/05\/Wassermelone-schaelen-300x218.jpg 300w, http:\/\/margot-fischer.net\/wp-content\/uploads\/2022\/05\/Wassermelone-schaelen-768x557.jpg 768w, http:\/\/margot-fischer.net\/wp-content\/uploads\/2022\/05\/Wassermelone-schaelen-1536x1115.jpg 1536w, http:\/\/margot-fischer.net\/wp-content\/uploads\/2022\/05\/Wassermelone-schaelen-2048x1486.jpg 2048w, http:\/\/margot-fischer.net\/wp-content\/uploads\/2022\/05\/Wassermelone-schaelen-413x300.jpg 413w\" sizes=\"(max-width: 1024px) 100vw, 1024px\" \/><\/figure>\n\n\n\n<p><span style=\"color:#a30030\" class=\"has-inline-color\">Den dunkelgr\u00fcnen Teil der Schale entfernen.<\/span><\/p>\n\n\n\n<figure class=\"wp-block-image size-large\"><img decoding=\"async\" loading=\"lazy\" width=\"1024\" height=\"759\" src=\"http:\/\/margot-fischer.net\/wp-content\/uploads\/2022\/05\/Chutney-WMS-2-Schneiden-1024x759.jpg\" alt=\"\" class=\"wp-image-1654\" srcset=\"http:\/\/margot-fischer.net\/wp-content\/uploads\/2022\/05\/Chutney-WMS-2-Schneiden-1024x759.jpg 1024w, http:\/\/margot-fischer.net\/wp-content\/uploads\/2022\/05\/Chutney-WMS-2-Schneiden-300x222.jpg 300w, http:\/\/margot-fischer.net\/wp-content\/uploads\/2022\/05\/Chutney-WMS-2-Schneiden-768x569.jpg 768w, http:\/\/margot-fischer.net\/wp-content\/uploads\/2022\/05\/Chutney-WMS-2-Schneiden-1536x1138.jpg 1536w, http:\/\/margot-fischer.net\/wp-content\/uploads\/2022\/05\/Chutney-WMS-2-Schneiden-2048x1517.jpg 2048w, http:\/\/margot-fischer.net\/wp-content\/uploads\/2022\/05\/Chutney-WMS-2-Schneiden-405x300.jpg 405w\" sizes=\"(max-width: 1024px) 100vw, 1024px\" \/><\/figure>\n\n\n\n<p><span style=\"color:#a30035\" class=\"has-inline-color\">Melonenschalen in W\u00fcrfel schneiden, Zwiebeln und Knoblauch hacken.<\/span><\/p>\n\n\n\n<figure class=\"wp-block-image size-large\"><img decoding=\"async\" loading=\"lazy\" width=\"991\" height=\"1024\" src=\"http:\/\/margot-fischer.net\/wp-content\/uploads\/2022\/05\/Chutney-WMS-3-Braten-2-991x1024.jpg\" alt=\"\" class=\"wp-image-1655\" srcset=\"http:\/\/margot-fischer.net\/wp-content\/uploads\/2022\/05\/Chutney-WMS-3-Braten-2-991x1024.jpg 991w, http:\/\/margot-fischer.net\/wp-content\/uploads\/2022\/05\/Chutney-WMS-3-Braten-2-290x300.jpg 290w, http:\/\/margot-fischer.net\/wp-content\/uploads\/2022\/05\/Chutney-WMS-3-Braten-2-768x794.jpg 768w, http:\/\/margot-fischer.net\/wp-content\/uploads\/2022\/05\/Chutney-WMS-3-Braten-2-1486x1536.jpg 1486w, http:\/\/margot-fischer.net\/wp-content\/uploads\/2022\/05\/Chutney-WMS-3-Braten-2-1982x2048.jpg 1982w\" sizes=\"(max-width: 991px) 100vw, 991px\" \/><\/figure>\n\n\n\n<p class=\"has-text-color\" style=\"color:#a3001b\"><span style=\"color:#a3001f\" class=\"has-inline-color\">Zwiebel, Knoblauch und Gew\u00fcrze im Oliven\u00f6l 3 Minuten braten.<\/span><\/p>\n\n\n\n<figure class=\"wp-block-image size-large\"><img decoding=\"async\" loading=\"lazy\" width=\"1010\" height=\"1024\" src=\"http:\/\/margot-fischer.net\/wp-content\/uploads\/2022\/05\/Chutney-WMS-4-Duensten-2-1010x1024.jpg\" alt=\"\" class=\"wp-image-1656\" srcset=\"http:\/\/margot-fischer.net\/wp-content\/uploads\/2022\/05\/Chutney-WMS-4-Duensten-2-1010x1024.jpg 1010w, http:\/\/margot-fischer.net\/wp-content\/uploads\/2022\/05\/Chutney-WMS-4-Duensten-2-296x300.jpg 296w, http:\/\/margot-fischer.net\/wp-content\/uploads\/2022\/05\/Chutney-WMS-4-Duensten-2-768x779.jpg 768w, http:\/\/margot-fischer.net\/wp-content\/uploads\/2022\/05\/Chutney-WMS-4-Duensten-2-1515x1536.jpg 1515w, http:\/\/margot-fischer.net\/wp-content\/uploads\/2022\/05\/Chutney-WMS-4-Duensten-2-2020x2048.jpg 2020w\" sizes=\"(max-width: 1010px) 100vw, 1010px\" \/><\/figure>\n\n\n\n<p><span style=\"color:#a3001f\" class=\"has-inline-color\">Die Melonenschalen hinzuf\u00fcgen und 3 Minuten mitd\u00fcnsten.<\/span><\/p>\n\n\n\n<figure class=\"wp-block-image size-large\"><img decoding=\"async\" loading=\"lazy\" width=\"1024\" height=\"998\" src=\"http:\/\/margot-fischer.net\/wp-content\/uploads\/2022\/05\/Chutney-WMS-5-Einkochen-2-1-1024x998.jpg\" alt=\"\" class=\"wp-image-1657\" srcset=\"http:\/\/margot-fischer.net\/wp-content\/uploads\/2022\/05\/Chutney-WMS-5-Einkochen-2-1-1024x998.jpg 1024w, http:\/\/margot-fischer.net\/wp-content\/uploads\/2022\/05\/Chutney-WMS-5-Einkochen-2-1-300x293.jpg 300w, http:\/\/margot-fischer.net\/wp-content\/uploads\/2022\/05\/Chutney-WMS-5-Einkochen-2-1-768x749.jpg 768w, http:\/\/margot-fischer.net\/wp-content\/uploads\/2022\/05\/Chutney-WMS-5-Einkochen-2-1-1536x1498.jpg 1536w, http:\/\/margot-fischer.net\/wp-content\/uploads\/2022\/05\/Chutney-WMS-5-Einkochen-2-1-2048x1997.jpg 2048w, http:\/\/margot-fischer.net\/wp-content\/uploads\/2022\/05\/Chutney-WMS-5-Einkochen-2-1-308x300.jpg 308w\" sizes=\"(max-width: 1024px) 100vw, 1024px\" \/><\/figure>\n\n\n\n<p><span style=\"color:#a30008\" class=\"has-inline-color\">Orangensaft und Essig einr\u00fchren und das Chutney dick einkochen.<\/span><\/p>\n\n\n\n<p><span style=\"color:#a3000d\" class=\"has-inline-color\">In dicht verschlie\u00dfbare Gl\u00e4ser f\u00fcllen. K\u00fchl und dunkel lagern.<\/span><\/p>\n\n\n\n<p><\/p>\n","protected":false},"excerpt":{"rendered":"<p>300 g Wassermelonenschalen \u2022 2 Zwiebeln \u2022 1 gro\u00dfe Knoblauchzehe \u2022 2 EL Oliven\u00f6l \u2022 150 ml Orangensaft \u2022 50 ml Apfelessig \u2022 1 Zimtstange \u2022 1 EL Koriandersamen \u2022 1 EL rosa Beeren \u2022 Salz Den dunkelgr\u00fcnen Teil der &hellip; <a href=\"http:\/\/margot-fischer.net\/?page_id=1652\">Weiterlesen <span class=\"meta-nav\">&rarr;<\/span><\/a><\/p>\n","protected":false},"author":1,"featured_media":0,"parent":1403,"menu_order":0,"comment_status":"closed","ping_status":"closed","template":"","meta":[],"_links":{"self":[{"href":"http:\/\/margot-fischer.net\/index.php?rest_route=\/wp\/v2\/pages\/1652"}],"collection":[{"href":"http:\/\/margot-fischer.net\/index.php?rest_route=\/wp\/v2\/pages"}],"about":[{"href":"http:\/\/margot-fischer.net\/index.php?rest_route=\/wp\/v2\/types\/page"}],"author":[{"embeddable":true,"href":"http:\/\/margot-fischer.net\/index.php?rest_route=\/wp\/v2\/users\/1"}],"replies":[{"embeddable":true,"href":"http:\/\/margot-fischer.net\/index.php?rest_route=%2Fwp%2Fv2%2Fcomments&post=1652"}],"version-history":[{"count":2,"href":"http:\/\/margot-fischer.net\/index.php?rest_route=\/wp\/v2\/pages\/1652\/revisions"}],"predecessor-version":[{"id":1659,"href":"http:\/\/margot-fischer.net\/index.php?rest_route=\/wp\/v2\/pages\/1652\/revisions\/1659"}],"up":[{"embeddable":true,"href":"http:\/\/margot-fischer.net\/index.php?rest_route=\/wp\/v2\/pages\/1403"}],"wp:attachment":[{"href":"http:\/\/margot-fischer.net\/index.php?rest_route=%2Fwp%2Fv2%2Fmedia&parent=1652"}],"curies":[{"name":"wp","href":"https:\/\/api.w.org\/{rel}","templated":true}]}}