{"id":180,"date":"2012-10-16T19:21:12","date_gmt":"2012-10-16T17:21:12","guid":{"rendered":"http:\/\/margot-fischer.net\/?page_id=180"},"modified":"2012-10-16T19:21:12","modified_gmt":"2012-10-16T17:21:12","slug":"huhn","status":"publish","type":"page","link":"http:\/\/margot-fischer.net\/?page_id=180","title":{"rendered":"Huhn"},"content":{"rendered":"<p>was H\u00fchner noch alles k\u00f6nnen, au\u00dfer Eier legen &#8230;<\/p>\n","protected":false},"excerpt":{"rendered":"<p>was H\u00fchner noch alles k\u00f6nnen, au\u00dfer Eier legen &#8230;<\/p>\n","protected":false},"author":1,"featured_media":0,"parent":121,"menu_order":0,"comment_status":"open","ping_status":"open","template":"","meta":[],"_links":{"self":[{"href":"http:\/\/margot-fischer.net\/index.php?rest_route=\/wp\/v2\/pages\/180"}],"collection":[{"href":"http:\/\/margot-fischer.net\/index.php?rest_route=\/wp\/v2\/pages"}],"about":[{"href":"http:\/\/margot-fischer.net\/index.php?rest_route=\/wp\/v2\/types\/page"}],"author":[{"embeddable":true,"href":"http:\/\/margot-fischer.net\/index.php?rest_route=\/wp\/v2\/users\/1"}],"replies":[{"embeddable":true,"href":"http:\/\/margot-fischer.net\/index.php?rest_route=%2Fwp%2Fv2%2Fcomments&post=180"}],"version-history":[{"count":1,"href":"http:\/\/margot-fischer.net\/index.php?rest_route=\/wp\/v2\/pages\/180\/revisions"}],"predecessor-version":[{"id":181,"href":"http:\/\/margot-fischer.net\/index.php?rest_route=\/wp\/v2\/pages\/180\/revisions\/181"}],"up":[{"embeddable":true,"href":"http:\/\/margot-fischer.net\/index.php?rest_route=\/wp\/v2\/pages\/121"}],"wp:attachment":[{"href":"http:\/\/margot-fischer.net\/index.php?rest_route=%2Fwp%2Fv2%2Fmedia&parent=180"}],"curies":[{"name":"wp","href":"https:\/\/api.w.org\/{rel}","templated":true}]}}