{"id":288,"date":"2012-11-07T12:56:23","date_gmt":"2012-11-07T10:56:23","guid":{"rendered":"http:\/\/margot-fischer.net\/?page_id=288"},"modified":"2012-11-07T12:56:23","modified_gmt":"2012-11-07T10:56:23","slug":"suppen","status":"publish","type":"page","link":"http:\/\/margot-fischer.net\/?page_id=288","title":{"rendered":"Suppen"},"content":{"rendered":"<p>Als Einstieg in ein k\u00f6stliches Men\u00fc oder als w\u00e4rmender Hauptgang<\/p>\n","protected":false},"excerpt":{"rendered":"<p>Als Einstieg in ein k\u00f6stliches Men\u00fc oder als w\u00e4rmender Hauptgang<\/p>\n","protected":false},"author":1,"featured_media":0,"parent":51,"menu_order":0,"comment_status":"open","ping_status":"open","template":"","meta":[],"_links":{"self":[{"href":"http:\/\/margot-fischer.net\/index.php?rest_route=\/wp\/v2\/pages\/288"}],"collection":[{"href":"http:\/\/margot-fischer.net\/index.php?rest_route=\/wp\/v2\/pages"}],"about":[{"href":"http:\/\/margot-fischer.net\/index.php?rest_route=\/wp\/v2\/types\/page"}],"author":[{"embeddable":true,"href":"http:\/\/margot-fischer.net\/index.php?rest_route=\/wp\/v2\/users\/1"}],"replies":[{"embeddable":true,"href":"http:\/\/margot-fischer.net\/index.php?rest_route=%2Fwp%2Fv2%2Fcomments&post=288"}],"version-history":[{"count":1,"href":"http:\/\/margot-fischer.net\/index.php?rest_route=\/wp\/v2\/pages\/288\/revisions"}],"predecessor-version":[{"id":289,"href":"http:\/\/margot-fischer.net\/index.php?rest_route=\/wp\/v2\/pages\/288\/revisions\/289"}],"up":[{"embeddable":true,"href":"http:\/\/margot-fischer.net\/index.php?rest_route=\/wp\/v2\/pages\/51"}],"wp:attachment":[{"href":"http:\/\/margot-fischer.net\/index.php?rest_route=%2Fwp%2Fv2%2Fmedia&parent=288"}],"curies":[{"name":"wp","href":"https:\/\/api.w.org\/{rel}","templated":true}]}}