{"id":399,"date":"2013-05-11T13:21:03","date_gmt":"2013-05-11T11:21:03","guid":{"rendered":"http:\/\/margot-fischer.net\/?page_id=399"},"modified":"2013-05-11T13:21:03","modified_gmt":"2013-05-11T11:21:03","slug":"bergheusuppe","status":"publish","type":"page","link":"http:\/\/margot-fischer.net\/?page_id=399","title":{"rendered":"Bergheusuppe"},"content":{"rendered":"<p>1 Bund Suppengr\u00fcn, am besten mit einer Pastinakenwurzel<br \/>\n1 Stange Lauch<br \/>\n1 EL Butter<br \/>\n1 Liter kr\u00e4ftige gute Suppe<br \/>\nSalz, Pfeffer, frisch gemahlene Muskatnuss<br \/>\n1 gute Hand voll Bergheu frisch oder getrocknet<br \/>\nNach Wunsch Obers oder K\u00e4se<br \/>\nFrische Kr\u00e4uter zum Garnieren<\/p>\n<p>D\u00fcnste das fein geschnittene Suppengr\u00fcn mit dem Lauch in der Butter kurz an, schmecke mit Salz, Pfeffer sowie Muskat ab, gie\u00df Wasser dazu und koche die Suppe 5 Minuten vor. Lege das Heu in einen Siebeinsatz und lasse die Suppe mit dem Heu nochmals gut aufwallen bevor du sie f\u00fcr 2 Stunden in die Kochkiste stellst. Hebe sodann den Siebeinsatz mit dem Heu aus der Suppe.<br \/>\nVerfeinere die Suppe nach Wunsch mit Obers oder K\u00e4se und serviere mit Kr\u00e4utern garniert.<\/p>\n","protected":false},"excerpt":{"rendered":"<p>1 Bund Suppengr\u00fcn, am besten mit einer Pastinakenwurzel 1 Stange Lauch 1 EL Butter 1 Liter kr\u00e4ftige gute Suppe Salz, Pfeffer, frisch gemahlene Muskatnuss 1 gute Hand voll Bergheu frisch oder getrocknet Nach Wunsch Obers oder K\u00e4se Frische Kr\u00e4uter zum &hellip; <a href=\"http:\/\/margot-fischer.net\/?page_id=399\">Weiterlesen <span class=\"meta-nav\">&rarr;<\/span><\/a><\/p>\n","protected":false},"author":1,"featured_media":400,"parent":288,"menu_order":0,"comment_status":"closed","ping_status":"closed","template":"","meta":[],"_links":{"self":[{"href":"http:\/\/margot-fischer.net\/index.php?rest_route=\/wp\/v2\/pages\/399"}],"collection":[{"href":"http:\/\/margot-fischer.net\/index.php?rest_route=\/wp\/v2\/pages"}],"about":[{"href":"http:\/\/margot-fischer.net\/index.php?rest_route=\/wp\/v2\/types\/page"}],"author":[{"embeddable":true,"href":"http:\/\/margot-fischer.net\/index.php?rest_route=\/wp\/v2\/users\/1"}],"replies":[{"embeddable":true,"href":"http:\/\/margot-fischer.net\/index.php?rest_route=%2Fwp%2Fv2%2Fcomments&post=399"}],"version-history":[{"count":1,"href":"http:\/\/margot-fischer.net\/index.php?rest_route=\/wp\/v2\/pages\/399\/revisions"}],"predecessor-version":[{"id":401,"href":"http:\/\/margot-fischer.net\/index.php?rest_route=\/wp\/v2\/pages\/399\/revisions\/401"}],"up":[{"embeddable":true,"href":"http:\/\/margot-fischer.net\/index.php?rest_route=\/wp\/v2\/pages\/288"}],"wp:featuredmedia":[{"embeddable":true,"href":"http:\/\/margot-fischer.net\/index.php?rest_route=\/wp\/v2\/media\/400"}],"wp:attachment":[{"href":"http:\/\/margot-fischer.net\/index.php?rest_route=%2Fwp%2Fv2%2Fmedia&parent=399"}],"curies":[{"name":"wp","href":"https:\/\/api.w.org\/{rel}","templated":true}]}}