{"id":108,"date":"2012-08-24T20:31:38","date_gmt":"2012-08-24T18:31:38","guid":{"rendered":"http:\/\/wp11057762.wp371.webpack.hosteurope.de\/.margot-fischer.net\/?page_id=108"},"modified":"2012-08-24T20:31:38","modified_gmt":"2012-08-24T18:31:38","slug":"grunes-spargelmousse-mit-champignon-rucola-salat-und-sesam","status":"publish","type":"page","link":"https:\/\/margot-fischer.net\/?page_id=108","title":{"rendered":"Gr\u00fcnes Spargelmousse mit Champignon-Rucola Salat und Sesam"},"content":{"rendered":"<h1>Gr\u00fcnes Spargelmousse mit Champignon-Rucola Salat und Sesam<\/h1>\n<p>6 Portionen<\/p>\n<p>500 g gr\u00fcner Spargel, 100 g Blattspinat, 2 Schalotten, 375 mL Schlagobers, 4-5 Blatt Gelatine, 2 EL \u00d6l, 1 EL Zitronensaft,\u00a0 400g Champignons, 100 g Rucola, 2 EL Balsamessig, 3 EL \u00d6l, 1 EL Sesam, 1 Prise Demerarazucker, Salz, frisch gemahlener wei\u00dfer Pfeffer, frisch geriebene Muskatnu\u00df<\/p>\n<p>Spargel 5 Minuten in Salzwasser blanchieren, abschrecken, die Spargelspitzen als Dekor aufheben.<\/p>\n<p>Spinat mit kochendem Wasser \u00fcberbr\u00fchen, abschrecken und gut auspressen.<\/p>\n<p>Schalotten fein hacken und in \u00d6l anschwitzen. Spargel und Spinat hinzuf\u00fcgen, mit 125 mL Obers aufgie\u00dfen und 10 Minuten auf kleiner Flamme kochen bis die Fl\u00fcssigkeit beinahe verdampft ist. Mit Zitronensaft, Salz, Pfeffer und Muskat w\u00fcrzen. P\u00fcrieren.<\/p>\n<p>Gelatine in kaltem Wasser einweichen, ausdr\u00fccken und im noch warmen P\u00fcree aufl\u00f6sen. K\u00fchlen.<\/p>\n<p>Restliches Obers steif schlagen und unter die Spargel-Spinatmasse heben. 3-4 Stunden k\u00fchlen.<\/p>\n<p>Sesam in einer trockenen Pfanne kurz r\u00f6sten. Champignons in d\u00fcnne Scheiben schneiden. Rucola zur H\u00e4lfte fein hacken.<\/p>\n<p>\u00d6l, Essig, Salz, Pfeffer und Zucker zu einem Salatdressing verr\u00fchren.<\/p>\n<p>Aus der Spargelmasse mit einem feuchten E\u00dfl\u00f6ffel Nockerl ausstechen. Mit Spargelspitzen und Salat dekorativ anrichten. Sesam \u00fcber den Salat streuen.<\/p>\n","protected":false},"excerpt":{"rendered":"<p>Gr\u00fcnes Spargelmousse mit Champignon-Rucola Salat und Sesam 6 Portionen 500 g gr\u00fcner Spargel, 100 g Blattspinat, 2 Schalotten, 375 mL Schlagobers, 4-5 Blatt Gelatine, 2 EL \u00d6l, 1 EL Zitronensaft,\u00a0 400g Champignons, 100 g Rucola, 2 EL Balsamessig, 3 EL &hellip; <a href=\"https:\/\/margot-fischer.net\/?page_id=108\">Weiterlesen <span class=\"meta-nav\">&rarr;<\/span><\/a><\/p>\n","protected":false},"author":1,"featured_media":0,"parent":106,"menu_order":0,"comment_status":"open","ping_status":"open","template":"","meta":[],"_links":{"self":[{"href":"https:\/\/margot-fischer.net\/index.php?rest_route=\/wp\/v2\/pages\/108"}],"collection":[{"href":"https:\/\/margot-fischer.net\/index.php?rest_route=\/wp\/v2\/pages"}],"about":[{"href":"https:\/\/margot-fischer.net\/index.php?rest_route=\/wp\/v2\/types\/page"}],"author":[{"embeddable":true,"href":"https:\/\/margot-fischer.net\/index.php?rest_route=\/wp\/v2\/users\/1"}],"replies":[{"embeddable":true,"href":"https:\/\/margot-fischer.net\/index.php?rest_route=%2Fwp%2Fv2%2Fcomments&post=108"}],"version-history":[{"count":2,"href":"https:\/\/margot-fischer.net\/index.php?rest_route=\/wp\/v2\/pages\/108\/revisions"}],"predecessor-version":[{"id":110,"href":"https:\/\/margot-fischer.net\/index.php?rest_route=\/wp\/v2\/pages\/108\/revisions\/110"}],"up":[{"embeddable":true,"href":"https:\/\/margot-fischer.net\/index.php?rest_route=\/wp\/v2\/pages\/106"}],"wp:attachment":[{"href":"https:\/\/margot-fischer.net\/index.php?rest_route=%2Fwp%2Fv2%2Fmedia&parent=108"}],"curies":[{"name":"wp","href":"https:\/\/api.w.org\/{rel}","templated":true}]}}