{"id":1158,"date":"2017-11-30T23:49:17","date_gmt":"2017-11-30T21:49:17","guid":{"rendered":"http:\/\/margot-fischer.net\/?page_id=1158"},"modified":"2021-06-30T19:19:16","modified_gmt":"2021-06-30T17:19:16","slug":"die-franzoesische-kueche","status":"publish","type":"page","link":"https:\/\/margot-fischer.net\/?page_id=1158","title":{"rendered":"Die franz\u00f6sische K\u00fcche"},"content":{"rendered":"<p><strong>PRESSESTIMMEN<\/strong><\/p>\n<p><strong> Vorab: Unisono heben alle Rezensenten die Leistung von \u00dcbersetzerin Margot Fischer hervor, die das Buch nicht nur gl\u00e4nzend \u00fcbersetzte, sondern auch mit erhellenden Anmerkungen versehen hat. <\/strong><\/p>\n<p>Auch der <strong><a class=\"externalLink\" href=\"https:\/\/buchgourmet.com\/buch\/die-franzoesische-kueche-elizabeth-david\/\" target=\"_blank\" rel=\"noopener noreferrer\"> &#8222;BuchGourmet&#8220; <\/a><\/strong> ist begeistert von Elizabeth Davids Buch! (29.11.2017)<\/p>\n<p>Walter Sch\u00fcbler rezensiert Davids Klassiker ausf\u00fchrlich f\u00fcr die <strong> <a href=\"https:\/\/www.mandelbaum.at\/docs\/FAZ_2017_11_25.pdf\"> Frankfurter Allgemeine Zeitung<\/a><\/strong>, erschienen am 25.11.2017.<br \/>\nSein Einstieg: \u00bbEin gutes Kochbuch gibt mehr als blo\u00df Rezepte: Elizabeth Davids Standardwerk \u00fcber die franz\u00f6sische Landk\u00fcche verkn\u00fcpft intime Kenntnis mit trockenem Humor.\u00ab<\/p>\n<p><strong> must-have:<\/strong> Auch die <strong><a href=\"https:\/\/www.mandelbaum.at\/docs\/RONDO-Standard_2017_11_17.pdf\"> RONDO\/ Der Standard -Redaktion <\/a><\/strong> ist begeistert: \u00bb &#8230; Ein St\u00fcck Kulturgeschichte, das g\u00e4nzlich ohne Fotos auskommt, und ein Must-have\u00ab. (17.11.2017)<\/p>\n<p>Unter dem Titel \u00abEine, die aufbrach, um England das Kochen zu lehren\u00ab bringt das <strong><a class=\"externalLink\" href=\"https:\/\/www.srf.ch\/kultur\/gesellschaft-religion\/kochkoenigin-elizabeth-eine-die-aufbrach-um-england-das-kochen-zu-lehren-2\" target=\"_blank\" rel=\"noopener noreferrer\"> Schweizer Kultur Radio SRF <\/a><\/strong> ein sch\u00f6nes Portrait \u00fcber Elizabeth David. (16.11.2017)<\/p>\n<p><strong> <a class=\"externalLink\" href=\"http:\/\/www.tagesspiegel.de\/weltspiegel\/essen-trinken\/kochbuch-der-woche-der-klassiker-die-franzoesische-kueche-von-elizabeth-david\/20484196.html#\" target=\"_blank\" rel=\"noopener noreferrer\"> Susanne Kippenberger schreibt im Tagesspiegel<\/a><\/strong>: \u00bb \u2026 Die Frau kann n\u00e4mlich nicht nur kochen und genie\u00dfen, sie kann auch schreiben und erz\u00e4hlen. So schlicht, sinnlich und elegant, wie die Rezepte, die sie serviert. Kein Wunder, dass der Schriftsteller Julian Barnes zu ihren gro\u00dfen Fans z\u00e4hlt. (Jamie Oliver auch.) So alt, wie das Buch ist, so frisch wirkt es noch immer. Alles, was heute in der K\u00fcche angesagt ist, saisonal, regional, frische Zutaten, kein Firlefanz, das hat David schon zelebriert. (26.10.2017)<\/p>\n<p><strong> Ein Juwel unter den Kochb\u00fcchern<\/strong><br \/>\nReiner Veit spricht in der Sendung &#8222;Aufgegabelt&#8220; im Berliner Inforadio rbb mit Margot Fischer, der \u00dcbersetzerin von Elizabeth Davids Klasiker, \u00fcber das Buch und seine Autorin. Das Buch sei \u00bbein Schatz, ein Gl\u00fccksfall und Juwel&#8220;, meint Reiner Veit! <strong> <a class=\"externalLink\" href=\"https:\/\/www.inforadio.de\/programm\/schema\/sendungen\/aufgegabelt\/201710\/173207.html\" target=\"_blank\" rel=\"noopener noreferrer\"> Nachzuh\u00f6ren hier!<\/a><\/strong>. (21.10.2017)<\/p>\n<p>Armin Thurnher hat das Buch durch sein Lob im <strong><a class=\"externalLink\" href=\"https:\/\/shop.falter.at\/detail\/9783854765424\" target=\"_blank\" rel=\"noopener noreferrer\"> FALTER 41\/2017<\/a><\/strong> geadelt und titelt mit <strong>\u00bbKochbuchflaute? Keine Spur!\u00ab<\/strong>. (13.10.2017)<\/p>\n<p>Ein begeisterter Bernhard Nicolussi stellt das Buch den H\u00f6rern von \u00bbFREIRAD &#8211; Freies Radio Innsbruck\u00ab vor: \u00bb &#8230; Elisabeth Davids \u201aDie franz\u00f6sische K\u00fcche\u2019 ist mehr als ein Kochbuch, mehr als ein Nachschlagewerk. Es ist Kulturgeschichte! \u2026 anregender Lesestoff. Ein nicht versiegender Quell interessanter Rezepte. Es ist Vorsicht geboten &#8211; ich habe von Menschen geh\u00f6rt, die sind mit diesem Kochbuch in die K\u00fcche verschwunden und nicht mehr herausgekommen. \u2026 \u00ab Das Manuskript zur Sendung k\u00f6nnen Sie <strong><a href=\"http:\/\/www.mandelbaum.at\/docs\/Nicolussi_DAVID_Frankreich.pdf\"> hier<\/a><\/strong> nachlesen. (6.11.2017)<\/p>\n","protected":false},"excerpt":{"rendered":"<p>PRESSESTIMMEN Vorab: Unisono heben alle Rezensenten die Leistung von \u00dcbersetzerin Margot Fischer hervor, die das Buch nicht nur gl\u00e4nzend \u00fcbersetzte, sondern auch mit erhellenden Anmerkungen versehen hat. Auch der &#8222;BuchGourmet&#8220; ist begeistert von Elizabeth Davids Buch! (29.11.2017) Walter Sch\u00fcbler rezensiert &hellip; <a href=\"https:\/\/margot-fischer.net\/?page_id=1158\">Weiterlesen <span class=\"meta-nav\">&rarr;<\/span><\/a><\/p>\n","protected":false},"author":1,"featured_media":0,"parent":92,"menu_order":0,"comment_status":"open","ping_status":"open","template":"","meta":[],"_links":{"self":[{"href":"https:\/\/margot-fischer.net\/index.php?rest_route=\/wp\/v2\/pages\/1158"}],"collection":[{"href":"https:\/\/margot-fischer.net\/index.php?rest_route=\/wp\/v2\/pages"}],"about":[{"href":"https:\/\/margot-fischer.net\/index.php?rest_route=\/wp\/v2\/types\/page"}],"author":[{"embeddable":true,"href":"https:\/\/margot-fischer.net\/index.php?rest_route=\/wp\/v2\/users\/1"}],"replies":[{"embeddable":true,"href":"https:\/\/margot-fischer.net\/index.php?rest_route=%2Fwp%2Fv2%2Fcomments&post=1158"}],"version-history":[{"count":2,"href":"https:\/\/margot-fischer.net\/index.php?rest_route=\/wp\/v2\/pages\/1158\/revisions"}],"predecessor-version":[{"id":1413,"href":"https:\/\/margot-fischer.net\/index.php?rest_route=\/wp\/v2\/pages\/1158\/revisions\/1413"}],"up":[{"embeddable":true,"href":"https:\/\/margot-fischer.net\/index.php?rest_route=\/wp\/v2\/pages\/92"}],"wp:attachment":[{"href":"https:\/\/margot-fischer.net\/index.php?rest_route=%2Fwp%2Fv2%2Fmedia&parent=1158"}],"curies":[{"name":"wp","href":"https:\/\/api.w.org\/{rel}","templated":true}]}}