{"id":12,"date":"2012-08-19T18:34:36","date_gmt":"2012-08-19T16:34:36","guid":{"rendered":"http:\/\/wp11057762.wp371.webpack.hosteurope.de\/.margot-fischer.net\/?page_id=12"},"modified":"2016-01-01T15:55:33","modified_gmt":"2016-01-01T13:55:33","slug":"lucky","status":"publish","type":"page","link":"https:\/\/margot-fischer.net\/?page_id=12","title":{"rendered":"Lucky"},"content":{"rendered":"<p style=\"text-align: left;\"><a href=\"http:\/\/margot-fischer.net\/wp-content\/uploads\/2012\/08\/Lucky2.jpg\"><img decoding=\"async\" loading=\"lazy\" class=\" size-medium wp-image-985 alignleft\" src=\"http:\/\/margot-fischer.net\/wp-content\/uploads\/2012\/08\/Lucky2-300x300.jpg\" alt=\"Lucky\" width=\"300\" height=\"300\" srcset=\"https:\/\/margot-fischer.net\/wp-content\/uploads\/2012\/08\/Lucky2.jpg 300w, https:\/\/margot-fischer.net\/wp-content\/uploads\/2012\/08\/Lucky2-150x150.jpg 150w\" sizes=\"(max-width: 300px) 100vw, 300px\" \/><\/a>Eine spannende, re<br \/>\nalistische, mitrei\u00dfende Geschichte um Teenager-Alltag, -Freud und -Leid. Rezension auf lovelybooks.de<\/p>\n<p>Margot Fischer widmet sich dem Thema Ern\u00e4hrung mit sehr unterschiedlichen<br \/>\nZug\u00e4ngen. Unter anderem ver\u00f6ffentlichte sie gemeinsam mit Michael Schmid zwei Jugendb\u00fccher, die sich mit Problemen von Jugendlichen auseinandersetzen.<\/p>\n<p>&nbsp;<\/p>\n<p>F\u00fcr \u201eLucky liebt Lucky\u201c erhielt das Autorenduo 2004 den Jugendbuchpreis \u201eLeseossi\u201c.<\/p>\n","protected":false},"excerpt":{"rendered":"<p>Eine spannende, re alistische, mitrei\u00dfende Geschichte um Teenager-Alltag, -Freud und -Leid. Rezension auf lovelybooks.de Margot Fischer widmet sich dem Thema Ern\u00e4hrung mit sehr unterschiedlichen Zug\u00e4ngen. Unter anderem ver\u00f6ffentlichte sie gemeinsam mit Michael Schmid zwei Jugendb\u00fccher, die sich mit Problemen von &hellip; <a href=\"https:\/\/margot-fischer.net\/?page_id=12\">Weiterlesen <span class=\"meta-nav\">&rarr;<\/span><\/a><\/p>\n","protected":false},"author":1,"featured_media":13,"parent":89,"menu_order":0,"comment_status":"closed","ping_status":"open","template":"","meta":[],"_links":{"self":[{"href":"https:\/\/margot-fischer.net\/index.php?rest_route=\/wp\/v2\/pages\/12"}],"collection":[{"href":"https:\/\/margot-fischer.net\/index.php?rest_route=\/wp\/v2\/pages"}],"about":[{"href":"https:\/\/margot-fischer.net\/index.php?rest_route=\/wp\/v2\/types\/page"}],"author":[{"embeddable":true,"href":"https:\/\/margot-fischer.net\/index.php?rest_route=\/wp\/v2\/users\/1"}],"replies":[{"embeddable":true,"href":"https:\/\/margot-fischer.net\/index.php?rest_route=%2Fwp%2Fv2%2Fcomments&post=12"}],"version-history":[{"count":7,"href":"https:\/\/margot-fischer.net\/index.php?rest_route=\/wp\/v2\/pages\/12\/revisions"}],"predecessor-version":[{"id":987,"href":"https:\/\/margot-fischer.net\/index.php?rest_route=\/wp\/v2\/pages\/12\/revisions\/987"}],"up":[{"embeddable":true,"href":"https:\/\/margot-fischer.net\/index.php?rest_route=\/wp\/v2\/pages\/89"}],"wp:featuredmedia":[{"embeddable":true,"href":"https:\/\/margot-fischer.net\/index.php?rest_route=\/wp\/v2\/media\/13"}],"wp:attachment":[{"href":"https:\/\/margot-fischer.net\/index.php?rest_route=%2Fwp%2Fv2%2Fmedia&parent=12"}],"curies":[{"name":"wp","href":"https:\/\/api.w.org\/{rel}","templated":true}]}}