{"id":1226,"date":"2018-03-31T11:13:56","date_gmt":"2018-03-31T09:13:56","guid":{"rendered":"http:\/\/margot-fischer.net\/?page_id=1226"},"modified":"2018-03-31T11:13:56","modified_gmt":"2018-03-31T09:13:56","slug":"weichsel-weiterfuehrende-literatur","status":"publish","type":"page","link":"https:\/\/margot-fischer.net\/?page_id=1226","title":{"rendered":"Weichsel weiterf\u00fchrende Literatur"},"content":{"rendered":"<p><a href=\"http:\/\/margot-fischer.net\/wp-content\/uploads\/2018\/03\/Weichsel.jpg\"><img decoding=\"async\" loading=\"lazy\" class=\"  wp-image-1222 alignleft\" src=\"http:\/\/margot-fischer.net\/wp-content\/uploads\/2018\/03\/Weichsel-174x300.jpg\" alt=\"Weichsel\" width=\"172\" height=\"289\" \/><\/a><strong><span style=\"color: #993366;\">Interessierte finden hier eine Auswahl an weiterf\u00fchrender Literatur zum Thema <\/span><\/strong><\/p>\n<p>Abid S, et al.: <em>Immunomodulatory studies of a bioactive fraction from the fruit of Prunus cerasus in BALB\/c mice.<\/em> Int Immunopharmacol 2012;12:626.<\/p>\n<p>&nbsp;<\/p>\n<p>Adamson M W: <em>Food in medieval times<\/em>. Greenwood Publishing Group 2004.<\/p>\n<p>&nbsp;<\/p>\n<p>AFC: <em>Use of Plants by Children<\/em>. Journal of American Folklore 1901 132.<\/p>\n<p>&nbsp;<\/p>\n<p>Ahmad I, et al.: <em>A review on sour cherry (Prunus cerasus): A high value Unani medicinal fruit<\/em>. International Journal of Green Pharmacy<em> (IJGP)2017;11<\/em>(1):1.<\/p>\n<p>&nbsp;<\/p>\n<p>Ahmed S, et al.: <em>Urolithiasis management and treatment: Exploring historical vistas of Greco-arabic contribution. <\/em>Journal of Pharmacognosy and Phytochemistry 2016;5(5):167.<\/p>\n<p>&nbsp;<\/p>\n<p>Ashassi-Sorkhabi H, et al.: <em>The inhibition of steel corrosion in hydrochloric acid solution by juice of Prunus cerasus.<\/em> Int J Electrochem Sci 2006;(1):92.<\/p>\n<p>&nbsp;<\/p>\n<p>Baharvand-Ahmadi B, et al.: <em>Overview of medicinal plants used for cardiovascular system disorders and diseases in ethnobotany of different areas in Iran<\/em>. Journal of HerbMed Pharmacology 2016;5(1):39.<\/p>\n<p>&nbsp;<\/p>\n<p>Bahmani M, et al.: <em>Identification of medicinal plants for the treatment of kidney and urinary stones<\/em>. Journal of renal injury prevention 2016;5(3):129.<\/p>\n<p>&nbsp;<\/p>\n<p>Bak I, et al.: <em>Isolation and Analysis of Bioactive Constituents of Sour Cherry (Prunus cerasus) Seed<\/em><\/p>\n<p><em>Kernel: An Emerging Functional Food<\/em>, Journal of Medicinal Food 2010;13(4):905.<\/p>\n<p>&nbsp;<\/p>\n<p>Basheer M, et al.: <em>Melatonin vs. phytomelatonin: Therapeutic uses with special reference to polycystic ovarian syndrome (PCOS).<\/em> Cogent Biology 2016;2(1):1136257.<\/p>\n<p>&nbsp;<\/p>\n<p><a href=\"https:\/\/de.wikipedia.org\/wiki\/Axel_W._Bauer\">Bauer<\/a> A W: <em>Der \u201eWeichselzopf\u201c in medizinhistorischer Perspektive. Eigenst\u00e4ndige Hautkrankheit oder mythologisches Konstrukt?<\/em> Aktuelle Dermatologie 2004;30(6):218.<\/p>\n<p>&nbsp;<\/p>\n<p>Bell P G, et al.: Montmorency Cherries Reduce the Oxidative Stress and Inflammatory Responses to Repeated Days High-Intensity Stochastic Cycling. Nutrients 2014;6(2):829.<\/p>\n<p>&nbsp;<\/p>\n<p>Bhatia A, et al.: <em>Plica Neuropathica (Polonica) \u2013 A Matter of Faith<\/em>. Int J Sci Stud 2014;2(2):91.<\/p>\n<p>&nbsp;<\/p>\n<p>Birstein V J: <em>On the technology of Central Asian wall paintings: the problem of binding media.<\/em> Studies in conservation 1975;20(1):8.<\/p>\n<p>&nbsp;<\/p>\n<p>Blando F, et al.: <a href=\"http:\/\/www.hindawi.com\/journals\/bmri\/2004\/314938\/abs\/\"><em>Sour cherry (Prunus cerasus L) anthocyanins as ingredients for functional foods.<\/em><\/a> BioMed Research International 2004;5:253.<\/p>\n<p>&nbsp;<\/p>\n<p>Boghian I: <em>The Space of the Romanian Kitchen. Cultural Practices and Significations.<\/em> Cultural Perspectives 2016;21:9.<\/p>\n<p>&nbsp;<\/p>\n<p>Bowtell J. L. et al.: Montmorency cherry juice reduces muscle damage caused by intensive strength exercise. Medicine and Science in Sports and Exercise 2011;43(8):1544.<\/p>\n<p>&nbsp;<\/p>\n<p>Campbell-Culver M. <em>The origin of plants<\/em>. Random House 2014.<\/p>\n<p>&nbsp;<\/p>\n<p>Careme<\/p>\n<p>&nbsp;<\/p>\n<p>C\u00e1sedas G, et al.: <em>Bioactive and functional properties of sour cherry juice (Prunus cerasus).<\/em> Food &amp; Function 2016;7(11):4675.<\/p>\n<p>&nbsp;<\/p>\n<p>Chandra M, et al.: <em>Characterization of Pit Oil from Montmorency Cherry (Prunus<\/em><\/p>\n<p><em>cerasus L.).<\/em> Journal of Agricultural and Chemistry 1993;41:879.<\/p>\n<p>&nbsp;<\/p>\n<p>Chevalier, A: <em>Encyclopedia of Herbal Medicine<\/em>. Dorling Kindersley Ltd. 2016.<\/p>\n<p>&nbsp;<\/p>\n<p>Dalby A: <em>Food in the Ancient World from A to Z<\/em>. Psychology Press 2003.<\/p>\n<p>&nbsp;<\/p>\n<p>Davis K. <em>Tart cherry juice consumption reduces blood pressure in older adults<\/em>. University of Delaware, 2016.<\/p>\n<p>&nbsp;<\/p>\n<p>De Clercq W, et al.: <em>Living in times of war: waste of c. 1600 from two garderobe chutes in the castle of Middelburg-in-Flanders (Belgium).<\/em> Post-medieval Archaeology 2007;41(1):1.<\/p>\n<p>&nbsp;<\/p>\n<p>Demird\u00f6ven A, et al.: <em>Inhibitory effects of red cabbage and sour cherry pomace anthocyanin ectracts on food borne pathogens and their antioxidant properties.<\/em> LWT \u2013 Food Science and Technology 2015;63(1):8.<\/p>\n<p>&nbsp;<\/p>\n<p>Diehl J F: <em>Chemie in Lebensmitteln: R\u00fcckst\u00e4nde, Verunreinigungen, Inhalts- und Zusatzstoffe<\/em>. John Wiley &amp; Sons 2012.<\/p>\n<p>&nbsp;<\/p>\n<p>Drobnik J, et al.: <em>Timeline and bibliography of early isolations of plant metabolites (1770\u20131820) and their impact to pharmacy: A critical study.<\/em> Fitoterapia 2016;115:155.<\/p>\n<p>&nbsp;<\/p>\n<p>Egea T, et al.: Traditional alcoholic beverages and their value in the local culture of the Alta Valle del Reno, a mountain borderland between Tuscany and Emilia-Romagna (Italy). Journal of ethnobiology and ethnomedicine 2016;12(1):27.<\/p>\n<p>&nbsp;<\/p>\n<p>Escoffier<\/p>\n<p>&nbsp;<\/p>\n<p>Essert S, et al.: <em>Plant remains and amphorae from the Roman harbour under Flacius Street in Pula (Istria, Croatia).<\/em> Archaeological and Anthropological Sciences 2016:1.<\/p>\n<p>&nbsp;<\/p>\n<p>Forrester K D. <em>The effects of super-fruits including Montmorency tart cherries and pomegranate on the human body: A literature review<\/em>. <em>Senior Honors Theses<\/em> 2016:501.<\/p>\n<p>&nbsp;<\/p>\n<p>Quero-G J, et al. (Hg.) <em>Cherries: Botany, Production and Uses<\/em>. CABI, 2017.<\/p>\n<p>&nbsp;<\/p>\n<p>Garofuli\u0107 I, et al.: Retention of polyphenols in encapsulated sour cherry juice in dependence of drying temperature and wall material. LWT-Food Science and Technology 2017;83:110.<\/p>\n<p>&nbsp;<\/p>\n<p>Gass A: <em>Das<\/em> <em>Siebenstromland zwischen Bronze-und Fr\u00fcheisenzeit: eine Regionalstudie<\/em>. Walter de Gruyter 2016.<\/p>\n<p>&nbsp;<\/p>\n<p>Graum\u00fcller J C F: <em>Handbuch der pharmaceutisch-medicinischen Botanik: zum Selbstunterricht f\u00fcr angehende Aerzte, Veterin\u00e4r-Aerzte, Apotheker, Droguisten usw<\/em>. Bd. 3. Sch\u00f6ne 1815.<\/p>\n<p>&nbsp;<\/p>\n<p>G\u00f6tz G, Silbereisen R: <em>Obstsorten Atlas<\/em>. Stuttgart 1989.<\/p>\n<p>&nbsp;<\/p>\n<p>Haddad J, et al.: Measurement of Antioxidant Activity and Antioxidant Compounds under Versatile Extraction Conditions: II. The Immuno-Biochemical Antioxidant Properties of Black Sour Cherry (Prunus cerasus) Extracts&#8220;. Antiinflamm Antiallergy Agents Med Chem 2013;12(3):229.<\/p>\n<p>&nbsp;<\/p>\n<p>Haerk\u00f6tter G, et al.: <em>Das Geheimnis der B\u00e4ume: Sagen, Geschichte, Beschreibungen<\/em>. Anaconda Verlag 2016.<\/p>\n<p>&nbsp;<\/p>\n<p>Hahn A: <em>Dem Leiden begegnen<\/em>. In: Halmen R M et al. (Hg.): <em>Gestalt in Aktion<\/em>. Schibri Verlag 1997.<\/p>\n<p>&nbsp;<\/p>\n<p>&nbsp;<\/p>\n<p>Haidari F, et al.: <em>Inhibitory Effect of Tart Cherry (Prunus cerasus) Juice on Xanthine Oxidoreductase Activity and ist Hypouricemic\u00a0 and Antioxidant Effects on Rats<\/em>. Mal J Nutr2009;15(1):53.<\/p>\n<p>&nbsp;<\/p>\n<p>Hanbali L, et al.: The Antimicrobial Activity of Red Sour Cherry (Prunus cerasus L.) Extracts: II. Measurement of Sensitivity and Attenuation of Gram-Positive and Gram-Negative Bacteria and C. albicans in Culture. Current Nutrition &amp; Food Science 2013;9(3):217.<\/p>\n<p>Hand W D: Magical Medicine: The Folkloric Component of Medicine in the Folk Belief, Custm, and Ritual of the Peoples of Europe and Amerika. University of Califonia Press 1980.<\/p>\n<p>&nbsp;<\/p>\n<p>Hanelt P: Mansfeld\u00b4s Encyclopedia of Agricutlural and Horticultural Crops. Springer Science &amp; Business Media 2001.<\/p>\n<p>&nbsp;<\/p>\n<p>Hatfield G: <em>Encyclopedia of folk medicine: old world and new world traditions<\/em>. ABC-CLIO 2004.<\/p>\n<p>&nbsp;<\/p>\n<p>&nbsp;<\/p>\n<p>Hosseni S A, et al.: <em>Role of Nutrition in Epigenetic Modulation as a Preventive and Therapeutic Approach for Cancer<\/em>. International Journal of Pharmaceutical Research &amp; Allied Sciences 2016;5(2).<\/p>\n<p>&nbsp;<\/p>\n<p>Howatson G, et al.: Effect of tart cherry juice (Prunus cerasus) on melatonin levels and enhanced sleep quality. Eur J Nutr 2013;51:909.<\/p>\n<p>&nbsp;<\/p>\n<p>Hughes R E: <em>Agricultural Development and Dietary Change in Switzerland from the Hallstatt (800 BCE) to the Rise of the Carolingian Dynasty (754 CE).<\/em> Diss. State University of New York at Buffalo 2016.<\/p>\n<p>&nbsp;<\/p>\n<p>Isin M: <em>Sherbet and Spice: The Complete Story of Turkish Sweets and Desserts<\/em>. IB Tauris 2013.<\/p>\n<p>&nbsp;<\/p>\n<p>Islam A, et al. <em>Alzheimer&#8217;s Disease and Natural Products: Future Regimens Emerging from Nature<\/em>. Current topics in medicinal chemistry 2017;17(12):1408.<\/p>\n<p>&nbsp;<\/p>\n<p>Issaad F Z, et al.: <em>Flavonoids in Selected Mediterranean Fruits: Extraction, Electrochemical Detection and Total Antioxidant Capacity Evaluation.<\/em> Electroanalysis 2017;29(2):358.<\/p>\n<p>&nbsp;<\/p>\n<p>Jacomet S, et al.: <em>Geschichte der Flora in der Regio Basiliensis seit 7500 Jahren: Ergebnisse von Untersuchungen pflanzlicher Makroreste aus arch\u00e4ologischen Ausgrabungen<\/em>. Mitteilungen der Naturforschungen beider Basel II 2009:27.<\/p>\n<p>&nbsp;<\/p>\n<p>Janick J: The Origins of Fruits, Fruit Growing, and Fruit Breeding. Plant Breeding Rev 2005;25:255.<\/p>\n<p>&nbsp;<\/p>\n<p>Jones C C: <em>A year of Russian feasts<\/em>. Random House 2013.<\/p>\n<p>&nbsp;<\/p>\n<p>Kalantari H, et al.: <em>The Effect of Prunus cerasus (Sour Cherry) Kernel Seed Extract on QT Interval of Heart and its Histopathology in Biliary Cirrhosis Induced by Bile Duct Ligation in Rats<\/em>. Jundishapur J Nat Pharm Prod 2015;10(4).<\/p>\n<p>&nbsp;<\/p>\n<p>Karg S, et al.: <em>Pflanzliche Makroreste als Informationsquelle zur Ern\u00e4hrungsgeschichte des Mittelalters in der Schweiz und S\u00fcddeutschland<\/em>. Methoden und Perspektiven der Arch\u00e4ologie des Mittelalters. Arch Mus 1991;20:121.<\/p>\n<p>&nbsp;<\/p>\n<p>Katz S E: <em>Wild fermentation: The flavor, nutrition, and craft of live-culture foods<\/em>. Chelsea Green Publishing 2016.<\/p>\n<p>&nbsp;<\/p>\n<p>Keane K, et al.: <em>Phytochemical uptake following human consumption of Montmorency tart cherry (Prunus cerasus) and influence of phenolic acids on vascular smooth muscle cells in vitro<\/em>. European journal of nutrition 2016;55(4):1695.<\/p>\n<p>&nbsp;<\/p>\n<p>Kempff M: <em>Kehraus f\u00fcr eine Leiche: Ein Eifel-Krimi<\/em>. Vol. 3. Piper Verlag, 2011.<\/p>\n<p>&nbsp;<\/p>\n<p>Kim D-O, et al.: <em>Sweet and sour cherry phenolics and their protective effects on neuronal cells.<\/em> Journal of Agricultural and Food Chemistry 2005;53(26):9921.<\/p>\n<p>&nbsp;<\/p>\n<p>Kirakosyan A, et al.: <em>The nature of the synergistic actions between medicinally active constituents in sour cherry (Prunus cerasus L).<\/em> Planta Medica<em> 2008;74<\/em>(9):SL89.<\/p>\n<p>&nbsp;<\/p>\n<p>Kirakosyan A, et al.: <em>Chemical profile and antioxidant capacities of tart cherry products<\/em>. Food Chemistry 2009;115(1):20.<\/p>\n<p>&nbsp;<\/p>\n<p>Kolosova V: Zur Darstellung und Symbolik des Gartens in der slawischen Folklore. Die Gartenkunst 2013;25:205.<\/p>\n<p>&nbsp;<\/p>\n<p>Lampe I, et al.: <em>DLR Rheinpfalz<\/em> &#8211; <em>Die Inhaltsstoffe der Sauerkirschen (Prunus cerasus L.)<\/em>. Fachgruppe Obstbau im Bundesausschuss Obst und Gem\u00fcse. Neustadt an der Weinstra\u00dfe, Berlin 2006.<\/p>\n<p>&nbsp;<\/p>\n<p>Makbul S, et al.: Scientific appraisal of urolithiasis and its remedial measures in Unani medicine. Journal of Herbal Medicine 2017(8):1.<\/p>\n<p>&nbsp;<\/p>\n<p>Meng X, et al.: Dietary Sources and Bioactivities of Melatonin. Nutrients 2017;9(4):367.<\/p>\n<p>&nbsp;<\/p>\n<p>Murray M T, Pizzorno J: The Encyclopedia of Healing Foods. Simon and Schuster 2010.<\/p>\n<p>&nbsp;<\/p>\n<p>Nagarajan G, et al.: <em>Flavonoids of Prunus cerasus<\/em>. Planta Med 1977;32(1):50.<\/p>\n<p>&nbsp;<\/p>\n<p>Neuweiler E: <em>Pflanzenreste aus der r\u00f6mischen Niederlassung Vindonissa<\/em>. Vierteljahresschrift der Naturf. Ges. Z\u00fcrich 1908;53:26.<\/p>\n<p>&nbsp;<\/p>\n<p>Nussinovitch A: <em>Plant gum exudates of the world: sources, distribution, properties, and applications<\/em>. CRC Press, 2009.<\/p>\n<p>&nbsp;<\/p>\n<p>Nyssen B, et al.: <em>The history of introduced tree species in Europe in a nutshell<\/em>. opportunities and challenges 2016: 44.<\/p>\n<p>&nbsp;<\/p>\n<p>Ob\u00f3n C, et al.: <em>Beverage and culture. \u203aZhourat\u2039, a multivariate analysis of the globalization of a herbal tea from the Middle East<\/em><em>.<\/em> Appetite 2014;79:1.<\/p>\n<p>&nbsp;<\/p>\n<p>Owen L L: <em>Casualty of War: A Childhood Remembered<\/em>. Texas A&amp;M University Press 2002.<\/p>\n<p>&nbsp;<\/p>\n<p>Palmatier R A: <em>Food: A dictionary of literal and nonliteral terms<\/em>. Greenwood Publishing Group 2000.<\/p>\n<p>&nbsp;<\/p>\n<p>Park H J, et al.: <em>Amygdalin inhibits genes related to cell cycle in SNU-C4 human colon cancer cells<\/em>. <em>World J Gastroenterol 2005;<\/em>11(33):5156.<\/p>\n<p>&nbsp;<\/p>\n<p>Peters J, et al.: <em>Gr\u00fcn im Dorf: Bauerng\u00e4rten und Dorfpl\u00e4tze in Brandenburg<\/em>. Nordbahn 2006.<\/p>\n<p>&nbsp;<\/p>\n<p>Pigeon W R, et al.: Effects of a tart cherry juice beverage on the sleep of older adults with insomnia: a pilot study. Journal of medicinal food 2010;13(3):579.<\/p>\n<p>&nbsp;<\/p>\n<p>Prato K: <em>Die s\u00fcddeutsche K\u00fcche<\/em>. Leykam Graz 1858.<\/p>\n<p>&nbsp;<\/p>\n<p>R\u00e4tsch C, et al.: <em>Pagan Christmas: The Plants, Spirits, and Rituals at the Origins of Yuletide<\/em>. Simon and Schuster 2006.<\/p>\n<p>&nbsp;<\/p>\n<p>&nbsp;<\/p>\n<p>Rouhi-Boroujeni H, et al.: Hypolipidemic Herbals with Diuretic Effects: A Systematic Review. IIOABJ 2017;8(Suppl.2):21.<\/p>\n<p>&nbsp;<\/p>\n<p>Rechner A: <em>Einfluss der Verarbeitungstechnik auf die Polyphenole und antioxidative Kapazit\u00e4t von Beerenobsts\u00e4ften.<\/em> Diss. Universit\u00e4t Giessen, 2000.<\/p>\n<p>&nbsp;<\/p>\n<p>Saint-Ange Madame E: <em>La Bonne Cuisine<\/em>. 1927.<\/p>\n<p>&nbsp;<\/p>\n<p>Saleh F, et al. Hypoglycemic effects of Prunus cerasus L. pulp and seed extracts on Alloxan-Induced Diabetic Mice with histopathological evaluation. Biomedicine &amp; Pharmacotherapy 2017;88: 870.<\/p>\n<p>&nbsp;<\/p>\n<p>Sallares R: <em>The ecology of the ancient Greek world<\/em>. Cornell University Press 1991.<\/p>\n<p>&nbsp;<\/p>\n<p>Santiago-Lopez L, et al.: <em>Potential Use of Food Protein-Derived Peptides in the Treatment of Inflammatory Diseases. <\/em>Protein and peptide letters 2017;24(2):137.<\/p>\n<p>&nbsp;<\/p>\n<p>Selby-Pham S, et al.: <em>Physicochemical properties of dietary phytochemicals can predict their passive absorption in the human small intestine<\/em>. Scientific Reports 2017;7(1):1931.<\/p>\n<p>&nbsp;<\/p>\n<p>Senica M, et al.: <em>Transition of phenolics and cyanogenic glycosides from apricot and cherry fruit kernels into liqueur<\/em>. Food Chemistry 2016;203:483.<\/p>\n<p>&nbsp;<\/p>\n<p>Sichtermann B: <em>\u203aNein, nein, will nicht!\u2039: Was tun, wenn Kinder trotzen?<\/em> Rowohlt Verlag 2017.<\/p>\n<p>&nbsp;<\/p>\n<p>Siedentopp U: <em>Ern\u00e4hrung bei Adipositas und metabolischem Syndrom aus Sicht der TCM<\/em>. Zeitschrift f\u00fcr Komplement\u00e4rmedizin 2009;1(3):28.<\/p>\n<p>&nbsp;<\/p>\n<p>Svanberg I, et al.: <em>Uses of tree saps in northern and eastern parts of Europe<\/em>. Acta Societatis Botanicorum Poloniae 2012;81(4):343.<\/p>\n<p>&nbsp;<\/p>\n<p>Szafra\u0144ska K, et al.: <em>Melatonin improves the photosynthetic apparatus in pea leaves stressed by paraquat via chlorophyll breakdown regulation and its accelerated de novo synthesis<\/em>. Frontiers in plant science 2017;8:878.<\/p>\n<p>&nbsp;<\/p>\n<p>Tavaud M, et al.: Genetic relationships between diploide and allotetraploid cherry species. Heredity 2004;93:631.<\/p>\n<p>&nbsp;<\/p>\n<p>Theophrast von Eresos: <em>Enquiry into plants and minor works on odours and weather signs.<\/em> With an English translation by Sir Arthur Hort. W. Heinemann, London 1916.<\/p>\n<p>&nbsp;<\/p>\n<p>Turrini E, et al: <em>Possible Effects of Dietary Anthocyanins on Diabetes and Insulin Resistance<\/em>. Current drug targets 2017;18(6): 629.<\/p>\n<p>&nbsp;<\/p>\n<p>Vansofla F N, et al.: <em>Impact of Prunus cerasus on PGR and HAS2 in Cumulus Cells and Fertility Outcome.<\/em> Adv Pharm Bulletin 2016;<em>6<\/em>(1),65.<\/p>\n<p>&nbsp;<\/p>\n<p>Vetter J: <em>Plant Cyanogenic Glycosides<\/em>. Plant Toxins 2017:287.<\/p>\n<p>&nbsp;<\/p>\n<p>Warda H D: <em>Das gro\u00dfe Buch der Garten- und Landschaftsgeh\u00f6lze<\/em>. Prull 2001.<\/p>\n<p>&nbsp;<\/p>\n<p>von Wetzhausen, Christian Truchse\u00df: <em>Systematische Beschreibung und Classification der Kirschensorten.<\/em> Cotta 1819.<\/p>\n<p>&nbsp;<\/p>\n<p>Welser, K:<\/p>\n<p>Welser, S:<\/p>\n<p>&nbsp;<\/p>\n<h1>Windisch K: <em>\u00dcber den Nachweis von Kirschsaft in anderen Fruchts\u00e4ften, insbesondere im Himbeersaft, sowie von Kirschwein im Rothwein<\/em>. 1901;4:817.<\/h1>\n<p>&nbsp;<\/p>\n<p>Wolf F, et al.: Trichoma (Plica polonica) \u2013 a contemporary case with a historical disease. Neuropsychiatr 2008;22(2):124.<\/p>\n<p>&nbsp;<\/p>\n<p>Yarnell E. <em>Herbs for Gout<\/em>. Alternative and Complementary Therapies 2016;22(5):218.<\/p>\n<p>&nbsp;<\/p>\n<p>Yagodin V N, et al.: <em>Karakalpak-Australian Excavations in Ancient Chorasmia. An Interim Report on the Kazakly-yatkan Wall Paintings: the \u203aPortrait\u2039 Gallery<\/em>. Journal of Inner Asian Art and Archaeology 2009;4: 7.<\/p>\n<p>&nbsp;<\/p>\n<p>Zhao Y, et al.: Melatonin and its potential biological functions in the fruits of sweet cherry. Journal of Pineal Research 2013;55(1):79.<\/p>\n<p>&nbsp;<\/p>\n<p>Zohary D, et al.: <em>Domestication of Plants in the Old World: The origin and spread of domesticated plants in Southwest Asia, Europe, and the Mediterranean Basin<\/em>. Oxford University Press on Demand, 2012.<\/p>\n<p>&nbsp;<\/p>\n<p>Zwintzscher M: <em>Kirschenz\u00fcchtung: Eine historische \u00dcbersicht.<\/em> Die Gartenbauwissenschaft 1960;25(7)3\/4:151.<\/p>\n<p>&nbsp;<\/p>\n<p>&nbsp;<\/p>\n<p><a href=\"https:\/\/www.researchgate.net\">https:\/\/www.researchgate.net<\/a><\/p>\n<p><a href=\"http:\/\/www.hortipendium.de\/Inhaltsstoffe_Sauerkirsche\">http:\/\/www.hortipendium.de\/Inhaltsstoffe_Sauerkirsche<\/a><\/p>\n<p><a href=\"https:\/\/www.drugs.com\/npp\/sour-cherry.html\">https:\/\/www.drugs.com\/npp\/sour-cherry.html<\/a><\/p>\n<p>Historische Volltexte<\/p>\n<p><a href=\"https:\/\/archive.org\">https:\/\/archive.org<\/a><\/p>\n<p><a href=\"http:\/\/www.gutenberg.org\">www.gutenberg.org<\/a><\/p>\n<p><a href=\"http:\/\/reader.digitale-sammlungen.de\/\">http:\/\/reader.digitale-sammlungen.de\/<\/a><\/p>\n<p>&nbsp;<\/p>\n","protected":false},"excerpt":{"rendered":"<p>Interessierte finden hier eine Auswahl an weiterf\u00fchrender Literatur zum Thema Abid S, et al.: Immunomodulatory studies of a bioactive fraction from the fruit of Prunus cerasus in BALB\/c mice. Int Immunopharmacol 2012;12:626. &nbsp; Adamson M W: Food in medieval times. &hellip; <a href=\"https:\/\/margot-fischer.net\/?page_id=1226\">Weiterlesen <span class=\"meta-nav\">&rarr;<\/span><\/a><\/p>\n","protected":false},"author":1,"featured_media":0,"parent":1221,"menu_order":0,"comment_status":"open","ping_status":"open","template":"","meta":[],"_links":{"self":[{"href":"https:\/\/margot-fischer.net\/index.php?rest_route=\/wp\/v2\/pages\/1226"}],"collection":[{"href":"https:\/\/margot-fischer.net\/index.php?rest_route=\/wp\/v2\/pages"}],"about":[{"href":"https:\/\/margot-fischer.net\/index.php?rest_route=\/wp\/v2\/types\/page"}],"author":[{"embeddable":true,"href":"https:\/\/margot-fischer.net\/index.php?rest_route=\/wp\/v2\/users\/1"}],"replies":[{"embeddable":true,"href":"https:\/\/margot-fischer.net\/index.php?rest_route=%2Fwp%2Fv2%2Fcomments&post=1226"}],"version-history":[{"count":2,"href":"https:\/\/margot-fischer.net\/index.php?rest_route=\/wp\/v2\/pages\/1226\/revisions"}],"predecessor-version":[{"id":1228,"href":"https:\/\/margot-fischer.net\/index.php?rest_route=\/wp\/v2\/pages\/1226\/revisions\/1228"}],"up":[{"embeddable":true,"href":"https:\/\/margot-fischer.net\/index.php?rest_route=\/wp\/v2\/pages\/1221"}],"wp:attachment":[{"href":"https:\/\/margot-fischer.net\/index.php?rest_route=%2Fwp%2Fv2%2Fmedia&parent=1226"}],"curies":[{"name":"wp","href":"https:\/\/api.w.org\/{rel}","templated":true}]}}