{"id":1271,"date":"2019-04-28T17:48:30","date_gmt":"2019-04-28T15:48:30","guid":{"rendered":"http:\/\/margot-fischer.net\/?page_id=1271"},"modified":"2019-04-28T18:38:48","modified_gmt":"2019-04-28T16:38:48","slug":"rhabarber","status":"publish","type":"page","link":"https:\/\/margot-fischer.net\/?page_id=1271","title":{"rendered":"Rhabarber"},"content":{"rendered":"\n<figure class=\"wp-block-image is-resized\"><img decoding=\"async\" loading=\"lazy\" src=\"http:\/\/margot-fischer.net\/wp-content\/uploads\/2019\/04\/Rhabarber-593x1024.jpg\" alt=\"\" class=\"wp-image-1272\" width=\"584\" height=\"1008\" srcset=\"https:\/\/margot-fischer.net\/wp-content\/uploads\/2019\/04\/Rhabarber-593x1024.jpg 593w, https:\/\/margot-fischer.net\/wp-content\/uploads\/2019\/04\/Rhabarber-174x300.jpg 174w, https:\/\/margot-fischer.net\/wp-content\/uploads\/2019\/04\/Rhabarber-768x1325.jpg 768w, https:\/\/margot-fischer.net\/wp-content\/uploads\/2019\/04\/Rhabarber.jpg 890w\" sizes=\"(max-width: 584px) 100vw, 584px\" \/><\/figure>\n\n\n\n<h2>Rhabarber war als begehrtes Arzneimittel einst teurer als Opium. <\/h2>\n\n\n\n<p><\/p>\n\n\n\n<p>Bei Feinschmeckern waren die Bl\u00fcten besonders beliebt. Dieses Buch zeigt, welche Wertsch\u00e4tzung der Rhabarber genoss und dass er weit mehr kann, als zu matschigem Kompott verkocht zu werden. Spannende Rezepte f\u00fcr Pikantes und S\u00fc\u00dfes verlocken zum Experimentieren.<\/p>\n","protected":false},"excerpt":{"rendered":"<p>Rhabarber war als begehrtes Arzneimittel einst teurer als Opium. Bei Feinschmeckern waren die Bl\u00fcten besonders beliebt. Dieses Buch zeigt, welche Wertsch\u00e4tzung der Rhabarber genoss und dass er weit mehr kann, als zu matschigem Kompott verkocht zu werden. Spannende Rezepte f\u00fcr &hellip; <a href=\"https:\/\/margot-fischer.net\/?page_id=1271\">Weiterlesen <span class=\"meta-nav\">&rarr;<\/span><\/a><\/p>\n","protected":false},"author":1,"featured_media":0,"parent":87,"menu_order":0,"comment_status":"closed","ping_status":"closed","template":"","meta":[],"_links":{"self":[{"href":"https:\/\/margot-fischer.net\/index.php?rest_route=\/wp\/v2\/pages\/1271"}],"collection":[{"href":"https:\/\/margot-fischer.net\/index.php?rest_route=\/wp\/v2\/pages"}],"about":[{"href":"https:\/\/margot-fischer.net\/index.php?rest_route=\/wp\/v2\/types\/page"}],"author":[{"embeddable":true,"href":"https:\/\/margot-fischer.net\/index.php?rest_route=\/wp\/v2\/users\/1"}],"replies":[{"embeddable":true,"href":"https:\/\/margot-fischer.net\/index.php?rest_route=%2Fwp%2Fv2%2Fcomments&post=1271"}],"version-history":[{"count":2,"href":"https:\/\/margot-fischer.net\/index.php?rest_route=\/wp\/v2\/pages\/1271\/revisions"}],"predecessor-version":[{"id":1283,"href":"https:\/\/margot-fischer.net\/index.php?rest_route=\/wp\/v2\/pages\/1271\/revisions\/1283"}],"up":[{"embeddable":true,"href":"https:\/\/margot-fischer.net\/index.php?rest_route=\/wp\/v2\/pages\/87"}],"wp:attachment":[{"href":"https:\/\/margot-fischer.net\/index.php?rest_route=%2Fwp%2Fv2%2Fmedia&parent=1271"}],"curies":[{"name":"wp","href":"https:\/\/api.w.org\/{rel}","templated":true}]}}