{"id":1304,"date":"2020-03-01T23:57:11","date_gmt":"2020-03-01T21:57:11","guid":{"rendered":"http:\/\/margot-fischer.net\/?page_id=1304"},"modified":"2021-09-19T12:43:22","modified_gmt":"2021-09-19T10:43:22","slug":"johannisbeere","status":"publish","type":"page","link":"https:\/\/margot-fischer.net\/?page_id=1304","title":{"rendered":"Johannisbeere"},"content":{"rendered":"\n<div class=\"is-layout-flow wp-block-group\"><div class=\"wp-block-group__inner-container\">\n<figure class=\"wp-block-image\"><img decoding=\"async\" loading=\"lazy\" width=\"174\" height=\"300\" src=\"http:\/\/margot-fischer.net\/wp-content\/uploads\/2020\/03\/Johannisbeere-174x300.jpg\" alt=\"\" class=\"wp-image-1305\" srcset=\"https:\/\/margot-fischer.net\/wp-content\/uploads\/2020\/03\/Johannisbeere-174x300.jpg 174w, https:\/\/margot-fischer.net\/wp-content\/uploads\/2020\/03\/Johannisbeere-768x1325.jpg 768w, https:\/\/margot-fischer.net\/wp-content\/uploads\/2020\/03\/Johannisbeere-594x1024.jpg 594w, https:\/\/margot-fischer.net\/wp-content\/uploads\/2020\/03\/Johannisbeere.jpg 890w\" sizes=\"(max-width: 174px) 100vw, 174px\" \/><\/figure>\n\n\n\n<p><\/p>\n<\/div><\/div>\n\n\n\n<h2>Wissen Sie, warum der Anbau von Johannisbeeren in einigen Staaten der  USA bis heute verboten ist und wie man aus den Fr\u00fcchten ausgesprochen s\u00fcffigen Diesel zubereiten kann? <\/h2>\n\n\n\n<h2>Ich l\u00fcfte zahlreiche  Geheimnisse \u2013 auch das von Chanel No 5. <\/h2>\n\n\n\n<p><\/p>\n\n\n\n<h2><span style=\"color:#5c1156\" class=\"has-inline-color\">Eine Auswahl weiterf\u00fchrender Literatur<\/span><span style=\"color:#4b074d\" class=\"has-inline-color\"><\/span><\/h2>\n\n\n\n<p><\/p>\n\n\n\n<p>Acton, Eliza (1860): Modern Cookery for Private Families. London: Longman, Green, Longman, and Roberts.<\/p>\n\n\n\n<p>Ahrends, Johannes (2013). Volkst\u00fcmliche Namen der Arzneimittel, Drogen Heilkr\u00e4uter und Chemikalien. Eine Sammlung der im Volksmund gebr\u00e4uchlichen Benennungen und Handelsbezeichnungen. Berlin, Heidelberg: Springer Berlin Heidelberg.<\/p>\n\n\n\n<p>Akhavan, Arash; Rudikoff, Donald (2008): Atopic dermatitis: systemic immunosuppressive therapy. In: <em>Seminars in cutaneous medicine and surgery <\/em>27 (2), S. 151\u2013155. DOI: 10.1016\/j.sder.2008.04.004.<\/p>\n\n\n\n<p>Alexander, Courtney (2007): Berries as Symbols and in Folklore. In: <em>The New York Berry News <\/em>(1), S. 1\u20134.<\/p>\n\n\n\n<p>Alt, Frederick W; Austen, K Frank; Honjo, Tasuku; Melchers, Fritz; Uhr, Jonathan W (Hg.) (2007): Advances in Immunology: Elsevier (Advances in Immunology).<\/p>\n\n\n\n<p>Avallone, Rossella; Vitale, Giovanni; Bertolotti, Marco (2019): Omega-3 Fatty Acids and Neurodegenerative Diseases: New Evidence in Clinical Trials. In: <em>International journal of molecular sciences <\/em>20 (17). DOI: 10.3390\/ijms20174256.<\/p>\n\n\n\n<p>Burne, Charlotte Sophia; Gomme, George Laurence (1914): The Handbook of Folklore. London: Sidgwick &amp;&nbsp;Jackson LTD.<\/p>\n\n\n\n<p>Chung, S. Y.; Moriyama, T.; Uezu, E.; Uezu, K.; Hirata, R.; Yohena, N. et al. (1995): Administration of phosphatidylcholine increases brain acetylcholine concentration and improves memory in mice with dementia. In: <em>The Journal of nutrition <\/em>125 (6), S. 1484\u20131489. DOI: 10.1093\/jn\/125.6.1484.<\/p>\n\n\n\n<p>Cortez, Regina E.; Gonzalez de Mejia, Elvira (2019): Blackcurrants (Ribes nigrum): A Review on Chemistry, Processing, and Health Benefits. In: <em>Journal of food science <\/em>84 (9), S. 2387\u20132401. DOI: 10.1111\/1750-3841.14781.<\/p>\n\n\n\n<p>Dong, Q; Huo, J; Wei, S; Zhang, Z (2012): Black currant production, breeding ans processing in&nbsp;China. In: <em>Acta horticulturae <\/em>(926), S. 119\u2013122.<\/p>\n\n\n\n<p>Duplais, Pierre (1871): A Treatise on the Manufacture and Destillation of Alcoholic Liquors. Unter Mitarbeit von Marcellus Mc Kennie. Harvard University: H. C. Baird.<\/p>\n\n\n\n<p>D&#8217;Urso, Gilda; Montoro, Paola; Piacente, Sonia (2019): Detection and comparison of phenolic compounds in different extracts of black currant leaves by liquid chromatography coupled with high-resolution ESI-LTQ-Orbitrap MS and high-sensitivity ESI-Qtrap MS. In: <em>Journal of pharmaceutical and biomedical analysis<\/em>, S. 112926. DOI: 10.1016\/j.jpba.2019.112926.<\/p>\n\n\n\n<p>Glasse, Hannah (1747): The Art of Cookery made Plain and Easy. London.<\/p>\n\n\n\n<p>Gopalan, Ashwin; Reuben, Sharon C.; Ahmed, Shamima; Darvesh, Altaf S.; Hohmann, Judit; Bishayee, Anupam (2012): The health benefits of blackcurrants. In: <em>Food &amp; function <\/em>3 (8), S. 795\u2013809. DOI: 10.1039\/c2fo30058c.<\/p>\n\n\n\n<p>Grieve, M.: A modern herbal. Complete volume.<\/p>\n\n\n\n<p>Helbig, Dorit; B\u00f6hm, Volker; Wagner, Andreas; Schubert, Rainer; Jahreis, Gerhard (2008): Berry seed press residues and their valuable ingredients with special regard to black currant seed press residues. In: <em>Food Chemistry <\/em>111 (4), S. 1043\u20131049. DOI: 10.1016\/j.foodchem.2008.05.017.<\/p>\n\n\n\n<p>Horn, Helmut; L\u00fcllmann, Cord (2006): Das grosse Honigbuch. Entstehung, Gewinnung, Gesundheit und Vermarktung. Ver\u00e4nd. Aufl. Stuttgart: Kosmos.<\/p>\n\n\n\n<p>Hung, M. C.; Shibasaki, K.; Yoshida, R.; Sato, M.; Imaizumi, K. (2001): Learning behaviour and cerebral protein kinase C, antioxidant status, lipid composition in senescence-accelerated mouse: influence of a phosphatidylcholine-vitamin B12 diet. In: <em>The British journal of nutrition <\/em>86 (2), S. 163\u2013171. DOI: 10.1079\/BJN2001391.<\/p>\n\n\n\n<p>Ikeda, Hiroaki; Old, Lloyd J.; Schreiber, Robert D. (2002): The roles of IFN\u03b3 in protection against tumor development and cancer immunoediting. In: <em>Cytokine &amp; Growth Factor Reviews <\/em>13 (2), S. 95\u2013109. DOI: 10.1016\/s1359-6101(01)00038-7.<\/p>\n\n\n\n<p>Jung, Kathrin; Fastowski, Oxana; Poplacean, Iulia; Engel, Karl-Heinz (2017): Analysis and Sensory Evaluation of Volatile Constituents of Fresh Blackcurrant (Ribes nigrum L.) Fruits. In: <em>Journal of agricultural and food chemistry <\/em>65 (43), S. 9475\u20139487. DOI: 10.1021\/acs.jafc.7b03778.<\/p>\n\n\n\n<p>Kapasakalidis, Petros G.; Rastall, Robert A.; Gordon, Michael H. (2006): Extraction of polyphenols from processed black currant (Ribes nigrum L.) residues. In: <em>Journal of agricultural and food chemistry <\/em>54 (11), S. 4016\u20134021. DOI: 10.1021\/jf052999l.<\/p>\n\n\n\n<p>Kessler, T.; Jansen, B.; Hesse, A. (2002): Effect of blackcurrant-, cranberry- and plum juice consumption on risk factors associated with kidney stone formation. In: <em>European journal of clinical nutrition <\/em>56 (10), S. 1020\u20131023. DOI: 10.1038\/sj.ejcn.1601442.<\/p>\n\n\n\n<p>Kobelt, Markus: The currant fairy tale.<\/p>\n\n\n\n<p>Ladbury, E. J.; Addy, S. O. (1909): Scraps of English Folklore, III. In: <em>Folklore <\/em>20 (3), S. 342\u2013349. DOI: 10.1080\/0015587X.1909.9719892.<\/p>\n\n\n\n<p>Leventhal, L. J.; Boyce, E. G.; Zurier, R. B. (1994): Treatment of rheumatoid arthritis with blackcurrant seed oil. In: <em>British journal of rheumatology <\/em>33 (9), S. 847\u2013852. DOI: 10.1093\/rheumatology\/33.9.847.<\/p>\n\n\n\n<p>Linnamaa, P.; Savolainen, J.; Koulu, L.; Tuomasjukka, S.; Kallio, H.; Yang, B. et al. (2010): Blackcurrant seed oil for prevention of atopic dermatitis in newborns: a randomized, double-blind, placebo-controlled trial. In: <em>Clinical and experimental allergy : journal of the British Society for Allergy and Clinical Immunology <\/em>40 (8), S. 1247\u20131255. DOI: 10.1111\/j.1365-2222.2010.03540.x.<\/p>\n\n\n\n<p>Linnamaa, Pia; Nieminen, Kaisa; Koulu, Leena; Tuomasjukka, Saska; Kallio, Heikki; Yang, Baoru et al. (2013): Black currant seed oil supplementation of mothers enhances IFN-\u03b3 and suppresses IL-4 production in breast milk. In: <em>Pediatric allergy and immunology : official publication of the European Society of Pediatric Allergy and Immunology <\/em>24 (6), S. 562\u2013566. DOI: 10.1111\/pai.12110.<\/p>\n\n\n\n<p>Mikkonen, T. P.; M\u00e4\u00e4tt\u00e4, K. R.; Hukkanen, A. T.; Kokko, H. I.; T\u00f6rr\u00f6nen, A. R.; K\u00e4renlampi, S. O.; Karjalainen, R. O. (2001): Flavonol content varies among black currant cultivars. In: <em>Journal of agricultural and food chemistry <\/em>49 (7), S. 3274\u20133277. DOI: 10.1021\/jf0010228.<\/p>\n\n\n\n<p>Noli, C.; Carta, G.; Cordeddu, L.; Melis, M. P.; Murru, E.; Banni, S. (2007): Conjugated linoleic acid and black currant seed oil in the treatment of canine atopic dermatitis: a preliminary report. In: <em>Veterinary journal (London, England : 1997) <\/em>173 (2), S. 413\u2013421. DOI: 10.1016\/j.tvjl.2005.12.006.<\/p>\n\n\n\n<p>Ohguro, Hiroshi; Ohguro, Ikuyo; Katai, Maki; Tanaka, Sachie (2012): Two-year randomized, placebo-controlled study of black currant anthocyanins on visual field in glaucoma. In: <em>Ophthalmologica. Journal international d&#8217;ophtalmologie. International journal of ophthalmology. Zeitschrift fur Augenheilkunde <\/em>228 (1), S. 26\u201335. DOI: 10.1159\/000335961.<\/p>\n\n\n\n<p>Ohguro, Hiroshi; Ohguro, Ikuyo; Yagi, Saeko (2013): Effects of black currant anthocyanins on intraocular pressure in healthy volunteers and patients with glaucoma. In: <em>Journal of ocular pharmacology and therapeutics : the official journal of the Association for Ocular Pharmacology and Therapeutics <\/em>29 (1), S. 61\u201367. DOI: 10.1089\/jop.2012.0071.<\/p>\n\n\n\n<p>Patrick, Rhonda P. (2019): Role of phosphatidylcholine-DHA in preventing APOE4-associated Alzheimer&#8217;s disease. In: <em>FASEB journal : official publication of the Federation of American Societies for Experimental Biology <\/em>33 (2), S. 1554\u20131564. DOI: 10.1096\/fj.201801412R.<\/p>\n\n\n\n<p>Piggott, Stuart (1928): Berkshire Mummer\u00b4s Plays and Other Folklore. In: <em>Folklore <\/em>39 (3), S. 271\u2013281.<\/p>\n\n\n\n<p>Qin Dong; Junwei Huo; Sui Wei; Zhuangfei Zhang (2012): BLACK CURRANT PRODUCTION, BREEDING AND PROCESSING IN CHINA. In: <em>Acta horticulturae <\/em>(926), S. 119\u2013122. DOI: 10.17660\/ActaHortic.2012.926.16.<\/p>\n\n\n\n<p>Ralston, W R S (2007): Russian Fairy Tales. A choce collection of Muscovite folk-lore. New York: Hurst &amp; Co. Online verf\u00fcgbar unter EBook #22373.<\/p>\n\n\n\n<p>Ruiz del Castillo, M L; Dobson, G.; Brennan, R.; Gordon, S. (2002): Genotypic variation in fatty acid content of blackcurrant seeds. In: <em>Journal of agricultural and food chemistry <\/em>50 (2), S. 332\u2013335. DOI: 10.1021\/jf010899j.<\/p>\n\n\n\n<p>Schaefer, Ernst J.; Bongard, Vanina; Beiser, Alexa S.; Lamon-Fava, Stefania; Robins, Sander J.; Au, Rhoda et al. (2006): Plasma phosphatidylcholine docosahexaenoic acid content and risk of dementia and Alzheimer disease: the Framingham Heart Study. In: <em>Archives of neurology <\/em>63 (11), S. 1545\u20131550. DOI: 10.1001\/archneur.63.11.1545.<\/p>\n\n\n\n<p>Schneider, Lynda C.; Baz, Zeina; Zarcone, Cassandra; Zurakowski, David (1998): Long-Term Therapy with Recombinant Interferon-Gamma (rIFN-\u03b3) for Atopic Dermatitis. In: <em>Annals of Allergy, Asthma &amp; Immunology <\/em>80 (3), S. 263\u2013268. DOI: 10.1016\/S1081-1206(10)62968-7.<\/p>\n\n\n\n<p>Schoenborn, Jamie R.; Wilson, Christopher B. (2007): Regulation of Interferon\u2010\u03b3 During Innate and Adaptive Immune Responses. In: Frederick W Alt, K Frank Austen, Tasuku Honjo, Fritz Melchers und Jonathan W Uhr (Hg.): Advances in Immunology, Bd.&nbsp;96: Elsevier (Advances in Immunology), S. 41\u2013101.<\/p>\n\n\n\n<p>Schunck, Wolf-Hagen; Konkel, Anne; Fischer, Robert; Weylandt, Karsten-Henrich (2018): Therapeutic potential of omega-3 fatty acid-derived epoxyeicosanoids in cardiovascular and inflammatory diseases. In: <em>Pharmacology &amp; therapeutics <\/em>183, S. 177\u2013204. DOI: 10.1016\/j.pharmthera.2017.10.016.<\/p>\n\n\n\n<p>Simonetto, Marialaura; Infante, Marco; Sacco, Ralph L.; Rundek, Tatjana; Della-Morte, David (2019): A Novel Anti-Inflammatory Role of Omega-3 PUFAs in Prevention and Treatment of Atherosclerosis and Vascular Cognitive Impairment and Dementia. In: <em>Nutrients <\/em>11 (10). DOI: 10.3390\/nu11102279.<\/p>\n\n\n\n<p>Tahvonen, Raija L.; Schwab, Ursula S.; Linderborg, Kaisa M.; Mykk\u00e4nen, Hannu M.; Kallio, Heikki P. (2005): Black currant seed oil and fish oil supplements differ in their effects on fatty acid profiles of plasma lipids, and concentrations of serum total and lipoprotein lipids, plasma glucose and insulin. In: <em>The Journal of nutritional biochemistry <\/em>16 (6), S. 353\u2013359. DOI: 10.1016\/j.jnutbio.2005.01.004.<\/p>\n\n\n\n<p>Thory, C-A (1829): Monographie ou hisoire naturelle du genre grosellier. La description, l\u00b4histoire, la culture et les usages de toutes les groseilles connues. Paris: P. Dufart.<\/p>\n\n\n\n<p>Tian, Ye; Laaksonen, Oskar; Haikonen, Heta; Vanag, Anita; Ejaz, Huma; Linderborg, Kaisa et al. (2019): Compositional Diversity among Blackcurrant (Ribes nigrum) Cultivars Originating from European Countries. In: <em>Journal of agricultural and food chemistry <\/em>67 (19), S. 5621\u20135633. DOI: 10.1021\/acs.jafc.9b00033.<\/p>\n\n\n\n<p>Turrini, Federica; Donno, Dario; Beccaro, Gabriele Loris; Zunin, Paola; Pittaluga, Anna; Boggia, Raffaella (2019): Pulsed Ultrasound-Assisted Extraction as an Alternative Method to Conventional Maceration for the Extraction of the Polyphenolic Fraction of Ribes nigrum Buds: A New Category of Food Supplements Proposed by The FINNOVER Project. In: <em>Foods (Basel, Switzerland) <\/em>8 (10). DOI: 10.3390\/foods8100466.<\/p>\n\n\n\n<p>Ulbricht, Catherine E. (2016): An Evidence-Based Systematic Review of Beta-Sitosterol, Sitosterol (22,23- dihydrostigmasterol, 24-ethylcholesterol) by the Natural Standard Research Collaboration. In: <em>Journal of dietary supplements <\/em>13 (1), S. 35\u201392.<\/p>\n\n\n\n<p>Weinrich, Schwester Christa (2019): Mischkultur im Hobbygarten. 5. Auflage. Stuttgart: Eugen Ulmer.<\/p>\n\n\n\n<p>Wu, D.; Meydani, M.; Leka, L. S.; Nightingale, Z.; Handelman, G. J.; Blumberg, J. B.; Meydani, S. N. (1999): Effect of dietary supplementation with black currant seed oil on the immune response of healthy elderly subjects. In: <em>The American journal of clinical nutrition <\/em>70 (4), S. 536\u2013543. DOI: 10.1093\/ajcn\/70.4.536.<\/p>\n\n\n\n<p>Yuan, Lanlan; Zhang, Fan; Shen, Mingyue; Jia, Shuo; Xie, Jianhua (2019): Phytosterols Suppress Phagocytosis and Inhibit Inflammatory Mediators via ERK Pathway on LPS-Triggered Inflammatory Responses in RAW264.7 Macrophages and the Correlation with Their Structure. In: <em>Foods (Basel, Switzerland) <\/em>8 (11). DOI: 10.3390\/foods8110582.<\/p>\n\n\n\n<p>Zlatanov, Magdalen D (1999): Lipid composition of Bulgarian chokeberry, black currant and rose hip seed oils. In: <em>Journal of the Scienceof Food and Agriculture <\/em>79 (12), S. 1620\u20131624. DOI: 10.1002\/(SICI)1097-0010(199909)79:12&lt;1620::AID-JSFA410&gt;3.0.CO;2-G.<\/p>\n","protected":false},"excerpt":{"rendered":"<p>Wissen Sie, warum der Anbau von Johannisbeeren in einigen Staaten der USA bis heute verboten ist und wie man aus den Fr\u00fcchten ausgesprochen s\u00fcffigen Diesel zubereiten kann? Ich l\u00fcfte zahlreiche Geheimnisse \u2013 auch das von Chanel No 5. Eine Auswahl &hellip; <a href=\"https:\/\/margot-fischer.net\/?page_id=1304\">Weiterlesen <span class=\"meta-nav\">&rarr;<\/span><\/a><\/p>\n","protected":false},"author":1,"featured_media":0,"parent":87,"menu_order":0,"comment_status":"closed","ping_status":"closed","template":"","meta":[],"_links":{"self":[{"href":"https:\/\/margot-fischer.net\/index.php?rest_route=\/wp\/v2\/pages\/1304"}],"collection":[{"href":"https:\/\/margot-fischer.net\/index.php?rest_route=\/wp\/v2\/pages"}],"about":[{"href":"https:\/\/margot-fischer.net\/index.php?rest_route=\/wp\/v2\/types\/page"}],"author":[{"embeddable":true,"href":"https:\/\/margot-fischer.net\/index.php?rest_route=\/wp\/v2\/users\/1"}],"replies":[{"embeddable":true,"href":"https:\/\/margot-fischer.net\/index.php?rest_route=%2Fwp%2Fv2%2Fcomments&post=1304"}],"version-history":[{"count":6,"href":"https:\/\/margot-fischer.net\/index.php?rest_route=\/wp\/v2\/pages\/1304\/revisions"}],"predecessor-version":[{"id":1429,"href":"https:\/\/margot-fischer.net\/index.php?rest_route=\/wp\/v2\/pages\/1304\/revisions\/1429"}],"up":[{"embeddable":true,"href":"https:\/\/margot-fischer.net\/index.php?rest_route=\/wp\/v2\/pages\/87"}],"wp:attachment":[{"href":"https:\/\/margot-fischer.net\/index.php?rest_route=%2Fwp%2Fv2%2Fmedia&parent=1304"}],"curies":[{"name":"wp","href":"https:\/\/api.w.org\/{rel}","templated":true}]}}