{"id":1350,"date":"2021-02-02T14:30:23","date_gmt":"2021-02-02T12:30:23","guid":{"rendered":"http:\/\/margot-fischer.net\/?page_id=1350"},"modified":"2021-02-02T14:32:02","modified_gmt":"2021-02-02T12:32:02","slug":"walnuss","status":"publish","type":"page","link":"https:\/\/margot-fischer.net\/?page_id=1350","title":{"rendered":"Walnuss"},"content":{"rendered":"\n<figure class=\"wp-block-image size-large\"><img decoding=\"async\" loading=\"lazy\" width=\"594\" height=\"1024\" src=\"http:\/\/margot-fischer.net\/wp-content\/uploads\/2021\/02\/Walnuus-594x1024.jpg\" alt=\"\" class=\"wp-image-1351\" srcset=\"https:\/\/margot-fischer.net\/wp-content\/uploads\/2021\/02\/Walnuus-594x1024.jpg 594w, https:\/\/margot-fischer.net\/wp-content\/uploads\/2021\/02\/Walnuus-174x300.jpg 174w, https:\/\/margot-fischer.net\/wp-content\/uploads\/2021\/02\/Walnuus-768x1325.jpg 768w, https:\/\/margot-fischer.net\/wp-content\/uploads\/2021\/02\/Walnuus.jpg 890w\" sizes=\"(max-width: 594px) 100vw, 594px\" \/><\/figure>\n\n\n\n<p><span style=\"color:#573a0c\" class=\"has-inline-color\">Schon im Terti\u00e4r war die Walnuss in Europa verbreitet. In der r\u00f6mischen Mythologie war der Walnussbaum der Juno geweiht und daher der Baum der Fruchtbarkeit. Heute findet man seine N\u00fcsse in jedem Studentenfutter, denn dank ihrer reichhaltigen N\u00e4hrstoffe gelten sie als \u00bbGehirnnahrung\u00ab und heben \u00fcberdies die Stimmung. Ihre geschmackliche Raffinesse bereichert auf vielf\u00e4ltige Weise seit Jahrhunderten die K\u00fcchen der ganzen Welt.<\/span><\/p>\n\n\n\n<h2><span style=\"color:#432d11\" class=\"has-inline-color\">Eine Auswahl weiterf\u00fchrender Literatur<\/span><\/h2>\n\n\n\n<h1><\/h1>\n\n\n\n<p>Westliche Heilpflazen in der chinesischen Medizin.<\/p>\n\n\n\n<p>Arab, Lenore; Guo, Rong; Elashoff, David (2019): Lower Depression Scores among Walnut Consumers in NHANES. In: <em>Nutrients <\/em>11 (2). DOI: 10.3390\/nu11020275.<\/p>\n\n\n\n<p>Avanzato, Damiano (Hg.) (2014): Following walnut footprints (Juglans regia L.). Cultivation and culture, folklore and history, traditions and uses. Leuven: ISHS (Scripta horticulturae, number 17).<\/p>\n\n\n\n<p>Baker, Margaret L. (2008): Discovering the folklore of plants. 3rd ed. Oxford: Shire.<\/p>\n\n\n\n<p>Balling, Edwin: Kulturgeschichte des Obstbaus.<\/p>\n\n\n\n<p>Baur-M\u00fcller, Birgit: Funktionskreis Lunge\/Dickdarm. In: Westliche Heilpflazen in der chinesischen Medizin, S. 3\u201380.<\/p>\n\n\n\n<p>Baur-M\u00fcller, Birgit (2016): Westliche Heilpflanzen in der chinesischen Medizin. Von der Musterdiagnose zur Rezeptur: Springer.<\/p>\n\n\n\n<p>Blankestijn, Mark A.; Remington, Ben C.; Houben, Geert F.; Baumert, Joe L.; Knulst, Andr\u00e9 C.; Blom, W. Marty et al. (2017): Threshold Dose Distribution in Walnut Allergy. In: <em>The journal of allergy and clinical immunology. In practice <\/em>5 (2), S. 376\u2013380. DOI: 10.1016\/j.jaip.2016.12.005.<\/p>\n\n\n\n<p>Bottema, Sytze (1980): ON THE HISTORY OF THE WALNUT (JUGLANS REGIA L.) IN SOUTHEASTERN EUROPE. In: <em>Acta Botanica Neerlandica <\/em>29 (5-6), S. 343\u2013349. DOI: 10.1111\/j.1438-8677.1980.tb01240.x.<\/p>\n\n\n\n<p>Castiglioni, Arturo; Krumbhaar, E. B. (2019): A history of medicine: Routledge (Routledge library editions. History of medicine, 2).<\/p>\n\n\n\n<p>Catanzaro, Elena; Greco, Giulia; Potenza, Lucia; Calcabrini, Cinzia; Fimognari, Carmela (2018): Natural Products to Fight Cancer: A Focus on Juglans regia. In: <em>Toxins <\/em>10 (11). DOI: 10.3390\/toxins10110469.<\/p>\n\n\n\n<p>Costa, J.; Carrapatoso, I.; Oliveira, M B P P; Mafra, I. (2014): Walnut allergens: molecular characterization, detection and clinical relevance. In: <em>Clinical and experimental allergy : journal of the British Society for Allergy and Clinical Immunology <\/em>44 (3), S. 319\u2013341. DOI: 10.1111\/cea.12267.<\/p>\n\n\n\n<p>Dalby, Andrew (2003): Food in the ancient world from A-Z. London: Routledge.<\/p>\n\n\n\n<p>Dom\u00ednguez-Garc\u00eda, Ma Victoria; Flores-Merino, Miriam V.; Puente-Fern\u00e1ndez, Cecilia; Morales-Romero, Jaime; Bedolla-Barajas, Mart\u00edn (2018): Self-reported prevalence of clinical features of allergy to nuts and seeds, and seafood in university students. In: <em>Asia Pacific allergy <\/em>8 (2), S. e19. DOI: 10.5415\/apallergy.2018.8.e19.<\/p>\n\n\n\n<p>Feldman, Elaine B. (2002): The scientific evidence for a beneficial health relationship between walnuts and coronary heart disease. In: <em>The Journal of nutrition <\/em>132 (5), S. 1062S-1101S. DOI: 10.1093\/jn\/132.5.1062S.<\/p>\n\n\n\n<p>Feng, Li; Peng, Fei; Wang, Xiaojing; Li, Mei; Lei, Hongjie; Xu, Huaide (2019): Identification and characterization of antioxidative peptides derived from simulated in vitro gastrointestinal digestion of walnut meal proteins. In: <em>Food research international (Ottawa, Ont.) <\/em>116, S. 518\u2013526. DOI: 10.1016\/j.foodres.2018.08.068.<\/p>\n\n\n\n<p>Fleischer, David M.; Conover-Walker, Mary Kay; Matsui, Elizabeth C.; Wood, Robert A. (2005): The natural history of tree nut allergy. In: <em>The Journal of allergy and clinical immunology <\/em>116 (5), S. 1087\u20131093. DOI: 10.1016\/j.jaci.2005.09.002.<\/p>\n\n\n\n<p>Geiselhart, Sabine; Hoffmann-Sommergruber, Karin; Bublin, Merima (2018): Tree nut allergens. In: <em>Molecular immunology <\/em>100, S. 71\u201381. DOI: 10.1016\/j.molimm.2018.03.011.<\/p>\n\n\n\n<p>Genaust, Helmut (2005): Etymologisches W\u00f6rterbuch der botanischen Pflanzennamen. 3. Aufl. Hamburg: Nikol Verlagsgesellschaft.<\/p>\n\n\n\n<p>Gorji, Narjes; Moeini, Reihaneh; Memariani, Zahra (2018): Almond, hazelnut and walnut, three nuts for neuroprotection in Alzheimer&#8217;s disease: A neuropharmacological review of their bioactive constituents. In: <em>Pharmacological research <\/em>129, S. 115\u2013127. DOI: 10.1016\/j.phrs.2017.12.003.<\/p>\n\n\n\n<p>Grant, Edward (1974): A Source book in medieval science. Cambridge: Harvard University Press (Source books in the history of sciences).<\/p>\n\n\n\n<p>Hayes, David; Angove, Michael J.; Tucci, Joe; Dennis, Christina (2016): Walnuts (Juglans regia) Chemical Composition and Research in Human Health. In: <em>Critical reviews in food science and nutrition <\/em>56 (8), S. 1231\u20131241. DOI: 10.1080\/10408398.2012.760516.<\/p>\n\n\n\n<p>Hodges, Rick; Farrell, Graham (2007): Crop Post-Harvest. Volume 2, Science and Technology. Chichester: John Wiley &amp; Sons.<\/p>\n\n\n\n<p>Hofmann, Jochen Alexander: Obstlandschaften 1500-1800. Historische Geographie des Konsums, Anbaus und Handels von Obst in der Fr\u00fchen Neuzeit (Bamberger geographische Schriften. Sonderfolge, Nr. 11).<\/p>\n\n\n\n<p>Huether, Gerald (Hg.) (1999): Tryptophan, Serotonin, and Melatonin. Basic Aspects and Applications. Boston MA: Springer.<\/p>\n\n\n\n<p>Isenberg, Erwin (1986): Der pollenanalytische Nachweis von Juglans regia L. im nacheiszeitlichen Mitteleuropa. In: <em>Abhandlungen aus dem Westf\u00e4lischen Museum f\u00fcr Naturkunde, M\u00fcnster <\/em>48 (2\/3), S. 457\u2013469.<\/p>\n\n\n\n<p>Jacomet, Stefanie; Brombacher, Christoph (2009): Geschichte der Flora in der Regio Basiliensis seit 7500 Jahre. Ergebnisse von Untersuchungen pflanzlicher Makroreste aus arch\u00e4ologischen Grabungen. In: <em>Mitteilungen der Naturforschenden Gesellschaften beider Basel <\/em>11, S. 27\u2013106.<\/p>\n\n\n\n<p>Loacker, Klaus; Kofler, Werner; Pagitz, Konrad; Oberhuber, Walter (2007): Spread of walnut (Juglans regia L.) in an Alpine valley is correlated with climate warming. In: <em>Flora &#8211; Morphology, Distribution, Functional Ecology of Plants <\/em>202 (1), S. 70\u201378. DOI: 10.1016\/j.flora.2006.03.003.<\/p>\n\n\n\n<p>Malhotra, S. P. (2008): World edible nuts economy. New Delhi: Concept Pub.<\/p>\n\n\n\n<p>Marzell, Heinrich (2002): Geschichte und Volkskunde der deutschen Heilpflanzen. Neudruck der Ausg. 1938, verm. um ein Register. St. Goar: Reichl Verlag; Der Leuchter.<\/p>\n\n\n\n<p>Pollegioni, Paola; Woeste, Keith; Chiocchini, Francesca; Del Lungo, Stefano; Ciolfi, Marco; Olimpieri, Irene et al. (2017): Rethinking the history of common walnut (Juglans regia L.) in Europe: Its origins and human interactions. In: <em>PloS one <\/em>12 (3), S. e0172541. DOI: 10.1371\/journal.pone.0172541.<\/p>\n\n\n\n<p>Porteous, Alexander (2002): The forest in folklore and mythology. Republ. Mineola, N.Y: Dover Publications.<\/p>\n\n\n\n<p>Pribis, Peter (2016): Effects of Walnut Consumption on Mood in Young Adults-A Randomized Controlled Trial. In: <em>Nutrients <\/em>8 (11). DOI: 10.3390\/nu8110668.<\/p>\n\n\n\n<p>Ramos, David E. (1998): Walnut production manual. [Rev. ed.]. Oakland, Calif.: University of California, Division of Agriculture and Natural Resources (Publication, 3373).<\/p>\n\n\n\n<p>Riklin, Franz (1908): Wunscherf\u00fcllung und Symbolik im M\u00e4rchen. Leipzig und Wien: Franz Deuticke.<\/p>\n\n\n\n<p>Ryan, E.; Galvin, K.; O&#8217;Connor, T. P.; Maguire, A. R.; O&#8217;Brien, N. M. (2006): Fatty acid profile, tocopherol, squalene and phytosterol content of brazil, pecan, pine, pistachio and cashew nuts. In: <em>International journal of food sciences and nutrition <\/em>57 (3-4), S. 219\u2013228. DOI: 10.1080\/09637480600768077.<\/p>\n\n\n\n<p>S\u00e1nchez-Gonz\u00e1lez, Claudia; Ciudad, Carlos J.; No\u00e9, V\u00e9ronique; Izquierdo-Pulido, Maria (2017): Health benefits of walnut polyphenols: An exploration beyond their lipid profile. In: <em>Critical reviews in food science and nutrition <\/em>57 (16), S. 3373\u20133383. DOI: 10.1080\/10408398.2015.1126218.<\/p>\n\n\n\n<p>Schaarschmidt, Horst (1999): Die Walnussgew\u00e4chse. Juglandaceen. 3. Aufl. Hohenwarsleben: Westarp Wissenschaften.<\/p>\n\n\n\n<p>Schr\u00f6der, Peter; Abele, Claudia; Gohr, Petra; Stuhlfauth-Roisch, Uta; Grosse, Wolfgang (1999): Latest on enzymology of serotonin biosynthesis in walnut seeds. In: Gerald Huether (Hg.): Tryptophan, Serotonin, and Melatonin. Basic Aspects and Applications. Boston MA: Springer, S. 637\u2013644.<\/p>\n\n\n\n<p>Schrott, Ernst; Ammon, Hermann Philipp Theodor (2012): Heilpflanzen der ayurvedischen und der westlichen Medizin. Eine Gegen\u00fcberstellung. Berlin, Heidelberg: Springer Berlin Heidelberg.<\/p>\n\n\n\n<p>Shirbeigi, Laila; Dalfardi, Behnam; Abolhassanzadeh, Zohreh; Nejatbakhsh, Fatemeh (2018): Dementia Etiologies and Remedies in Traditional Persian Medicine; A Review of Medicinal Plants and Phytochemistry. In: <em>Current drug metabolism <\/em>19 (5), S. 414\u2013423. DOI: 10.2174\/1389200218666170810170124.<\/p>\n\n\n\n<p>Smeekens, J. M.; Bagley, K.; Kulis, M. (2018): Tree nut allergies: Allergen homology, cross-reactivity, and implications for therapy. In: <em>Clinical and experimental allergy : journal of the British Society for Allergy and Clinical Immunology <\/em>48 (7), S. 762\u2013772. DOI: 10.1111\/cea.13163.<\/p>\n\n\n\n<p>Stevens, Charles McClellan (1903): Encyclopaedia Of Superstitions, Folklore, And The Occult Sciences Of The World: A Comprehensive Library Of Human Belief And Practice In The Mysteries Of Life. 3 B\u00e4nde: J. H. Yewdale &amp; sons Company.<\/p>\n\n\n\n<p>Toussaint-Samat, Maguelonne (2009): A history of food. New expanded ed. Chichester, West Sussex, U.K., Malden, MA: Wiley-Blackwell.<\/p>\n\n\n\n<p>Weinberger, Tamar; Sicherer, Scott (2018): Current perspectives on tree nut allergy: a review. In: <em>Journal of asthma and allergy <\/em>11, S. 41\u201351. DOI: 10.2147\/JAA.S141636.<\/p>\n\n\n\n<p>Werneck, Heinrich Ludwig (1953): Die Formenkreise der bodenst\u00e4ndigen Wildnuss in Ober- und Nieder\u00f6sterreich. In: <em>Verhandlungen der Zoologisch-Botanischen Gesellschaft in Wien <\/em>93, S. 112\u2013119.<\/p>\n\n\n\n<p>Werneck, Heinrich Ludwig (1955): Der Obstweihefund im Vorraum des Mithraeums zu Linz-Donau, Ober\u00f6sterreich: nicht ermittelbar.<\/p>\n\n\n\n<p>Wolters, Bruno (2000): Zur Enteicklung der altzsteinzeitlichen Phytotherapie im westlichen Eurasien und der indianischen Medizin in Sibirien und Nordamerika. D\u00fcsseldorf.<\/p>\n","protected":false},"excerpt":{"rendered":"<p>Schon im Terti\u00e4r war die Walnuss in Europa verbreitet. In der r\u00f6mischen Mythologie war der Walnussbaum der Juno geweiht und daher der Baum der Fruchtbarkeit. Heute findet man seine N\u00fcsse in jedem Studentenfutter, denn dank ihrer reichhaltigen N\u00e4hrstoffe gelten sie &hellip; <a href=\"https:\/\/margot-fischer.net\/?page_id=1350\">Weiterlesen <span class=\"meta-nav\">&rarr;<\/span><\/a><\/p>\n","protected":false},"author":1,"featured_media":0,"parent":87,"menu_order":0,"comment_status":"closed","ping_status":"closed","template":"","meta":[],"_links":{"self":[{"href":"https:\/\/margot-fischer.net\/index.php?rest_route=\/wp\/v2\/pages\/1350"}],"collection":[{"href":"https:\/\/margot-fischer.net\/index.php?rest_route=\/wp\/v2\/pages"}],"about":[{"href":"https:\/\/margot-fischer.net\/index.php?rest_route=\/wp\/v2\/types\/page"}],"author":[{"embeddable":true,"href":"https:\/\/margot-fischer.net\/index.php?rest_route=\/wp\/v2\/users\/1"}],"replies":[{"embeddable":true,"href":"https:\/\/margot-fischer.net\/index.php?rest_route=%2Fwp%2Fv2%2Fcomments&post=1350"}],"version-history":[{"count":2,"href":"https:\/\/margot-fischer.net\/index.php?rest_route=\/wp\/v2\/pages\/1350\/revisions"}],"predecessor-version":[{"id":1353,"href":"https:\/\/margot-fischer.net\/index.php?rest_route=\/wp\/v2\/pages\/1350\/revisions\/1353"}],"up":[{"embeddable":true,"href":"https:\/\/margot-fischer.net\/index.php?rest_route=\/wp\/v2\/pages\/87"}],"wp:attachment":[{"href":"https:\/\/margot-fischer.net\/index.php?rest_route=%2Fwp%2Fv2%2Fmedia&parent=1350"}],"curies":[{"name":"wp","href":"https:\/\/api.w.org\/{rel}","templated":true}]}}