{"id":1403,"date":"2021-06-30T19:08:12","date_gmt":"2021-06-30T17:08:12","guid":{"rendered":"http:\/\/margot-fischer.net\/?page_id=1403"},"modified":"2023-06-30T10:47:13","modified_gmt":"2023-06-30T08:47:13","slug":"zero-waste-rezepte-und-tipps","status":"publish","type":"page","link":"https:\/\/margot-fischer.net\/?page_id=1403","title":{"rendered":"!PLANET HEALTH &#038; ZERO WASTE"},"content":{"rendered":"\n<p style=\"font-size:33px\"><strong><span style=\"color:#0fa9ea\" class=\"has-inline-color\">Umweltfreundliche Rezepte &amp; Tipps<\/span><\/strong><\/p>\n\n\n\n<p><mark style=\"background-color:rgba(0, 0, 0, 0);color:#180f9d\" class=\"has-inline-color\">Werden Lebensmittel verschwendet, werden auch alle Ressourcen verschwendet, die f\u00fcr ihre Herstellung ben\u00f6tigt wurden, einschlie\u00dflich Wasser- und Bodennutzung (plus m\u00f6glicher Abholzung), Tierfutter, D\u00fcngemittel, Pestizide, Verarbeitung, Verpackung, Transport, Lagerung und K\u00fchlung. Beim Einkauf kommen noch die Auswirkungen durch den Weg zum und vom Gesch\u00e4ft, die K\u00fchlung zu Hause und das Kochen hinzu. Selbst nachdem ein Lebensmittel entsorgt wurde, verursacht es noch weitere Emissionen und sch\u00e4dliche Treibhausgase. <\/mark><\/p>\n\n\n\n<p><mark style=\"background-color:rgba(0, 0, 0, 0);color:#180f9d\" class=\"has-inline-color\">In Summe ist das globale Lebensmittelsystem f\u00fcr gut ein Drittel der gesamten Treibhausgasemissionen verantwortlich.<\/mark><mark style=\"background-color:rgba(0, 0, 0, 0);color:#0d177d\" class=\"has-inline-color\"> <\/mark><\/p>\n\n\n\n<p><mark style=\"background-color:rgba(0, 0, 0, 0);color:#0d177d\" class=\"has-inline-color\">Allein die weltweite Lebensmittelverschwendung bedingt 8\u201310 % aller Treibhausgasemissen.<\/mark><\/p>\n\n\n\n<p><mark style=\"background-color:rgba(0, 0, 0, 0);color:#6e00a3\" class=\"has-inline-color\"><strong>Regional &amp; saisonal einkaufen + Abfall vermeiden = Umwelt &amp; Geldbeutel schonen<\/strong><\/mark><\/p>\n\n\n\n<p><span style=\"text-decoration: underline;\">F\u00fcr enorm energiesparendes Kochen siehe bei den B\u00fcchern Kochen in der Kochkiste!<\/span><\/p>\n\n\n\n<p class=\"has-medium-font-size\"><mark style=\"background-color:rgba(0, 0, 0, 0);color:#6e00a3\" class=\"has-inline-color\"> <\/mark><mark style=\"background-color:rgba(0, 0, 0, 0);color:#bb1581\" class=\"has-inline-color\"><strong>Ich zeige, wie einfach es geht<\/strong>.<\/mark><\/p>\n\n\n\n<figure class=\"wp-block-image size-large\"><img decoding=\"async\" loading=\"lazy\" width=\"501\" height=\"1024\" src=\"http:\/\/margot-fischer.net\/wp-content\/uploads\/2022\/03\/Wassermelone_Rosmary-2019_06_23-13_00_17-UTC-2-501x1024.jpg\" alt=\"\" class=\"wp-image-1530\" srcset=\"https:\/\/margot-fischer.net\/wp-content\/uploads\/2022\/03\/Wassermelone_Rosmary-2019_06_23-13_00_17-UTC-2-501x1024.jpg 501w, https:\/\/margot-fischer.net\/wp-content\/uploads\/2022\/03\/Wassermelone_Rosmary-2019_06_23-13_00_17-UTC-2-147x300.jpg 147w, https:\/\/margot-fischer.net\/wp-content\/uploads\/2022\/03\/Wassermelone_Rosmary-2019_06_23-13_00_17-UTC-2-768x1570.jpg 768w, https:\/\/margot-fischer.net\/wp-content\/uploads\/2022\/03\/Wassermelone_Rosmary-2019_06_23-13_00_17-UTC-2-752x1536.jpg 752w, https:\/\/margot-fischer.net\/wp-content\/uploads\/2022\/03\/Wassermelone_Rosmary-2019_06_23-13_00_17-UTC-2-1002x2048.jpg 1002w, https:\/\/margot-fischer.net\/wp-content\/uploads\/2022\/03\/Wassermelone_Rosmary-2019_06_23-13_00_17-UTC-2.jpg 1054w\" sizes=\"(max-width: 501px) 100vw, 501px\" \/><figcaption class=\"wp-element-caption\">Infused Water &#8211; beste Getr\u00e4nke individuell gestaltet &#8211; siehe Rezeptseite in dieser Rubrik<\/figcaption><\/figure>\n\n\n\n<figure class=\"wp-block-image size-large\"><img decoding=\"async\" loading=\"lazy\" width=\"1024\" height=\"949\" src=\"http:\/\/margot-fischer.net\/wp-content\/uploads\/2022\/04\/Matapa-MB-1024x949.jpg\" alt=\"\" class=\"wp-image-1568\" srcset=\"https:\/\/margot-fischer.net\/wp-content\/uploads\/2022\/04\/Matapa-MB-1024x949.jpg 1024w, https:\/\/margot-fischer.net\/wp-content\/uploads\/2022\/04\/Matapa-MB-300x278.jpg 300w, https:\/\/margot-fischer.net\/wp-content\/uploads\/2022\/04\/Matapa-MB-768x712.jpg 768w, https:\/\/margot-fischer.net\/wp-content\/uploads\/2022\/04\/Matapa-MB-1536x1424.jpg 1536w, https:\/\/margot-fischer.net\/wp-content\/uploads\/2022\/04\/Matapa-MB-2048x1899.jpg 2048w, https:\/\/margot-fischer.net\/wp-content\/uploads\/2022\/04\/Matapa-MB-324x300.jpg 324w\" sizes=\"(max-width: 1024px) 100vw, 1024px\" \/><figcaption class=\"wp-element-caption\">Ragout aus Karfiolbl\u00e4ttern und Rippen  siehe Rezeptseite in dieser Rubrik<\/figcaption><\/figure>\n\n\n\n<figure class=\"wp-block-image size-large\"><img decoding=\"async\" loading=\"lazy\" width=\"561\" height=\"1024\" src=\"http:\/\/margot-fischer.net\/wp-content\/uploads\/2022\/05\/Rhabarberschalen-Geschenksband-1-561x1024.jpg\" alt=\"\" class=\"wp-image-1630\" srcset=\"https:\/\/margot-fischer.net\/wp-content\/uploads\/2022\/05\/Rhabarberschalen-Geschenksband-1-561x1024.jpg 561w, https:\/\/margot-fischer.net\/wp-content\/uploads\/2022\/05\/Rhabarberschalen-Geschenksband-1-164x300.jpg 164w, https:\/\/margot-fischer.net\/wp-content\/uploads\/2022\/05\/Rhabarberschalen-Geschenksband-1-768x1401.jpg 768w, https:\/\/margot-fischer.net\/wp-content\/uploads\/2022\/05\/Rhabarberschalen-Geschenksband-1-842x1536.jpg 842w, https:\/\/margot-fischer.net\/wp-content\/uploads\/2022\/05\/Rhabarberschalen-Geschenksband-1-1123x2048.jpg 1123w, https:\/\/margot-fischer.net\/wp-content\/uploads\/2022\/05\/Rhabarberschalen-Geschenksband-1-scaled.jpg 1403w\" sizes=\"(max-width: 561px) 100vw, 561px\" \/><figcaption class=\"wp-element-caption\">Geschenksband aus Rhabarberschalen<\/figcaption><\/figure>\n\n\n\n<figure class=\"wp-block-image size-large is-style-rounded\"><img decoding=\"async\" loading=\"lazy\" width=\"1024\" height=\"1016\" src=\"http:\/\/margot-fischer.net\/wp-content\/uploads\/2022\/05\/WM-Kerne-Salat-1024x1016.jpg\" alt=\"\" class=\"wp-image-1645\" srcset=\"https:\/\/margot-fischer.net\/wp-content\/uploads\/2022\/05\/WM-Kerne-Salat-1024x1016.jpg 1024w, https:\/\/margot-fischer.net\/wp-content\/uploads\/2022\/05\/WM-Kerne-Salat-300x298.jpg 300w, https:\/\/margot-fischer.net\/wp-content\/uploads\/2022\/05\/WM-Kerne-Salat-150x150.jpg 150w, https:\/\/margot-fischer.net\/wp-content\/uploads\/2022\/05\/WM-Kerne-Salat-768x762.jpg 768w, https:\/\/margot-fischer.net\/wp-content\/uploads\/2022\/05\/WM-Kerne-Salat-1536x1524.jpg 1536w, https:\/\/margot-fischer.net\/wp-content\/uploads\/2022\/05\/WM-Kerne-Salat-2048x2032.jpg 2048w, https:\/\/margot-fischer.net\/wp-content\/uploads\/2022\/05\/WM-Kerne-Salat-302x300.jpg 302w\" sizes=\"(max-width: 1024px) 100vw, 1024px\" \/><figcaption class=\"wp-element-caption\">Wassermelonenkerne werten den Salat auf &#8211; siehe Rezeptseite in dieser Rubrik<\/figcaption><\/figure>\n\n\n\n<figure class=\"wp-block-image size-large\"><img decoding=\"async\" loading=\"lazy\" width=\"970\" height=\"1024\" src=\"http:\/\/margot-fischer.net\/wp-content\/uploads\/2022\/03\/Bananenschale-Streifen_Bohnensalat-1-970x1024.jpg\" alt=\"\" class=\"wp-image-1554\" srcset=\"https:\/\/margot-fischer.net\/wp-content\/uploads\/2022\/03\/Bananenschale-Streifen_Bohnensalat-1-970x1024.jpg 970w, https:\/\/margot-fischer.net\/wp-content\/uploads\/2022\/03\/Bananenschale-Streifen_Bohnensalat-1-284x300.jpg 284w, https:\/\/margot-fischer.net\/wp-content\/uploads\/2022\/03\/Bananenschale-Streifen_Bohnensalat-1-768x811.jpg 768w, https:\/\/margot-fischer.net\/wp-content\/uploads\/2022\/03\/Bananenschale-Streifen_Bohnensalat-1-1455x1536.jpg 1455w, https:\/\/margot-fischer.net\/wp-content\/uploads\/2022\/03\/Bananenschale-Streifen_Bohnensalat-1-1940x2048.jpg 1940w\" sizes=\"(max-width: 970px) 100vw, 970px\" \/><figcaption class=\"wp-element-caption\">Bananenschalen-Salat &#8211; siehe Rezeptseite in dieser Rubrik <\/figcaption><\/figure>\n\n\n\n<figure class=\"wp-block-image size-large is-style-default\"><img decoding=\"async\" loading=\"lazy\" width=\"985\" height=\"771\" src=\"http:\/\/margot-fischer.net\/wp-content\/uploads\/2022\/02\/Tacos_Walnusssfuelle_klein-2019_04_11-19_58_16-UTC.jpg\" alt=\"\" class=\"wp-image-1516\" srcset=\"https:\/\/margot-fischer.net\/wp-content\/uploads\/2022\/02\/Tacos_Walnusssfuelle_klein-2019_04_11-19_58_16-UTC.jpg 985w, https:\/\/margot-fischer.net\/wp-content\/uploads\/2022\/02\/Tacos_Walnusssfuelle_klein-2019_04_11-19_58_16-UTC-300x235.jpg 300w, https:\/\/margot-fischer.net\/wp-content\/uploads\/2022\/02\/Tacos_Walnusssfuelle_klein-2019_04_11-19_58_16-UTC-768x601.jpg 768w, https:\/\/margot-fischer.net\/wp-content\/uploads\/2022\/02\/Tacos_Walnusssfuelle_klein-2019_04_11-19_58_16-UTC-383x300.jpg 383w\" sizes=\"(max-width: 985px) 100vw, 985px\" \/><figcaption class=\"wp-element-caption\">Tacos mit Walnussf\u00fcllung schmecken auch Fleischtigern  &#8211; siehe Rezeptseite in dieser Rubrik<\/figcaption><\/figure>\n\n\n\n<figure class=\"wp-block-image size-large\"><img decoding=\"async\" loading=\"lazy\" width=\"1024\" height=\"1003\" src=\"http:\/\/margot-fischer.net\/wp-content\/uploads\/2022\/02\/Karfiolblatt_Salat-fertig-2-1-1024x1003.jpg\" alt=\"\" class=\"wp-image-1513\" srcset=\"https:\/\/margot-fischer.net\/wp-content\/uploads\/2022\/02\/Karfiolblatt_Salat-fertig-2-1-1024x1003.jpg 1024w, https:\/\/margot-fischer.net\/wp-content\/uploads\/2022\/02\/Karfiolblatt_Salat-fertig-2-1-300x294.jpg 300w, https:\/\/margot-fischer.net\/wp-content\/uploads\/2022\/02\/Karfiolblatt_Salat-fertig-2-1-768x752.jpg 768w, https:\/\/margot-fischer.net\/wp-content\/uploads\/2022\/02\/Karfiolblatt_Salat-fertig-2-1-1536x1504.jpg 1536w, https:\/\/margot-fischer.net\/wp-content\/uploads\/2022\/02\/Karfiolblatt_Salat-fertig-2-1-2048x2006.jpg 2048w, https:\/\/margot-fischer.net\/wp-content\/uploads\/2022\/02\/Karfiolblatt_Salat-fertig-2-1-306x300.jpg 306w\" sizes=\"(max-width: 1024px) 100vw, 1024px\" \/><figcaption class=\"wp-element-caption\">Karfiolblatt-Salat  &#8211; siehe Rezeptseite in dieser Rubrik<\/figcaption><\/figure>\n\n\n\n<figure class=\"wp-block-image size-large\"><img decoding=\"async\" loading=\"lazy\" width=\"598\" height=\"380\" src=\"http:\/\/margot-fischer.net\/wp-content\/uploads\/2022\/01\/PotatoPeel-Crisps-cut-1.png\" alt=\"\" class=\"wp-image-1450\" srcset=\"https:\/\/margot-fischer.net\/wp-content\/uploads\/2022\/01\/PotatoPeel-Crisps-cut-1.png 598w, https:\/\/margot-fischer.net\/wp-content\/uploads\/2022\/01\/PotatoPeel-Crisps-cut-1-300x191.png 300w, https:\/\/margot-fischer.net\/wp-content\/uploads\/2022\/01\/PotatoPeel-Crisps-cut-1-472x300.png 472w\" sizes=\"(max-width: 598px) 100vw, 598px\" \/><figcaption class=\"wp-element-caption\">Kartoffelschalen-Chips &#8211; siehe Rezeptseite in dieser Rubrik<\/figcaption><\/figure>\n\n\n\n<figure class=\"wp-block-image size-large\"><img decoding=\"async\" loading=\"lazy\" width=\"1024\" height=\"588\" src=\"http:\/\/margot-fischer.net\/wp-content\/uploads\/2022\/02\/Bananenschale-kandieren-1-1024x588.jpg\" alt=\"\" class=\"wp-image-1514\" srcset=\"https:\/\/margot-fischer.net\/wp-content\/uploads\/2022\/02\/Bananenschale-kandieren-1-1024x588.jpg 1024w, https:\/\/margot-fischer.net\/wp-content\/uploads\/2022\/02\/Bananenschale-kandieren-1-300x172.jpg 300w, https:\/\/margot-fischer.net\/wp-content\/uploads\/2022\/02\/Bananenschale-kandieren-1-768x441.jpg 768w, https:\/\/margot-fischer.net\/wp-content\/uploads\/2022\/02\/Bananenschale-kandieren-1-1536x882.jpg 1536w, https:\/\/margot-fischer.net\/wp-content\/uploads\/2022\/02\/Bananenschale-kandieren-1-2048x1177.jpg 2048w, https:\/\/margot-fischer.net\/wp-content\/uploads\/2022\/02\/Bananenschale-kandieren-1-500x287.jpg 500w\" sizes=\"(max-width: 1024px) 100vw, 1024px\" \/><figcaption class=\"wp-element-caption\">Bananenschalen kandiert &#8211; siehe Rezeptseite in dieser Rubrik<\/figcaption><\/figure>\n\n\n\n<figure class=\"wp-block-image size-large\"><img decoding=\"async\" loading=\"lazy\" width=\"1024\" height=\"775\" src=\"http:\/\/margot-fischer.net\/wp-content\/uploads\/2022\/02\/Karfiolblatt_braten-Loeffel-3-1024x775.jpg\" alt=\"\" class=\"wp-image-1515\" srcset=\"https:\/\/margot-fischer.net\/wp-content\/uploads\/2022\/02\/Karfiolblatt_braten-Loeffel-3-1024x775.jpg 1024w, https:\/\/margot-fischer.net\/wp-content\/uploads\/2022\/02\/Karfiolblatt_braten-Loeffel-3-300x227.jpg 300w, https:\/\/margot-fischer.net\/wp-content\/uploads\/2022\/02\/Karfiolblatt_braten-Loeffel-3-768x581.jpg 768w, https:\/\/margot-fischer.net\/wp-content\/uploads\/2022\/02\/Karfiolblatt_braten-Loeffel-3-1536x1163.jpg 1536w, https:\/\/margot-fischer.net\/wp-content\/uploads\/2022\/02\/Karfiolblatt_braten-Loeffel-3-2048x1550.jpg 2048w, https:\/\/margot-fischer.net\/wp-content\/uploads\/2022\/02\/Karfiolblatt_braten-Loeffel-3-396x300.jpg 396w\" sizes=\"(max-width: 1024px) 100vw, 1024px\" \/><figcaption class=\"wp-element-caption\">Karfiolblatt-Chips &#8211; siehe Rezeptseite in dieser Rubrik<\/figcaption><\/figure>\n\n\n\n<p><strong><span style=\"color:#35bb17\" class=\"has-inline-color\">W\u00fcrze aus Pflanzenstielen<\/span><\/strong><\/p>\n\n\n\n<p>Bei vielen Kr\u00e4utern und einigen Gem\u00fcsen sowie Pilzen f\u00e4llt eine betr\u00e4chtliche Menge Stiele an. Sie sind viel zu schade zum Wegwerfen.<\/p>\n\n\n\n<p><strong><span style=\"color:#f00a1c\" class=\"has-inline-color\">Es eignen sich alle Arten von Stielen, die nicht holzig sind, mit Ausnahme jener von Nachtschattengew\u00e4chsen, z. B. Tomaten, Melanzani und Kartoffeln<\/span>.<\/strong><\/p>\n\n\n\n<figure class=\"wp-block-image size-large\"><img decoding=\"async\" loading=\"lazy\" width=\"1024\" height=\"906\" src=\"http:\/\/margot-fischer.net\/wp-content\/uploads\/2021\/06\/Stiele-verwerten1-1024x906.jpg\" alt=\"\" class=\"wp-image-1406\" srcset=\"https:\/\/margot-fischer.net\/wp-content\/uploads\/2021\/06\/Stiele-verwerten1-1024x906.jpg 1024w, https:\/\/margot-fischer.net\/wp-content\/uploads\/2021\/06\/Stiele-verwerten1-300x265.jpg 300w, https:\/\/margot-fischer.net\/wp-content\/uploads\/2021\/06\/Stiele-verwerten1-768x679.jpg 768w, https:\/\/margot-fischer.net\/wp-content\/uploads\/2021\/06\/Stiele-verwerten1-1536x1359.jpg 1536w, https:\/\/margot-fischer.net\/wp-content\/uploads\/2021\/06\/Stiele-verwerten1-2048x1811.jpg 2048w, https:\/\/margot-fischer.net\/wp-content\/uploads\/2021\/06\/Stiele-verwerten1-339x300.jpg 339w\" sizes=\"(max-width: 1024px) 100vw, 1024px\" \/><\/figure>\n\n\n\n<p>Die gereinigten trockenen Stiele werden einfach mit der Hand oder in der K\u00fcchenmaschine gehackt, danach getrocknet oder mit Salz vermischt und in dicht schlie\u00dfende Gl\u00e4ser gef\u00fcllt.<\/p>\n\n\n\n<figure class=\"wp-block-image size-large\"><img decoding=\"async\" loading=\"lazy\" width=\"1024\" height=\"787\" src=\"http:\/\/margot-fischer.net\/wp-content\/uploads\/2021\/06\/Stiele-verwerten2-1024x787.jpg\" alt=\"\" class=\"wp-image-1407\" srcset=\"https:\/\/margot-fischer.net\/wp-content\/uploads\/2021\/06\/Stiele-verwerten2-1024x787.jpg 1024w, https:\/\/margot-fischer.net\/wp-content\/uploads\/2021\/06\/Stiele-verwerten2-300x231.jpg 300w, https:\/\/margot-fischer.net\/wp-content\/uploads\/2021\/06\/Stiele-verwerten2-768x590.jpg 768w, https:\/\/margot-fischer.net\/wp-content\/uploads\/2021\/06\/Stiele-verwerten2-1536x1180.jpg 1536w, https:\/\/margot-fischer.net\/wp-content\/uploads\/2021\/06\/Stiele-verwerten2-2048x1574.jpg 2048w, https:\/\/margot-fischer.net\/wp-content\/uploads\/2021\/06\/Stiele-verwerten2-390x300.jpg 390w\" sizes=\"(max-width: 1024px) 100vw, 1024px\" \/><\/figure>\n\n\n\n<figure class=\"wp-block-image size-large\"><img decoding=\"async\" loading=\"lazy\" width=\"1024\" height=\"860\" src=\"http:\/\/margot-fischer.net\/wp-content\/uploads\/2021\/06\/Stiele-verwerten-trocknen-1024x860.jpg\" alt=\"\" class=\"wp-image-1408\" srcset=\"https:\/\/margot-fischer.net\/wp-content\/uploads\/2021\/06\/Stiele-verwerten-trocknen-1024x860.jpg 1024w, https:\/\/margot-fischer.net\/wp-content\/uploads\/2021\/06\/Stiele-verwerten-trocknen-300x252.jpg 300w, https:\/\/margot-fischer.net\/wp-content\/uploads\/2021\/06\/Stiele-verwerten-trocknen-768x645.jpg 768w, https:\/\/margot-fischer.net\/wp-content\/uploads\/2021\/06\/Stiele-verwerten-trocknen-1536x1290.jpg 1536w, https:\/\/margot-fischer.net\/wp-content\/uploads\/2021\/06\/Stiele-verwerten-trocknen-2048x1720.jpg 2048w, https:\/\/margot-fischer.net\/wp-content\/uploads\/2021\/06\/Stiele-verwerten-trocknen-357x300.jpg 357w\" sizes=\"(max-width: 1024px) 100vw, 1024px\" \/><figcaption class=\"wp-element-caption\">Die St\u00fccke gleichm\u00e4\u00dfig auf Backpapier verteilen und trocknen lassen oder mit Salz mischen:<\/figcaption><\/figure>\n\n\n\n<figure class=\"wp-block-image size-large\"><img decoding=\"async\" loading=\"lazy\" width=\"1024\" height=\"1014\" src=\"http:\/\/margot-fischer.net\/wp-content\/uploads\/2021\/06\/Stiele-verwerten_Salz-1024x1014.jpg\" alt=\"\" class=\"wp-image-1409\" srcset=\"https:\/\/margot-fischer.net\/wp-content\/uploads\/2021\/06\/Stiele-verwerten_Salz-1024x1014.jpg 1024w, https:\/\/margot-fischer.net\/wp-content\/uploads\/2021\/06\/Stiele-verwerten_Salz-300x297.jpg 300w, https:\/\/margot-fischer.net\/wp-content\/uploads\/2021\/06\/Stiele-verwerten_Salz-150x150.jpg 150w, https:\/\/margot-fischer.net\/wp-content\/uploads\/2021\/06\/Stiele-verwerten_Salz-768x761.jpg 768w, https:\/\/margot-fischer.net\/wp-content\/uploads\/2021\/06\/Stiele-verwerten_Salz-1536x1521.jpg 1536w, https:\/\/margot-fischer.net\/wp-content\/uploads\/2021\/06\/Stiele-verwerten_Salz-2048x2028.jpg 2048w, https:\/\/margot-fischer.net\/wp-content\/uploads\/2021\/06\/Stiele-verwerten_Salz-303x300.jpg 303w\" sizes=\"(max-width: 1024px) 100vw, 1024px\" \/><figcaption class=\"wp-element-caption\">Danach in dicht verschlie\u00dfbare Gl\u00e4ser f\u00fcllen:<\/figcaption><\/figure>\n\n\n\n<figure class=\"wp-block-image size-large\"><img decoding=\"async\" loading=\"lazy\" width=\"1024\" height=\"983\" src=\"http:\/\/margot-fischer.net\/wp-content\/uploads\/2021\/06\/Stiele-verwerten_Glas-1024x983.jpg\" alt=\"\" class=\"wp-image-1410\" srcset=\"https:\/\/margot-fischer.net\/wp-content\/uploads\/2021\/06\/Stiele-verwerten_Glas-1024x983.jpg 1024w, https:\/\/margot-fischer.net\/wp-content\/uploads\/2021\/06\/Stiele-verwerten_Glas-300x288.jpg 300w, https:\/\/margot-fischer.net\/wp-content\/uploads\/2021\/06\/Stiele-verwerten_Glas-768x737.jpg 768w, https:\/\/margot-fischer.net\/wp-content\/uploads\/2021\/06\/Stiele-verwerten_Glas-313x300.jpg 313w, https:\/\/margot-fischer.net\/wp-content\/uploads\/2021\/06\/Stiele-verwerten_Glas.jpg 1323w\" sizes=\"(max-width: 1024px) 100vw, 1024px\" \/><\/figure>\n\n\n\n<p>Die lange haltbare W\u00fcrze verfeinert alle pikanten Gerichte. Sie stellt einen guten Vorrat dar und ist ein willkommenes Geschenk.<\/p>\n","protected":false},"excerpt":{"rendered":"<p>Umweltfreundliche Rezepte &amp; Tipps Werden Lebensmittel verschwendet, werden auch alle Ressourcen verschwendet, die f\u00fcr ihre Herstellung ben\u00f6tigt wurden, einschlie\u00dflich Wasser- und Bodennutzung (plus m\u00f6glicher Abholzung), Tierfutter, D\u00fcngemittel, Pestizide, Verarbeitung, Verpackung, Transport, Lagerung und K\u00fchlung. Beim Einkauf kommen noch die Auswirkungen &hellip; <a href=\"https:\/\/margot-fischer.net\/?page_id=1403\">Weiterlesen <span class=\"meta-nav\">&rarr;<\/span><\/a><\/p>\n","protected":false},"author":1,"featured_media":0,"parent":0,"menu_order":0,"comment_status":"closed","ping_status":"closed","template":"","meta":[],"_links":{"self":[{"href":"https:\/\/margot-fischer.net\/index.php?rest_route=\/wp\/v2\/pages\/1403"}],"collection":[{"href":"https:\/\/margot-fischer.net\/index.php?rest_route=\/wp\/v2\/pages"}],"about":[{"href":"https:\/\/margot-fischer.net\/index.php?rest_route=\/wp\/v2\/types\/page"}],"author":[{"embeddable":true,"href":"https:\/\/margot-fischer.net\/index.php?rest_route=\/wp\/v2\/users\/1"}],"replies":[{"embeddable":true,"href":"https:\/\/margot-fischer.net\/index.php?rest_route=%2Fwp%2Fv2%2Fcomments&post=1403"}],"version-history":[{"count":26,"href":"https:\/\/margot-fischer.net\/index.php?rest_route=\/wp\/v2\/pages\/1403\/revisions"}],"predecessor-version":[{"id":1731,"href":"https:\/\/margot-fischer.net\/index.php?rest_route=\/wp\/v2\/pages\/1403\/revisions\/1731"}],"wp:attachment":[{"href":"https:\/\/margot-fischer.net\/index.php?rest_route=%2Fwp%2Fv2%2Fmedia&parent=1403"}],"curies":[{"name":"wp","href":"https:\/\/api.w.org\/{rel}","templated":true}]}}