{"id":1419,"date":"2021-06-30T19:31:31","date_gmt":"2021-06-30T17:31:31","guid":{"rendered":"http:\/\/margot-fischer.net\/?page_id=1419"},"modified":"2021-09-19T11:31:11","modified_gmt":"2021-09-19T09:31:11","slug":"pflanzenstiele-als-wuerze","status":"publish","type":"page","link":"https:\/\/margot-fischer.net\/?page_id=1419","title":{"rendered":"Pflanzenstiele als W\u00fcrze"},"content":{"rendered":"\n<p>Bei vielen Kr\u00e4utern und einigen Gem\u00fcsen sowie Pilzen f\u00e4llt eine betr\u00e4chtliche Menge Stiele an.<\/p>\n\n\n\n<p>Sie sind viel zu schade zum Wegwerfen.<\/p>\n\n\n\n<p>Es eignen sich alle Arten von Stielen, die nicht holzig sind, mit Ausnahme jener der Nachtschattengew\u00e4chse, das sind Tomaten, Melanzani und Kartoffeln.<\/p>\n\n\n\n<p>Die gereinigten trockenen Stiele werden einfach mit der Hand oder in der K\u00fcchenmaschine gehackt, danach getrocknet oder mit Salz vermischt und in dicht schlie\u00dfende Gl\u00e4ser gef\u00fcllt.<\/p>\n\n\n\n<p>Die lange haltbare W\u00fcrze verfeinert alle pikanten Gerichte. Sie stellt einen guten Vorrat dar und ist ein willkommenes Geschenk.<\/p>\n\n\n\n<figure class=\"wp-block-image size-large\"><img decoding=\"async\" loading=\"lazy\" width=\"1024\" height=\"906\" src=\"http:\/\/margot-fischer.net\/wp-content\/uploads\/2021\/06\/Stiele-verwerten1-1024x906.jpg\" alt=\"\" class=\"wp-image-1406\" srcset=\"https:\/\/margot-fischer.net\/wp-content\/uploads\/2021\/06\/Stiele-verwerten1-1024x906.jpg 1024w, https:\/\/margot-fischer.net\/wp-content\/uploads\/2021\/06\/Stiele-verwerten1-300x265.jpg 300w, https:\/\/margot-fischer.net\/wp-content\/uploads\/2021\/06\/Stiele-verwerten1-768x679.jpg 768w, https:\/\/margot-fischer.net\/wp-content\/uploads\/2021\/06\/Stiele-verwerten1-1536x1359.jpg 1536w, https:\/\/margot-fischer.net\/wp-content\/uploads\/2021\/06\/Stiele-verwerten1-2048x1811.jpg 2048w, https:\/\/margot-fischer.net\/wp-content\/uploads\/2021\/06\/Stiele-verwerten1-339x300.jpg 339w\" sizes=\"(max-width: 1024px) 100vw, 1024px\" \/><\/figure>\n\n\n\n<figure class=\"wp-block-image size-large\"><img decoding=\"async\" loading=\"lazy\" width=\"1024\" height=\"787\" src=\"http:\/\/margot-fischer.net\/wp-content\/uploads\/2021\/06\/Stiele-verwerten2-1024x787.jpg\" alt=\"\" class=\"wp-image-1407\" srcset=\"https:\/\/margot-fischer.net\/wp-content\/uploads\/2021\/06\/Stiele-verwerten2-1024x787.jpg 1024w, https:\/\/margot-fischer.net\/wp-content\/uploads\/2021\/06\/Stiele-verwerten2-300x231.jpg 300w, https:\/\/margot-fischer.net\/wp-content\/uploads\/2021\/06\/Stiele-verwerten2-768x590.jpg 768w, https:\/\/margot-fischer.net\/wp-content\/uploads\/2021\/06\/Stiele-verwerten2-1536x1180.jpg 1536w, https:\/\/margot-fischer.net\/wp-content\/uploads\/2021\/06\/Stiele-verwerten2-2048x1574.jpg 2048w, https:\/\/margot-fischer.net\/wp-content\/uploads\/2021\/06\/Stiele-verwerten2-390x300.jpg 390w\" sizes=\"(max-width: 1024px) 100vw, 1024px\" \/><\/figure>\n\n\n\n<figure class=\"wp-block-image size-large\"><img decoding=\"async\" loading=\"lazy\" width=\"1024\" height=\"860\" src=\"http:\/\/margot-fischer.net\/wp-content\/uploads\/2021\/06\/Stiele-verwerten-trocknen-1024x860.jpg\" alt=\"\" class=\"wp-image-1408\" srcset=\"https:\/\/margot-fischer.net\/wp-content\/uploads\/2021\/06\/Stiele-verwerten-trocknen-1024x860.jpg 1024w, https:\/\/margot-fischer.net\/wp-content\/uploads\/2021\/06\/Stiele-verwerten-trocknen-300x252.jpg 300w, https:\/\/margot-fischer.net\/wp-content\/uploads\/2021\/06\/Stiele-verwerten-trocknen-768x645.jpg 768w, https:\/\/margot-fischer.net\/wp-content\/uploads\/2021\/06\/Stiele-verwerten-trocknen-1536x1290.jpg 1536w, https:\/\/margot-fischer.net\/wp-content\/uploads\/2021\/06\/Stiele-verwerten-trocknen-2048x1720.jpg 2048w, https:\/\/margot-fischer.net\/wp-content\/uploads\/2021\/06\/Stiele-verwerten-trocknen-357x300.jpg 357w\" sizes=\"(max-width: 1024px) 100vw, 1024px\" \/><figcaption>Zum Trocknen auf Backpapier auslegen oder mit Salz mischen:<\/figcaption><\/figure>\n\n\n\n<figure class=\"wp-block-image size-large\"><img decoding=\"async\" loading=\"lazy\" width=\"1024\" height=\"1014\" src=\"http:\/\/margot-fischer.net\/wp-content\/uploads\/2021\/06\/Stiele-verwerten_Salz-1024x1014.jpg\" alt=\"\" class=\"wp-image-1409\" srcset=\"https:\/\/margot-fischer.net\/wp-content\/uploads\/2021\/06\/Stiele-verwerten_Salz-1024x1014.jpg 1024w, https:\/\/margot-fischer.net\/wp-content\/uploads\/2021\/06\/Stiele-verwerten_Salz-300x297.jpg 300w, https:\/\/margot-fischer.net\/wp-content\/uploads\/2021\/06\/Stiele-verwerten_Salz-150x150.jpg 150w, https:\/\/margot-fischer.net\/wp-content\/uploads\/2021\/06\/Stiele-verwerten_Salz-768x761.jpg 768w, https:\/\/margot-fischer.net\/wp-content\/uploads\/2021\/06\/Stiele-verwerten_Salz-1536x1521.jpg 1536w, https:\/\/margot-fischer.net\/wp-content\/uploads\/2021\/06\/Stiele-verwerten_Salz-2048x2028.jpg 2048w, https:\/\/margot-fischer.net\/wp-content\/uploads\/2021\/06\/Stiele-verwerten_Salz-303x300.jpg 303w\" sizes=\"(max-width: 1024px) 100vw, 1024px\" \/><figcaption>In dicht verschlossenen Gl\u00e4sern lange haltbar.<\/figcaption><\/figure>\n\n\n\n<figure class=\"wp-block-image size-large\"><img decoding=\"async\" loading=\"lazy\" width=\"1024\" height=\"983\" src=\"http:\/\/margot-fischer.net\/wp-content\/uploads\/2021\/06\/Stiele-verwerten_Glas-1024x983.jpg\" alt=\"\" class=\"wp-image-1410\" srcset=\"https:\/\/margot-fischer.net\/wp-content\/uploads\/2021\/06\/Stiele-verwerten_Glas-1024x983.jpg 1024w, https:\/\/margot-fischer.net\/wp-content\/uploads\/2021\/06\/Stiele-verwerten_Glas-300x288.jpg 300w, https:\/\/margot-fischer.net\/wp-content\/uploads\/2021\/06\/Stiele-verwerten_Glas-768x737.jpg 768w, https:\/\/margot-fischer.net\/wp-content\/uploads\/2021\/06\/Stiele-verwerten_Glas-313x300.jpg 313w, https:\/\/margot-fischer.net\/wp-content\/uploads\/2021\/06\/Stiele-verwerten_Glas.jpg 1323w\" sizes=\"(max-width: 1024px) 100vw, 1024px\" \/><\/figure>\n","protected":false},"excerpt":{"rendered":"<p>Bei vielen Kr\u00e4utern und einigen Gem\u00fcsen sowie Pilzen f\u00e4llt eine betr\u00e4chtliche Menge Stiele an. Sie sind viel zu schade zum Wegwerfen. Es eignen sich alle Arten von Stielen, die nicht holzig sind, mit Ausnahme jener der Nachtschattengew\u00e4chse, das sind Tomaten, &hellip; <a href=\"https:\/\/margot-fischer.net\/?page_id=1419\">Weiterlesen <span class=\"meta-nav\">&rarr;<\/span><\/a><\/p>\n","protected":false},"author":1,"featured_media":0,"parent":1403,"menu_order":0,"comment_status":"closed","ping_status":"closed","template":"","meta":[],"_links":{"self":[{"href":"https:\/\/margot-fischer.net\/index.php?rest_route=\/wp\/v2\/pages\/1419"}],"collection":[{"href":"https:\/\/margot-fischer.net\/index.php?rest_route=\/wp\/v2\/pages"}],"about":[{"href":"https:\/\/margot-fischer.net\/index.php?rest_route=\/wp\/v2\/types\/page"}],"author":[{"embeddable":true,"href":"https:\/\/margot-fischer.net\/index.php?rest_route=\/wp\/v2\/users\/1"}],"replies":[{"embeddable":true,"href":"https:\/\/margot-fischer.net\/index.php?rest_route=%2Fwp%2Fv2%2Fcomments&post=1419"}],"version-history":[{"count":1,"href":"https:\/\/margot-fischer.net\/index.php?rest_route=\/wp\/v2\/pages\/1419\/revisions"}],"predecessor-version":[{"id":1420,"href":"https:\/\/margot-fischer.net\/index.php?rest_route=\/wp\/v2\/pages\/1419\/revisions\/1420"}],"up":[{"embeddable":true,"href":"https:\/\/margot-fischer.net\/index.php?rest_route=\/wp\/v2\/pages\/1403"}],"wp:attachment":[{"href":"https:\/\/margot-fischer.net\/index.php?rest_route=%2Fwp%2Fv2%2Fmedia&parent=1419"}],"curies":[{"name":"wp","href":"https:\/\/api.w.org\/{rel}","templated":true}]}}