{"id":1447,"date":"2022-01-15T16:57:09","date_gmt":"2022-01-15T14:57:09","guid":{"rendered":"http:\/\/margot-fischer.net\/?page_id=1447"},"modified":"2022-01-15T16:57:09","modified_gmt":"2022-01-15T14:57:09","slug":"kartoffelschalen-chips","status":"publish","type":"page","link":"https:\/\/margot-fischer.net\/?page_id=1447","title":{"rendered":"Kartoffelschalen-Chips"},"content":{"rendered":"\n<figure class=\"wp-block-image size-large\"><img decoding=\"async\" loading=\"lazy\" width=\"598\" height=\"380\" src=\"http:\/\/margot-fischer.net\/wp-content\/uploads\/2022\/01\/PotatoPeel-Crisps-cut-1.png\" alt=\"\" class=\"wp-image-1450\" srcset=\"https:\/\/margot-fischer.net\/wp-content\/uploads\/2022\/01\/PotatoPeel-Crisps-cut-1.png 598w, https:\/\/margot-fischer.net\/wp-content\/uploads\/2022\/01\/PotatoPeel-Crisps-cut-1-300x191.png 300w, https:\/\/margot-fischer.net\/wp-content\/uploads\/2022\/01\/PotatoPeel-Crisps-cut-1-472x300.png 472w\" sizes=\"(max-width: 598px) 100vw, 598px\" \/><\/figure>\n\n\n\n<p>Kartoffelschalen sind viel zu schade zum Wegwerfen.<\/p>\n\n\n\n<p>Einfach den Backofen auf 180 \u00b0C Umluft vorheizen.<\/p>\n\n\n\n<p>Die Kartoffelschalen mit etwas \u00d6l, Salz und beliebigen Gew\u00fcrzen mischen, auf einem mit Backpapier ausgelegten Blech 25\u201330 Minuten knusprig backen und sofort genie\u00dfen oder abgek\u00fchlt luftdicht verpackt k\u00fchl und dunkel aufbewahren.<\/p>\n\n\n\n<p>Ale Gew\u00fcrze eignen sich besonders: Rosmarin, Thymian, Herbes de Provence,(ger\u00e4uchertes) Paprikapulver, Currypulver, Cayenne oder eine Mischung aus Sojasauce mit Honig und Sesam. Nat\u00fcrlich lassen sich auch andere Samen mitr\u00f6sten, z. B. Sonnenblumen- oder K\u00fcrbiskerne. <\/p>\n","protected":false},"excerpt":{"rendered":"<p>Kartoffelschalen sind viel zu schade zum Wegwerfen. Einfach den Backofen auf 180 \u00b0C Umluft vorheizen. Die Kartoffelschalen mit etwas \u00d6l, Salz und beliebigen Gew\u00fcrzen mischen, auf einem mit Backpapier ausgelegten Blech 25\u201330 Minuten knusprig backen und sofort genie\u00dfen oder abgek\u00fchlt &hellip; <a href=\"https:\/\/margot-fischer.net\/?page_id=1447\">Weiterlesen <span class=\"meta-nav\">&rarr;<\/span><\/a><\/p>\n","protected":false},"author":1,"featured_media":0,"parent":1403,"menu_order":0,"comment_status":"closed","ping_status":"closed","template":"","meta":[],"_links":{"self":[{"href":"https:\/\/margot-fischer.net\/index.php?rest_route=\/wp\/v2\/pages\/1447"}],"collection":[{"href":"https:\/\/margot-fischer.net\/index.php?rest_route=\/wp\/v2\/pages"}],"about":[{"href":"https:\/\/margot-fischer.net\/index.php?rest_route=\/wp\/v2\/types\/page"}],"author":[{"embeddable":true,"href":"https:\/\/margot-fischer.net\/index.php?rest_route=\/wp\/v2\/users\/1"}],"replies":[{"embeddable":true,"href":"https:\/\/margot-fischer.net\/index.php?rest_route=%2Fwp%2Fv2%2Fcomments&post=1447"}],"version-history":[{"count":2,"href":"https:\/\/margot-fischer.net\/index.php?rest_route=\/wp\/v2\/pages\/1447\/revisions"}],"predecessor-version":[{"id":1451,"href":"https:\/\/margot-fischer.net\/index.php?rest_route=\/wp\/v2\/pages\/1447\/revisions\/1451"}],"up":[{"embeddable":true,"href":"https:\/\/margot-fischer.net\/index.php?rest_route=\/wp\/v2\/pages\/1403"}],"wp:attachment":[{"href":"https:\/\/margot-fischer.net\/index.php?rest_route=%2Fwp%2Fv2%2Fmedia&parent=1447"}],"curies":[{"name":"wp","href":"https:\/\/api.w.org\/{rel}","templated":true}]}}