{"id":1518,"date":"2022-02-23T17:40:33","date_gmt":"2022-02-23T15:40:33","guid":{"rendered":"http:\/\/margot-fischer.net\/?page_id=1518"},"modified":"2022-03-24T20:12:56","modified_gmt":"2022-03-24T18:12:56","slug":"karfiolblattragout","status":"publish","type":"page","link":"https:\/\/margot-fischer.net\/?page_id=1518","title":{"rendered":"KarfiolblattRagout"},"content":{"rendered":"\n<p><span style=\"color:#21a50f\" class=\"has-inline-color\">Genie\u00dfen statt Wegwerfen<\/span><\/p>\n\n\n\n<p>Karfiolbl\u00e4tter und -stiele sind ausgesprochen aromatisch mit angenehmem Biss.<\/p>\n\n\n\n<figure class=\"wp-block-image size-large is-style-rounded\"><img decoding=\"async\" loading=\"lazy\" width=\"1024\" height=\"576\" src=\"http:\/\/margot-fischer.net\/wp-content\/uploads\/2022\/02\/Karfiolblatt_Tomatensauce_Mais_Bohnen-2-1024x576.jpg\" alt=\"\" class=\"wp-image-1519\" srcset=\"https:\/\/margot-fischer.net\/wp-content\/uploads\/2022\/02\/Karfiolblatt_Tomatensauce_Mais_Bohnen-2-1024x576.jpg 1024w, https:\/\/margot-fischer.net\/wp-content\/uploads\/2022\/02\/Karfiolblatt_Tomatensauce_Mais_Bohnen-2-300x169.jpg 300w, https:\/\/margot-fischer.net\/wp-content\/uploads\/2022\/02\/Karfiolblatt_Tomatensauce_Mais_Bohnen-2-768x432.jpg 768w, https:\/\/margot-fischer.net\/wp-content\/uploads\/2022\/02\/Karfiolblatt_Tomatensauce_Mais_Bohnen-2-1536x864.jpg 1536w, https:\/\/margot-fischer.net\/wp-content\/uploads\/2022\/02\/Karfiolblatt_Tomatensauce_Mais_Bohnen-2-2048x1152.jpg 2048w, https:\/\/margot-fischer.net\/wp-content\/uploads\/2022\/02\/Karfiolblatt_Tomatensauce_Mais_Bohnen-2-500x281.jpg 500w\" sizes=\"(max-width: 1024px) 100vw, 1024px\" \/><\/figure>\n\n\n\n<p>F\u00fcr dieses sehr wandlungsf\u00e4hige Rezept eignen sich Stiele und Bl\u00e4tter aller Gem\u00fcsesorten mit Ausnahme von Nachtschattengew\u00e4chsen (das sind z. B. Kartoffeln, Tomaten und Melanzane).<\/p>\n\n\n\n<p>Statt Bohnen und Mais eignen sich auch Linsen oder Erbsen plus Quinoa oder Gerste. <\/p>\n\n\n\n<p>Auch die Gew\u00fcrze sind flexibel. Hier ist das Ragout mexikanisch angehaucht, aber auch italienische, indische und asiatische Varianten sind gro\u00dfartig. <\/p>\n\n\n\n<p>Pro Person einfach jeweils einen kleinen Sch\u00f6pfer voll der Hauptzutaten (Bohnen, Karfiolbl\u00e4tter, frische und passierte Tomaten, Mais) verwenden.<\/p>\n\n\n\n<figure class=\"wp-block-image size-large\"><img decoding=\"async\" loading=\"lazy\" width=\"966\" height=\"1024\" src=\"http:\/\/margot-fischer.net\/wp-content\/uploads\/2022\/03\/Bohnen_schwarz_kochen-2-966x1024.jpg\" alt=\"\" class=\"wp-image-1539\" srcset=\"https:\/\/margot-fischer.net\/wp-content\/uploads\/2022\/03\/Bohnen_schwarz_kochen-2-966x1024.jpg 966w, https:\/\/margot-fischer.net\/wp-content\/uploads\/2022\/03\/Bohnen_schwarz_kochen-2-283x300.jpg 283w, https:\/\/margot-fischer.net\/wp-content\/uploads\/2022\/03\/Bohnen_schwarz_kochen-2-768x814.jpg 768w, https:\/\/margot-fischer.net\/wp-content\/uploads\/2022\/03\/Bohnen_schwarz_kochen-2-1449x1536.jpg 1449w, https:\/\/margot-fischer.net\/wp-content\/uploads\/2022\/03\/Bohnen_schwarz_kochen-2-1931x2048.jpg 1931w\" sizes=\"(max-width: 966px) 100vw, 966px\" \/><figcaption>Bohnen \u00fcber Nacht einweichen. Am Folgetag mit einem Lorbeerblatt weich kochen.<\/figcaption><\/figure>\n\n\n\n<figure class=\"wp-block-image size-large\"><img decoding=\"async\" loading=\"lazy\" width=\"1024\" height=\"854\" src=\"http:\/\/margot-fischer.net\/wp-content\/uploads\/2022\/03\/Karfiolblatt_schneiden-1024x854.jpg\" alt=\"\" class=\"wp-image-1533\" srcset=\"https:\/\/margot-fischer.net\/wp-content\/uploads\/2022\/03\/Karfiolblatt_schneiden-1024x854.jpg 1024w, https:\/\/margot-fischer.net\/wp-content\/uploads\/2022\/03\/Karfiolblatt_schneiden-300x250.jpg 300w, https:\/\/margot-fischer.net\/wp-content\/uploads\/2022\/03\/Karfiolblatt_schneiden-768x640.jpg 768w, https:\/\/margot-fischer.net\/wp-content\/uploads\/2022\/03\/Karfiolblatt_schneiden-1536x1280.jpg 1536w, https:\/\/margot-fischer.net\/wp-content\/uploads\/2022\/03\/Karfiolblatt_schneiden-2048x1707.jpg 2048w, https:\/\/margot-fischer.net\/wp-content\/uploads\/2022\/03\/Karfiolblatt_schneiden-360x300.jpg 360w\" sizes=\"(max-width: 1024px) 100vw, 1024px\" \/><figcaption>Karfiolbl\u00e4tter und -stiele in mundegerechte St\u00fccke schneiden<\/figcaption><\/figure>\n\n\n\n<figure class=\"wp-block-image size-large\"><img decoding=\"async\" loading=\"lazy\" width=\"1024\" height=\"826\" src=\"http:\/\/margot-fischer.net\/wp-content\/uploads\/2022\/02\/Schneiden-Tomate-Lauch-Petersil-1024x826.jpg\" alt=\"\" class=\"wp-image-1502\" srcset=\"https:\/\/margot-fischer.net\/wp-content\/uploads\/2022\/02\/Schneiden-Tomate-Lauch-Petersil-1024x826.jpg 1024w, https:\/\/margot-fischer.net\/wp-content\/uploads\/2022\/02\/Schneiden-Tomate-Lauch-Petersil-300x242.jpg 300w, https:\/\/margot-fischer.net\/wp-content\/uploads\/2022\/02\/Schneiden-Tomate-Lauch-Petersil-768x620.jpg 768w, https:\/\/margot-fischer.net\/wp-content\/uploads\/2022\/02\/Schneiden-Tomate-Lauch-Petersil-1536x1240.jpg 1536w, https:\/\/margot-fischer.net\/wp-content\/uploads\/2022\/02\/Schneiden-Tomate-Lauch-Petersil-2048x1653.jpg 2048w, https:\/\/margot-fischer.net\/wp-content\/uploads\/2022\/02\/Schneiden-Tomate-Lauch-Petersil-372x300.jpg 372w\" sizes=\"(max-width: 1024px) 100vw, 1024px\" \/><figcaption>Lauch, Tomaten und Petersilie schneiden<\/figcaption><\/figure>\n\n\n\n<figure class=\"wp-block-image size-large\"><img decoding=\"async\" loading=\"lazy\" width=\"1024\" height=\"576\" src=\"http:\/\/margot-fischer.net\/wp-content\/uploads\/2022\/03\/Karfiolblatt_Zwiebel-Tomate_roesten-1024x576.jpg\" alt=\"\" class=\"wp-image-1534\" srcset=\"https:\/\/margot-fischer.net\/wp-content\/uploads\/2022\/03\/Karfiolblatt_Zwiebel-Tomate_roesten-1024x576.jpg 1024w, https:\/\/margot-fischer.net\/wp-content\/uploads\/2022\/03\/Karfiolblatt_Zwiebel-Tomate_roesten-300x169.jpg 300w, https:\/\/margot-fischer.net\/wp-content\/uploads\/2022\/03\/Karfiolblatt_Zwiebel-Tomate_roesten-768x432.jpg 768w, https:\/\/margot-fischer.net\/wp-content\/uploads\/2022\/03\/Karfiolblatt_Zwiebel-Tomate_roesten-1536x864.jpg 1536w, https:\/\/margot-fischer.net\/wp-content\/uploads\/2022\/03\/Karfiolblatt_Zwiebel-Tomate_roesten-2048x1152.jpg 2048w, https:\/\/margot-fischer.net\/wp-content\/uploads\/2022\/03\/Karfiolblatt_Zwiebel-Tomate_roesten-500x281.jpg 500w\" sizes=\"(max-width: 1024px) 100vw, 1024px\" \/><figcaption>Karfiolbl\u00e4tter, Lauch, Tomaten und Petersilie r\u00f6sten.<\/figcaption><\/figure>\n\n\n\n<figure class=\"wp-block-image size-large\"><img decoding=\"async\" loading=\"lazy\" width=\"1024\" height=\"576\" src=\"http:\/\/margot-fischer.net\/wp-content\/uploads\/2022\/03\/Karfiolblatt_Zwiebel-Tomatensauce-1024x576.jpg\" alt=\"\" class=\"wp-image-1535\" srcset=\"https:\/\/margot-fischer.net\/wp-content\/uploads\/2022\/03\/Karfiolblatt_Zwiebel-Tomatensauce-1024x576.jpg 1024w, https:\/\/margot-fischer.net\/wp-content\/uploads\/2022\/03\/Karfiolblatt_Zwiebel-Tomatensauce-300x169.jpg 300w, https:\/\/margot-fischer.net\/wp-content\/uploads\/2022\/03\/Karfiolblatt_Zwiebel-Tomatensauce-768x432.jpg 768w, https:\/\/margot-fischer.net\/wp-content\/uploads\/2022\/03\/Karfiolblatt_Zwiebel-Tomatensauce-1536x864.jpg 1536w, https:\/\/margot-fischer.net\/wp-content\/uploads\/2022\/03\/Karfiolblatt_Zwiebel-Tomatensauce-2048x1152.jpg 2048w, https:\/\/margot-fischer.net\/wp-content\/uploads\/2022\/03\/Karfiolblatt_Zwiebel-Tomatensauce-500x281.jpg 500w\" sizes=\"(max-width: 1024px) 100vw, 1024px\" \/><figcaption>Passierte Tomaten einr\u00fchren.<\/figcaption><\/figure>\n\n\n\n<figure class=\"wp-block-image size-large\"><img decoding=\"async\" loading=\"lazy\" width=\"1024\" height=\"768\" src=\"http:\/\/margot-fischer.net\/wp-content\/uploads\/2022\/03\/Maiskolben-in-Huelle-1024x768.jpg\" alt=\"\" class=\"wp-image-1536\" srcset=\"https:\/\/margot-fischer.net\/wp-content\/uploads\/2022\/03\/Maiskolben-in-Huelle-1024x768.jpg 1024w, https:\/\/margot-fischer.net\/wp-content\/uploads\/2022\/03\/Maiskolben-in-Huelle-300x225.jpg 300w, https:\/\/margot-fischer.net\/wp-content\/uploads\/2022\/03\/Maiskolben-in-Huelle-768x576.jpg 768w, https:\/\/margot-fischer.net\/wp-content\/uploads\/2022\/03\/Maiskolben-in-Huelle-1536x1152.jpg 1536w, https:\/\/margot-fischer.net\/wp-content\/uploads\/2022\/03\/Maiskolben-in-Huelle-2048x1536.jpg 2048w, https:\/\/margot-fischer.net\/wp-content\/uploads\/2022\/03\/Maiskolben-in-Huelle-400x300.jpg 400w\" sizes=\"(max-width: 1024px) 100vw, 1024px\" \/><figcaption>Maiskolben von der H\u00fclle befreien.<\/figcaption><\/figure>\n\n\n\n<figure class=\"wp-block-image size-large\"><img decoding=\"async\" loading=\"lazy\" width=\"1024\" height=\"768\" src=\"http:\/\/margot-fischer.net\/wp-content\/uploads\/2022\/03\/Maiskolben-2-1024x768.jpg\" alt=\"\" class=\"wp-image-1538\" srcset=\"https:\/\/margot-fischer.net\/wp-content\/uploads\/2022\/03\/Maiskolben-2-1024x768.jpg 1024w, https:\/\/margot-fischer.net\/wp-content\/uploads\/2022\/03\/Maiskolben-2-300x225.jpg 300w, https:\/\/margot-fischer.net\/wp-content\/uploads\/2022\/03\/Maiskolben-2-768x576.jpg 768w, https:\/\/margot-fischer.net\/wp-content\/uploads\/2022\/03\/Maiskolben-2-1536x1152.jpg 1536w, https:\/\/margot-fischer.net\/wp-content\/uploads\/2022\/03\/Maiskolben-2-2048x1536.jpg 2048w, https:\/\/margot-fischer.net\/wp-content\/uploads\/2022\/03\/Maiskolben-2-400x300.jpg 400w\" sizes=\"(max-width: 1024px) 100vw, 1024px\" \/><figcaption>Maisk\u00f6rner vom Kolben l\u00f6sen und in der Karfiolblatt-Tomatensauce einige Minuten mitkochen.<\/figcaption><\/figure>\n\n\n\n<figure class=\"wp-block-image size-large\"><img decoding=\"async\" loading=\"lazy\" width=\"1024\" height=\"576\" src=\"http:\/\/margot-fischer.net\/wp-content\/uploads\/2022\/03\/Karfiolblatt_Tomatensauce_Mais_Bohnen-2-1024x576.jpg\" alt=\"\" class=\"wp-image-1540\" srcset=\"https:\/\/margot-fischer.net\/wp-content\/uploads\/2022\/03\/Karfiolblatt_Tomatensauce_Mais_Bohnen-2-1024x576.jpg 1024w, https:\/\/margot-fischer.net\/wp-content\/uploads\/2022\/03\/Karfiolblatt_Tomatensauce_Mais_Bohnen-2-300x169.jpg 300w, https:\/\/margot-fischer.net\/wp-content\/uploads\/2022\/03\/Karfiolblatt_Tomatensauce_Mais_Bohnen-2-768x432.jpg 768w, https:\/\/margot-fischer.net\/wp-content\/uploads\/2022\/03\/Karfiolblatt_Tomatensauce_Mais_Bohnen-2-1536x864.jpg 1536w, https:\/\/margot-fischer.net\/wp-content\/uploads\/2022\/03\/Karfiolblatt_Tomatensauce_Mais_Bohnen-2-2048x1152.jpg 2048w, https:\/\/margot-fischer.net\/wp-content\/uploads\/2022\/03\/Karfiolblatt_Tomatensauce_Mais_Bohnen-2-500x281.jpg 500w\" sizes=\"(max-width: 1024px) 100vw, 1024px\" \/><figcaption>Die gekochten Bohnen einr\u00fchren. Kr\u00e4ftig w\u00fcrzen und mit frischer Petersilie bestreut servieren.<\/figcaption><\/figure>\n","protected":false},"excerpt":{"rendered":"<p>Genie\u00dfen statt Wegwerfen Karfiolbl\u00e4tter und -stiele sind ausgesprochen aromatisch mit angenehmem Biss. F\u00fcr dieses sehr wandlungsf\u00e4hige Rezept eignen sich Stiele und Bl\u00e4tter aller Gem\u00fcsesorten mit Ausnahme von Nachtschattengew\u00e4chsen (das sind z. B. Kartoffeln, Tomaten und Melanzane). Statt Bohnen und Mais &hellip; <a href=\"https:\/\/margot-fischer.net\/?page_id=1518\">Weiterlesen <span class=\"meta-nav\">&rarr;<\/span><\/a><\/p>\n","protected":false},"author":1,"featured_media":0,"parent":1403,"menu_order":0,"comment_status":"closed","ping_status":"closed","template":"","meta":[],"_links":{"self":[{"href":"https:\/\/margot-fischer.net\/index.php?rest_route=\/wp\/v2\/pages\/1518"}],"collection":[{"href":"https:\/\/margot-fischer.net\/index.php?rest_route=\/wp\/v2\/pages"}],"about":[{"href":"https:\/\/margot-fischer.net\/index.php?rest_route=\/wp\/v2\/types\/page"}],"author":[{"embeddable":true,"href":"https:\/\/margot-fischer.net\/index.php?rest_route=\/wp\/v2\/users\/1"}],"replies":[{"embeddable":true,"href":"https:\/\/margot-fischer.net\/index.php?rest_route=%2Fwp%2Fv2%2Fcomments&post=1518"}],"version-history":[{"count":3,"href":"https:\/\/margot-fischer.net\/index.php?rest_route=\/wp\/v2\/pages\/1518\/revisions"}],"predecessor-version":[{"id":1541,"href":"https:\/\/margot-fischer.net\/index.php?rest_route=\/wp\/v2\/pages\/1518\/revisions\/1541"}],"up":[{"embeddable":true,"href":"https:\/\/margot-fischer.net\/index.php?rest_route=\/wp\/v2\/pages\/1403"}],"wp:attachment":[{"href":"https:\/\/margot-fischer.net\/index.php?rest_route=%2Fwp%2Fv2%2Fmedia&parent=1518"}],"curies":[{"name":"wp","href":"https:\/\/api.w.org\/{rel}","templated":true}]}}