{"id":1542,"date":"2022-03-24T20:20:25","date_gmt":"2022-03-24T18:20:25","guid":{"rendered":"http:\/\/margot-fischer.net\/?page_id=1542"},"modified":"2022-03-24T23:37:52","modified_gmt":"2022-03-24T21:37:52","slug":"kuerbisschalenchips","status":"publish","type":"page","link":"https:\/\/margot-fischer.net\/?page_id=1542","title":{"rendered":"K\u00fcrbisschalenChips"},"content":{"rendered":"\n<p><span style=\"color:#38a300\" class=\"has-inline-color\"><strong>GENIESSEN STATT WEGWERFEN<\/strong><\/span><\/p>\n\n\n\n<p><span style=\"color:#a34700\" class=\"has-inline-color\">Die Schalen von K\u00fcrbissen ergeben aromatisch-knusprige Chips.<\/span><\/p>\n\n\n\n<p><span style=\"color:#a35000\" class=\"has-inline-color\">Als Gew\u00fcrze passen besonders gut Thymian, Rosmarin, Kr\u00e4uter der Provence, rosa Beeren, Curry, Muskatnuss, Orangenschale und Zimt.<\/span><\/p>\n\n\n\n<figure class=\"wp-block-image size-large\"><img decoding=\"async\" loading=\"lazy\" width=\"1024\" height=\"736\" src=\"http:\/\/margot-fischer.net\/wp-content\/uploads\/2022\/03\/Kuerbis-schaelen-1024x736.jpg\" alt=\"\" class=\"wp-image-1543\" srcset=\"https:\/\/margot-fischer.net\/wp-content\/uploads\/2022\/03\/Kuerbis-schaelen-1024x736.jpg 1024w, https:\/\/margot-fischer.net\/wp-content\/uploads\/2022\/03\/Kuerbis-schaelen-300x216.jpg 300w, https:\/\/margot-fischer.net\/wp-content\/uploads\/2022\/03\/Kuerbis-schaelen-768x552.jpg 768w, https:\/\/margot-fischer.net\/wp-content\/uploads\/2022\/03\/Kuerbis-schaelen-1536x1104.jpg 1536w, https:\/\/margot-fischer.net\/wp-content\/uploads\/2022\/03\/Kuerbis-schaelen-2048x1472.jpg 2048w, https:\/\/margot-fischer.net\/wp-content\/uploads\/2022\/03\/Kuerbis-schaelen-417x300.jpg 417w\" sizes=\"(max-width: 1024px) 100vw, 1024px\" \/><figcaption>Den K\u00fcrbis sehr d\u00fcnn sch\u00e4len.<\/figcaption><\/figure>\n\n\n\n<figure class=\"wp-block-image size-large\"><img decoding=\"async\" loading=\"lazy\" width=\"768\" height=\"1024\" src=\"http:\/\/margot-fischer.net\/wp-content\/uploads\/2022\/03\/Kuerbisschalen_braten-768x1024.jpg\" alt=\"\" class=\"wp-image-1544\" srcset=\"https:\/\/margot-fischer.net\/wp-content\/uploads\/2022\/03\/Kuerbisschalen_braten-768x1024.jpg 768w, https:\/\/margot-fischer.net\/wp-content\/uploads\/2022\/03\/Kuerbisschalen_braten-225x300.jpg 225w, https:\/\/margot-fischer.net\/wp-content\/uploads\/2022\/03\/Kuerbisschalen_braten-1152x1536.jpg 1152w, https:\/\/margot-fischer.net\/wp-content\/uploads\/2022\/03\/Kuerbisschalen_braten-1536x2048.jpg 1536w, https:\/\/margot-fischer.net\/wp-content\/uploads\/2022\/03\/Kuerbisschalen_braten-scaled.jpg 1920w\" sizes=\"(max-width: 768px) 100vw, 768px\" \/><figcaption>Die K\u00fcrbisschalen sch\u00f6n langsam knusprig braten.<\/figcaption><\/figure>\n\n\n\n<figure class=\"wp-block-image size-large\"><img decoding=\"async\" loading=\"lazy\" width=\"1024\" height=\"768\" src=\"http:\/\/margot-fischer.net\/wp-content\/uploads\/2022\/03\/Kuerbisschalen_Chips-ferig-1024x768.jpg\" alt=\"\" class=\"wp-image-1545\" srcset=\"https:\/\/margot-fischer.net\/wp-content\/uploads\/2022\/03\/Kuerbisschalen_Chips-ferig-1024x768.jpg 1024w, https:\/\/margot-fischer.net\/wp-content\/uploads\/2022\/03\/Kuerbisschalen_Chips-ferig-300x225.jpg 300w, https:\/\/margot-fischer.net\/wp-content\/uploads\/2022\/03\/Kuerbisschalen_Chips-ferig-768x576.jpg 768w, https:\/\/margot-fischer.net\/wp-content\/uploads\/2022\/03\/Kuerbisschalen_Chips-ferig-1536x1152.jpg 1536w, https:\/\/margot-fischer.net\/wp-content\/uploads\/2022\/03\/Kuerbisschalen_Chips-ferig-2048x1536.jpg 2048w, https:\/\/margot-fischer.net\/wp-content\/uploads\/2022\/03\/Kuerbisschalen_Chips-ferig-400x300.jpg 400w\" sizes=\"(max-width: 1024px) 100vw, 1024px\" \/><figcaption>Die fertigen Chips w\u00fcrzen und sofort genie\u00dfen \u2013 oder in dicht verschlossenen Gef\u00e4\u00dfen k\u00fchl und lichtgesch\u00fctzt maximal 3 Monate aufbewahren.<\/figcaption><\/figure>\n\n\n\n<p><\/p>\n","protected":false},"excerpt":{"rendered":"<p>GENIESSEN STATT WEGWERFEN Die Schalen von K\u00fcrbissen ergeben aromatisch-knusprige Chips. Als Gew\u00fcrze passen besonders gut Thymian, Rosmarin, Kr\u00e4uter der Provence, rosa Beeren, Curry, Muskatnuss, Orangenschale und Zimt.<\/p>\n","protected":false},"author":1,"featured_media":0,"parent":1403,"menu_order":0,"comment_status":"closed","ping_status":"closed","template":"","meta":[],"_links":{"self":[{"href":"https:\/\/margot-fischer.net\/index.php?rest_route=\/wp\/v2\/pages\/1542"}],"collection":[{"href":"https:\/\/margot-fischer.net\/index.php?rest_route=\/wp\/v2\/pages"}],"about":[{"href":"https:\/\/margot-fischer.net\/index.php?rest_route=\/wp\/v2\/types\/page"}],"author":[{"embeddable":true,"href":"https:\/\/margot-fischer.net\/index.php?rest_route=\/wp\/v2\/users\/1"}],"replies":[{"embeddable":true,"href":"https:\/\/margot-fischer.net\/index.php?rest_route=%2Fwp%2Fv2%2Fcomments&post=1542"}],"version-history":[{"count":2,"href":"https:\/\/margot-fischer.net\/index.php?rest_route=\/wp\/v2\/pages\/1542\/revisions"}],"predecessor-version":[{"id":1561,"href":"https:\/\/margot-fischer.net\/index.php?rest_route=\/wp\/v2\/pages\/1542\/revisions\/1561"}],"up":[{"embeddable":true,"href":"https:\/\/margot-fischer.net\/index.php?rest_route=\/wp\/v2\/pages\/1403"}],"wp:attachment":[{"href":"https:\/\/margot-fischer.net\/index.php?rest_route=%2Fwp%2Fv2%2Fmedia&parent=1542"}],"curies":[{"name":"wp","href":"https:\/\/api.w.org\/{rel}","templated":true}]}}