{"id":1547,"date":"2022-03-24T20:42:25","date_gmt":"2022-03-24T18:42:25","guid":{"rendered":"http:\/\/margot-fischer.net\/?page_id=1547"},"modified":"2022-03-24T23:36:39","modified_gmt":"2022-03-24T21:36:39","slug":"bananenschalensalat","status":"publish","type":"page","link":"https:\/\/margot-fischer.net\/?page_id=1547","title":{"rendered":"BananenschalenSalat"},"content":{"rendered":"\n<p><span style=\"color:#4ea300\" class=\"has-inline-color\"><strong>GENIESSEN STATT WEGWERFEN<\/strong><\/span><\/p>\n\n\n\n<p><span style=\"color:#e9740d\" class=\"has-inline-color\">Bananenschalen haben ein feines Aroma. <\/span><\/p>\n\n\n\n<p><span style=\"color:#e9740d\" class=\"has-inline-color\">Au\u00dferdem sind sie reich an wertvollen N\u00e4hr- und Ballaststoffen<\/span>.<\/p>\n\n\n\n<p><span style=\"color:#14edf0\" class=\"has-inline-color\">Wer anfallende Schalen nicht sofort verwenden kann oder eine gr\u00f6\u00dfere Menge sammeln m\u00f6chte, lagert sie bis zur Zubereitung im Tiefk\u00fchlfach.<\/span><\/p>\n\n\n\n<figure class=\"wp-block-image size-large\"><img decoding=\"async\" loading=\"lazy\" width=\"970\" height=\"1024\" src=\"http:\/\/margot-fischer.net\/wp-content\/uploads\/2022\/03\/Bananenschale-Streifen_Bohnensalat-970x1024.jpg\" alt=\"\" class=\"wp-image-1548\" srcset=\"https:\/\/margot-fischer.net\/wp-content\/uploads\/2022\/03\/Bananenschale-Streifen_Bohnensalat-970x1024.jpg 970w, https:\/\/margot-fischer.net\/wp-content\/uploads\/2022\/03\/Bananenschale-Streifen_Bohnensalat-284x300.jpg 284w, https:\/\/margot-fischer.net\/wp-content\/uploads\/2022\/03\/Bananenschale-Streifen_Bohnensalat-768x811.jpg 768w, https:\/\/margot-fischer.net\/wp-content\/uploads\/2022\/03\/Bananenschale-Streifen_Bohnensalat-1455x1536.jpg 1455w, https:\/\/margot-fischer.net\/wp-content\/uploads\/2022\/03\/Bananenschale-Streifen_Bohnensalat-1940x2048.jpg 1940w\" sizes=\"(max-width: 970px) 100vw, 970px\" \/><figcaption>Bananenschalensalat Mexiko<\/figcaption><\/figure>\n\n\n\n<p>Pro Person jeweils einen kleinen Sch\u00f6pfer voll der Hauptzutaten (Bohnen, Mais, Bananenschale, Lauch und Tomate), 1 TL Zitronensaft, 1 Essl\u00f6ffel Oliven\u00f6l sowie 1 Essl\u00f6ffel frische Petersilie oder Koriander verwenden. Mit Salz und rosa Beeren abschmecken.<\/p>\n\n\n\n<figure class=\"wp-block-image size-large\"><img decoding=\"async\" loading=\"lazy\" width=\"966\" height=\"1024\" src=\"http:\/\/margot-fischer.net\/wp-content\/uploads\/2022\/03\/Bohnen_schwarz_kochen-2-1-966x1024.jpg\" alt=\"\" class=\"wp-image-1549\" srcset=\"https:\/\/margot-fischer.net\/wp-content\/uploads\/2022\/03\/Bohnen_schwarz_kochen-2-1-966x1024.jpg 966w, https:\/\/margot-fischer.net\/wp-content\/uploads\/2022\/03\/Bohnen_schwarz_kochen-2-1-283x300.jpg 283w, https:\/\/margot-fischer.net\/wp-content\/uploads\/2022\/03\/Bohnen_schwarz_kochen-2-1-768x814.jpg 768w, https:\/\/margot-fischer.net\/wp-content\/uploads\/2022\/03\/Bohnen_schwarz_kochen-2-1-1449x1536.jpg 1449w, https:\/\/margot-fischer.net\/wp-content\/uploads\/2022\/03\/Bohnen_schwarz_kochen-2-1-1931x2048.jpg 1931w\" sizes=\"(max-width: 966px) 100vw, 966px\" \/><figcaption>Bohnen \u00fcber Nacht in kaltem Wasser einweichen. Am Folgetag mit einem Lorbeerblatt weichkochen.<\/figcaption><\/figure>\n\n\n\n<figure class=\"wp-block-image size-large\"><img decoding=\"async\" loading=\"lazy\" width=\"1002\" height=\"1024\" src=\"http:\/\/margot-fischer.net\/wp-content\/uploads\/2022\/03\/Maiskolben-kochen-1-1002x1024.jpg\" alt=\"\" class=\"wp-image-1551\" srcset=\"https:\/\/margot-fischer.net\/wp-content\/uploads\/2022\/03\/Maiskolben-kochen-1-1002x1024.jpg 1002w, https:\/\/margot-fischer.net\/wp-content\/uploads\/2022\/03\/Maiskolben-kochen-1-294x300.jpg 294w, https:\/\/margot-fischer.net\/wp-content\/uploads\/2022\/03\/Maiskolben-kochen-1-768x785.jpg 768w, https:\/\/margot-fischer.net\/wp-content\/uploads\/2022\/03\/Maiskolben-kochen-1-1503x1536.jpg 1503w, https:\/\/margot-fischer.net\/wp-content\/uploads\/2022\/03\/Maiskolben-kochen-1-2004x2048.jpg 2004w\" sizes=\"(max-width: 1002px) 100vw, 1002px\" \/><figcaption>Maiskolben in Salzwasser weich kochen.<\/figcaption><\/figure>\n\n\n\n<figure class=\"wp-block-image size-large\"><img decoding=\"async\" loading=\"lazy\" width=\"1024\" height=\"768\" src=\"http:\/\/margot-fischer.net\/wp-content\/uploads\/2022\/03\/Maiskolben-2-1024x768.jpg\" alt=\"\" class=\"wp-image-1538\" srcset=\"https:\/\/margot-fischer.net\/wp-content\/uploads\/2022\/03\/Maiskolben-2-1024x768.jpg 1024w, https:\/\/margot-fischer.net\/wp-content\/uploads\/2022\/03\/Maiskolben-2-300x225.jpg 300w, https:\/\/margot-fischer.net\/wp-content\/uploads\/2022\/03\/Maiskolben-2-768x576.jpg 768w, https:\/\/margot-fischer.net\/wp-content\/uploads\/2022\/03\/Maiskolben-2-1536x1152.jpg 1536w, https:\/\/margot-fischer.net\/wp-content\/uploads\/2022\/03\/Maiskolben-2-2048x1536.jpg 2048w, https:\/\/margot-fischer.net\/wp-content\/uploads\/2022\/03\/Maiskolben-2-400x300.jpg 400w\" sizes=\"(max-width: 1024px) 100vw, 1024px\" \/><\/figure>\n\n\n\n<figure class=\"wp-block-image size-large\"><img decoding=\"async\" loading=\"lazy\" width=\"1024\" height=\"606\" src=\"http:\/\/margot-fischer.net\/wp-content\/uploads\/2022\/03\/Bananenschale_schneiden-2-1024x606.jpg\" alt=\"\" class=\"wp-image-1552\" srcset=\"https:\/\/margot-fischer.net\/wp-content\/uploads\/2022\/03\/Bananenschale_schneiden-2-1024x606.jpg 1024w, https:\/\/margot-fischer.net\/wp-content\/uploads\/2022\/03\/Bananenschale_schneiden-2-300x177.jpg 300w, https:\/\/margot-fischer.net\/wp-content\/uploads\/2022\/03\/Bananenschale_schneiden-2-768x454.jpg 768w, https:\/\/margot-fischer.net\/wp-content\/uploads\/2022\/03\/Bananenschale_schneiden-2-1536x908.jpg 1536w, https:\/\/margot-fischer.net\/wp-content\/uploads\/2022\/03\/Bananenschale_schneiden-2-2048x1211.jpg 2048w, https:\/\/margot-fischer.net\/wp-content\/uploads\/2022\/03\/Bananenschale_schneiden-2-500x296.jpg 500w\" sizes=\"(max-width: 1024px) 100vw, 1024px\" \/><figcaption>Bananenschalen in Streifen schneiden.<\/figcaption><\/figure>\n\n\n\n<figure class=\"wp-block-image size-large\"><img decoding=\"async\" loading=\"lazy\" width=\"1024\" height=\"782\" src=\"http:\/\/margot-fischer.net\/wp-content\/uploads\/2022\/03\/Bananenschale_Streifen_braten-1024x782.jpg\" alt=\"\" class=\"wp-image-1553\" srcset=\"https:\/\/margot-fischer.net\/wp-content\/uploads\/2022\/03\/Bananenschale_Streifen_braten-1024x782.jpg 1024w, https:\/\/margot-fischer.net\/wp-content\/uploads\/2022\/03\/Bananenschale_Streifen_braten-300x229.jpg 300w, https:\/\/margot-fischer.net\/wp-content\/uploads\/2022\/03\/Bananenschale_Streifen_braten-768x586.jpg 768w, https:\/\/margot-fischer.net\/wp-content\/uploads\/2022\/03\/Bananenschale_Streifen_braten-1536x1172.jpg 1536w, https:\/\/margot-fischer.net\/wp-content\/uploads\/2022\/03\/Bananenschale_Streifen_braten-2048x1563.jpg 2048w, https:\/\/margot-fischer.net\/wp-content\/uploads\/2022\/03\/Bananenschale_Streifen_braten-393x300.jpg 393w\" sizes=\"(max-width: 1024px) 100vw, 1024px\" \/><figcaption>Die Bananenschalen knusprig braten.<\/figcaption><\/figure>\n\n\n\n<figure class=\"wp-block-image size-large\"><img decoding=\"async\" loading=\"lazy\" width=\"1024\" height=\"826\" src=\"http:\/\/margot-fischer.net\/wp-content\/uploads\/2022\/02\/Schneiden-Tomate-Lauch-Petersil-1024x826.jpg\" alt=\"\" class=\"wp-image-1502\" srcset=\"https:\/\/margot-fischer.net\/wp-content\/uploads\/2022\/02\/Schneiden-Tomate-Lauch-Petersil-1024x826.jpg 1024w, https:\/\/margot-fischer.net\/wp-content\/uploads\/2022\/02\/Schneiden-Tomate-Lauch-Petersil-300x242.jpg 300w, https:\/\/margot-fischer.net\/wp-content\/uploads\/2022\/02\/Schneiden-Tomate-Lauch-Petersil-768x620.jpg 768w, https:\/\/margot-fischer.net\/wp-content\/uploads\/2022\/02\/Schneiden-Tomate-Lauch-Petersil-1536x1240.jpg 1536w, https:\/\/margot-fischer.net\/wp-content\/uploads\/2022\/02\/Schneiden-Tomate-Lauch-Petersil-2048x1653.jpg 2048w, https:\/\/margot-fischer.net\/wp-content\/uploads\/2022\/02\/Schneiden-Tomate-Lauch-Petersil-372x300.jpg 372w\" sizes=\"(max-width: 1024px) 100vw, 1024px\" \/><figcaption>Lauch, Tomaten und Petersilie schneiden.<\/figcaption><\/figure>\n\n\n\n<figure class=\"wp-block-image size-large\"><img decoding=\"async\" loading=\"lazy\" width=\"970\" height=\"1024\" src=\"http:\/\/margot-fischer.net\/wp-content\/uploads\/2022\/03\/Bananenschale-Streifen_Bohnensalat-1-970x1024.jpg\" alt=\"\" class=\"wp-image-1554\" srcset=\"https:\/\/margot-fischer.net\/wp-content\/uploads\/2022\/03\/Bananenschale-Streifen_Bohnensalat-1-970x1024.jpg 970w, https:\/\/margot-fischer.net\/wp-content\/uploads\/2022\/03\/Bananenschale-Streifen_Bohnensalat-1-284x300.jpg 284w, https:\/\/margot-fischer.net\/wp-content\/uploads\/2022\/03\/Bananenschale-Streifen_Bohnensalat-1-768x811.jpg 768w, https:\/\/margot-fischer.net\/wp-content\/uploads\/2022\/03\/Bananenschale-Streifen_Bohnensalat-1-1455x1536.jpg 1455w, https:\/\/margot-fischer.net\/wp-content\/uploads\/2022\/03\/Bananenschale-Streifen_Bohnensalat-1-1940x2048.jpg 1940w\" sizes=\"(max-width: 970px) 100vw, 970px\" \/><figcaption>Bohnen, Mais, Lauch, Tomaten und Petersilie verr\u00fchren. Aus Zitronensaft und Oliven\u00f6l mit Salz und rosa Beeren ein Dressing r\u00fchren und mit dem Gem\u00fcse mischen. Mit den Bananenschalen belegen. Mit Petersilie bestreut servieren.<\/figcaption><\/figure>\n","protected":false},"excerpt":{"rendered":"<p>GENIESSEN STATT WEGWERFEN Bananenschalen haben ein feines Aroma. Au\u00dferdem sind sie reich an wertvollen N\u00e4hr- und Ballaststoffen. Wer anfallende Schalen nicht sofort verwenden kann oder eine gr\u00f6\u00dfere Menge sammeln m\u00f6chte, lagert sie bis zur Zubereitung im Tiefk\u00fchlfach. Pro Person jeweils &hellip; <a href=\"https:\/\/margot-fischer.net\/?page_id=1547\">Weiterlesen <span class=\"meta-nav\">&rarr;<\/span><\/a><\/p>\n","protected":false},"author":1,"featured_media":0,"parent":1403,"menu_order":0,"comment_status":"closed","ping_status":"closed","template":"","meta":[],"_links":{"self":[{"href":"https:\/\/margot-fischer.net\/index.php?rest_route=\/wp\/v2\/pages\/1547"}],"collection":[{"href":"https:\/\/margot-fischer.net\/index.php?rest_route=\/wp\/v2\/pages"}],"about":[{"href":"https:\/\/margot-fischer.net\/index.php?rest_route=\/wp\/v2\/types\/page"}],"author":[{"embeddable":true,"href":"https:\/\/margot-fischer.net\/index.php?rest_route=\/wp\/v2\/users\/1"}],"replies":[{"embeddable":true,"href":"https:\/\/margot-fischer.net\/index.php?rest_route=%2Fwp%2Fv2%2Fcomments&post=1547"}],"version-history":[{"count":3,"href":"https:\/\/margot-fischer.net\/index.php?rest_route=\/wp\/v2\/pages\/1547\/revisions"}],"predecessor-version":[{"id":1559,"href":"https:\/\/margot-fischer.net\/index.php?rest_route=\/wp\/v2\/pages\/1547\/revisions\/1559"}],"up":[{"embeddable":true,"href":"https:\/\/margot-fischer.net\/index.php?rest_route=\/wp\/v2\/pages\/1403"}],"wp:attachment":[{"href":"https:\/\/margot-fischer.net\/index.php?rest_route=%2Fwp%2Fv2%2Fmedia&parent=1547"}],"curies":[{"name":"wp","href":"https:\/\/api.w.org\/{rel}","templated":true}]}}