{"id":156,"date":"2012-10-08T14:22:26","date_gmt":"2012-10-08T12:22:26","guid":{"rendered":"http:\/\/margot-fischer.net\/?page_id=156"},"modified":"2012-11-22T18:25:47","modified_gmt":"2012-11-22T16:25:47","slug":"desserts","status":"publish","type":"page","link":"https:\/\/margot-fischer.net\/?page_id=156","title":{"rendered":"Desserts"},"content":{"rendered":"<p>verf\u00fchrerisch und au\u00dfergew\u00f6hnlich<\/p>\n","protected":false},"excerpt":{"rendered":"<p>verf\u00fchrerisch und au\u00dfergew\u00f6hnlich<\/p>\n","protected":false},"author":1,"featured_media":0,"parent":51,"menu_order":0,"comment_status":"closed","ping_status":"open","template":"","meta":[],"_links":{"self":[{"href":"https:\/\/margot-fischer.net\/index.php?rest_route=\/wp\/v2\/pages\/156"}],"collection":[{"href":"https:\/\/margot-fischer.net\/index.php?rest_route=\/wp\/v2\/pages"}],"about":[{"href":"https:\/\/margot-fischer.net\/index.php?rest_route=\/wp\/v2\/types\/page"}],"author":[{"embeddable":true,"href":"https:\/\/margot-fischer.net\/index.php?rest_route=\/wp\/v2\/users\/1"}],"replies":[{"embeddable":true,"href":"https:\/\/margot-fischer.net\/index.php?rest_route=%2Fwp%2Fv2%2Fcomments&post=156"}],"version-history":[{"count":6,"href":"https:\/\/margot-fischer.net\/index.php?rest_route=\/wp\/v2\/pages\/156\/revisions"}],"predecessor-version":[{"id":310,"href":"https:\/\/margot-fischer.net\/index.php?rest_route=\/wp\/v2\/pages\/156\/revisions\/310"}],"up":[{"embeddable":true,"href":"https:\/\/margot-fischer.net\/index.php?rest_route=\/wp\/v2\/pages\/51"}],"wp:attachment":[{"href":"https:\/\/margot-fischer.net\/index.php?rest_route=%2Fwp%2Fv2%2Fmedia&parent=156"}],"curies":[{"name":"wp","href":"https:\/\/api.w.org\/{rel}","templated":true}]}}