{"id":1647,"date":"2022-05-21T00:04:40","date_gmt":"2022-05-20T22:04:40","guid":{"rendered":"http:\/\/margot-fischer.net\/?page_id=1647"},"modified":"2022-05-23T00:44:48","modified_gmt":"2022-05-22T22:44:48","slug":"wassermelonenkerne","status":"publish","type":"page","link":"https:\/\/margot-fischer.net\/?page_id=1647","title":{"rendered":"Wassermelonenkerne"},"content":{"rendered":"\n<p><strong><span style=\"color:#19a300\" class=\"has-inline-color\">Wassermelonenkerne enthalten wertvolle unges\u00e4ttigte Fetts\u00e4uren, B-Vitamine und Mineralstoffe wie z. B. Magnesium, Calcium und Eisen.<\/span><\/strong><\/p>\n\n\n\n<figure class=\"wp-block-image size-large\"><img decoding=\"async\" loading=\"lazy\" width=\"980\" height=\"1024\" src=\"http:\/\/margot-fischer.net\/wp-content\/uploads\/2022\/05\/WM-Kerne-roesten-980x1024.jpg\" alt=\"\" class=\"wp-image-1643\" srcset=\"https:\/\/margot-fischer.net\/wp-content\/uploads\/2022\/05\/WM-Kerne-roesten-980x1024.jpg 980w, https:\/\/margot-fischer.net\/wp-content\/uploads\/2022\/05\/WM-Kerne-roesten-287x300.jpg 287w, https:\/\/margot-fischer.net\/wp-content\/uploads\/2022\/05\/WM-Kerne-roesten-768x803.jpg 768w, https:\/\/margot-fischer.net\/wp-content\/uploads\/2022\/05\/WM-Kerne-roesten-1469x1536.jpg 1469w, https:\/\/margot-fischer.net\/wp-content\/uploads\/2022\/05\/WM-Kerne-roesten-1959x2048.jpg 1959w\" sizes=\"(max-width: 980px) 100vw, 980px\" \/><\/figure>\n\n\n\n<p><span style=\"color:#a30016\" class=\"has-inline-color\">Zum Knabbern, f\u00fcr M\u00fcsli und Salate.<\/span><\/p>\n\n\n\n<p><span style=\"color:#a30016\" class=\"has-inline-color\">Die Kerne vom Fruchtfleisch befreien und trocknen lassen.<\/span> <\/p>\n\n\n\n<figure class=\"wp-block-image size-large\"><img decoding=\"async\" loading=\"lazy\" width=\"1024\" height=\"543\" src=\"http:\/\/margot-fischer.net\/wp-content\/uploads\/2022\/05\/WM-Kerne-trocknen-1024x543.jpg\" alt=\"\" class=\"wp-image-1644\" srcset=\"https:\/\/margot-fischer.net\/wp-content\/uploads\/2022\/05\/WM-Kerne-trocknen-1024x543.jpg 1024w, https:\/\/margot-fischer.net\/wp-content\/uploads\/2022\/05\/WM-Kerne-trocknen-300x159.jpg 300w, https:\/\/margot-fischer.net\/wp-content\/uploads\/2022\/05\/WM-Kerne-trocknen-768x407.jpg 768w, https:\/\/margot-fischer.net\/wp-content\/uploads\/2022\/05\/WM-Kerne-trocknen-500x265.jpg 500w, https:\/\/margot-fischer.net\/wp-content\/uploads\/2022\/05\/WM-Kerne-trocknen.jpg 1509w\" sizes=\"(max-width: 1024px) 100vw, 1024px\" \/><\/figure>\n\n\n\n<p><span style=\"color:#a3002c\" class=\"has-inline-color\">Die Kerne nach Belieben hacken, mahlen oder r\u00f6sten und salzen.<\/span><\/p>\n\n\n\n<figure class=\"wp-block-image size-large\"><img decoding=\"async\" loading=\"lazy\" width=\"1024\" height=\"1016\" src=\"http:\/\/margot-fischer.net\/wp-content\/uploads\/2022\/05\/WM-Kerne-Salat-1024x1016.jpg\" alt=\"\" class=\"wp-image-1645\" srcset=\"https:\/\/margot-fischer.net\/wp-content\/uploads\/2022\/05\/WM-Kerne-Salat-1024x1016.jpg 1024w, https:\/\/margot-fischer.net\/wp-content\/uploads\/2022\/05\/WM-Kerne-Salat-300x298.jpg 300w, https:\/\/margot-fischer.net\/wp-content\/uploads\/2022\/05\/WM-Kerne-Salat-150x150.jpg 150w, https:\/\/margot-fischer.net\/wp-content\/uploads\/2022\/05\/WM-Kerne-Salat-768x762.jpg 768w, https:\/\/margot-fischer.net\/wp-content\/uploads\/2022\/05\/WM-Kerne-Salat-1536x1524.jpg 1536w, https:\/\/margot-fischer.net\/wp-content\/uploads\/2022\/05\/WM-Kerne-Salat-2048x2032.jpg 2048w, https:\/\/margot-fischer.net\/wp-content\/uploads\/2022\/05\/WM-Kerne-Salat-302x300.jpg 302w\" sizes=\"(max-width: 1024px) 100vw, 1024px\" \/><\/figure>\n","protected":false},"excerpt":{"rendered":"<p>Wassermelonenkerne enthalten wertvolle unges\u00e4ttigte Fetts\u00e4uren, B-Vitamine und Mineralstoffe wie z. B. Magnesium, Calcium und Eisen. Zum Knabbern, f\u00fcr M\u00fcsli und Salate. Die Kerne vom Fruchtfleisch befreien und trocknen lassen. Die Kerne nach Belieben hacken, mahlen oder r\u00f6sten und salzen.<\/p>\n","protected":false},"author":1,"featured_media":0,"parent":1403,"menu_order":0,"comment_status":"closed","ping_status":"closed","template":"","meta":[],"_links":{"self":[{"href":"https:\/\/margot-fischer.net\/index.php?rest_route=\/wp\/v2\/pages\/1647"}],"collection":[{"href":"https:\/\/margot-fischer.net\/index.php?rest_route=\/wp\/v2\/pages"}],"about":[{"href":"https:\/\/margot-fischer.net\/index.php?rest_route=\/wp\/v2\/types\/page"}],"author":[{"embeddable":true,"href":"https:\/\/margot-fischer.net\/index.php?rest_route=\/wp\/v2\/users\/1"}],"replies":[{"embeddable":true,"href":"https:\/\/margot-fischer.net\/index.php?rest_route=%2Fwp%2Fv2%2Fcomments&post=1647"}],"version-history":[{"count":2,"href":"https:\/\/margot-fischer.net\/index.php?rest_route=\/wp\/v2\/pages\/1647\/revisions"}],"predecessor-version":[{"id":1665,"href":"https:\/\/margot-fischer.net\/index.php?rest_route=\/wp\/v2\/pages\/1647\/revisions\/1665"}],"up":[{"embeddable":true,"href":"https:\/\/margot-fischer.net\/index.php?rest_route=\/wp\/v2\/pages\/1403"}],"wp:attachment":[{"href":"https:\/\/margot-fischer.net\/index.php?rest_route=%2Fwp%2Fv2%2Fmedia&parent=1647"}],"curies":[{"name":"wp","href":"https:\/\/api.w.org\/{rel}","templated":true}]}}