{"id":169,"date":"2012-10-15T13:48:18","date_gmt":"2012-10-15T11:48:18","guid":{"rendered":"http:\/\/margot-fischer.net\/?page_id=169"},"modified":"2012-11-22T18:25:47","modified_gmt":"2012-11-22T16:25:47","slug":"kurbiskern-nuss-scheiben","status":"publish","type":"page","link":"https:\/\/margot-fischer.net\/?page_id=169","title":{"rendered":"K\u00fcrbiskern-Nuss-Scheiben"},"content":{"rendered":"<p>3 Eier<br \/>\n200 g Staubzucker<br \/>\n24 EL Mehl<br \/>\n20 Rosinen<br \/>\n30 Waln\u00fcsse gehackt<br \/>\n25 K\u00fcrbiskerne gehackt<br \/>\n1 EL Vanillezucker<br \/>\n3 EL Eierlik\u00f6r oder Rum<br \/>\n\u00bd TL Zimt<\/p>\n<p>Zutaten verkneten, zu kleinen Rollen mit 3 cm Durchmesser formen, in Scheiben schneiden und bei 150-180\u00b0C im Rohr ca. 40 Minuten trocknen.<\/p>\n","protected":false},"excerpt":{"rendered":"<p>3 Eier 200 g Staubzucker 24 EL Mehl 20 Rosinen 30 Waln\u00fcsse gehackt 25 K\u00fcrbiskerne gehackt 1 EL Vanillezucker 3 EL Eierlik\u00f6r oder Rum \u00bd TL Zimt Zutaten verkneten, zu kleinen Rollen mit 3 cm Durchmesser formen, in Scheiben schneiden &hellip; <a href=\"https:\/\/margot-fischer.net\/?page_id=169\">Weiterlesen <span class=\"meta-nav\">&rarr;<\/span><\/a><\/p>\n","protected":false},"author":1,"featured_media":465,"parent":156,"menu_order":0,"comment_status":"closed","ping_status":"open","template":"","meta":[],"_links":{"self":[{"href":"https:\/\/margot-fischer.net\/index.php?rest_route=\/wp\/v2\/pages\/169"}],"collection":[{"href":"https:\/\/margot-fischer.net\/index.php?rest_route=\/wp\/v2\/pages"}],"about":[{"href":"https:\/\/margot-fischer.net\/index.php?rest_route=\/wp\/v2\/types\/page"}],"author":[{"embeddable":true,"href":"https:\/\/margot-fischer.net\/index.php?rest_route=\/wp\/v2\/users\/1"}],"replies":[{"embeddable":true,"href":"https:\/\/margot-fischer.net\/index.php?rest_route=%2Fwp%2Fv2%2Fcomments&post=169"}],"version-history":[{"count":2,"href":"https:\/\/margot-fischer.net\/index.php?rest_route=\/wp\/v2\/pages\/169\/revisions"}],"predecessor-version":[{"id":312,"href":"https:\/\/margot-fischer.net\/index.php?rest_route=\/wp\/v2\/pages\/169\/revisions\/312"}],"up":[{"embeddable":true,"href":"https:\/\/margot-fischer.net\/index.php?rest_route=\/wp\/v2\/pages\/156"}],"wp:featuredmedia":[{"embeddable":true,"href":"https:\/\/margot-fischer.net\/index.php?rest_route=\/wp\/v2\/media\/465"}],"wp:attachment":[{"href":"https:\/\/margot-fischer.net\/index.php?rest_route=%2Fwp%2Fv2%2Fmedia&parent=169"}],"curies":[{"name":"wp","href":"https:\/\/api.w.org\/{rel}","templated":true}]}}