{"id":171,"date":"2012-10-15T13:49:32","date_gmt":"2012-10-15T11:49:32","guid":{"rendered":"http:\/\/margot-fischer.net\/?page_id=171"},"modified":"2012-11-22T18:25:47","modified_gmt":"2012-11-22T16:25:47","slug":"maroniauflauf-mit-muskatellerschaum","status":"publish","type":"page","link":"https:\/\/margot-fischer.net\/?page_id=171","title":{"rendered":"Maroniauflauf mit Muskatellerschaum"},"content":{"rendered":"<p>\t\t4 Portionen<\/p>\n<p>80 g Maronip\u00fcree (Edelkastanienp\u00fcree)<br \/>\n3 Eier<br \/>\n1 EL Rum<br \/>\nVanille<br \/>\n40 g Zucker<br \/>\n2 EL Mehl griffig<br \/>\n20 g Butter<br \/>\n20 g Kochschokolade<br \/>\nButter und Zucker f\u00fcr die F\u00f6rmchen<\/p>\n<p>Kochschokolade im Wasserbad erw\u00e4rmen.<\/p>\n<p>250 mL Auflauff\u00f6rmchen buttern und mit Zucker ausstreuen. In den K\u00fchlschrank stellen.<\/p>\n<p>Backrohr auf 180\u00b0C vorheizen.<\/p>\n<p>Butter mit Dotter schaumig r\u00fchren. Maronip\u00fcree, Rum, Schokolade, und Vanille einr\u00fchren.<\/p>\n<p>Eiklar mit einer Prise Salz steif schlagen. Nach und nach den Zucker mitschlagen. Ein Drittel des Eischnees unter die Maronimasse ziehen. Danach den Rest vorsichtig unterheben. Zuletzt das Mehl vorsichtig einheben. Im Wasserbad 20-25 Minuten garen.<\/p>\n<p>Muskatellerschaum<br \/>\n125 mL L\u00e4uterzucker [Wasser und Zucker 1:1, aufgekocht]<br \/>\n70 mL Muskateller oder anderer fruchtiger Wein<br \/>\n1 Ei<br \/>\n1 Dotter<\/p>\n<p>L\u00e4uterzucker, Wein, Ei und Dotter \u00fcber Wasserdampf zu einem cremigen Schaum schlagen.<\/p>\n<p>Fruchtgarnitur<br \/>\nFr\u00fcchte<br \/>\n1 EL Butter<\/p>\n<p>Fr\u00fcchte in Butter schwenken.<\/p>\n<p>Die Aufl\u00e4ufe st\u00fcrzen, mit Muskatellerschaum und Fr\u00fcchten anrichten.<\/p>\n","protected":false},"excerpt":{"rendered":"<p>4 Portionen 80 g Maronip\u00fcree (Edelkastanienp\u00fcree) 3 Eier 1 EL Rum Vanille 40 g Zucker 2 EL Mehl griffig 20 g Butter 20 g Kochschokolade Butter und Zucker f\u00fcr die F\u00f6rmchen Kochschokolade im Wasserbad erw\u00e4rmen. 250 mL Auflauff\u00f6rmchen buttern und &hellip; <a href=\"https:\/\/margot-fischer.net\/?page_id=171\">Weiterlesen <span class=\"meta-nav\">&rarr;<\/span><\/a><\/p>\n","protected":false},"author":1,"featured_media":0,"parent":156,"menu_order":0,"comment_status":"closed","ping_status":"open","template":"","meta":[],"_links":{"self":[{"href":"https:\/\/margot-fischer.net\/index.php?rest_route=\/wp\/v2\/pages\/171"}],"collection":[{"href":"https:\/\/margot-fischer.net\/index.php?rest_route=\/wp\/v2\/pages"}],"about":[{"href":"https:\/\/margot-fischer.net\/index.php?rest_route=\/wp\/v2\/types\/page"}],"author":[{"embeddable":true,"href":"https:\/\/margot-fischer.net\/index.php?rest_route=\/wp\/v2\/users\/1"}],"replies":[{"embeddable":true,"href":"https:\/\/margot-fischer.net\/index.php?rest_route=%2Fwp%2Fv2%2Fcomments&post=171"}],"version-history":[{"count":2,"href":"https:\/\/margot-fischer.net\/index.php?rest_route=\/wp\/v2\/pages\/171\/revisions"}],"predecessor-version":[{"id":313,"href":"https:\/\/margot-fischer.net\/index.php?rest_route=\/wp\/v2\/pages\/171\/revisions\/313"}],"up":[{"embeddable":true,"href":"https:\/\/margot-fischer.net\/index.php?rest_route=\/wp\/v2\/pages\/156"}],"wp:attachment":[{"href":"https:\/\/margot-fischer.net\/index.php?rest_route=%2Fwp%2Fv2%2Fmedia&parent=171"}],"curies":[{"name":"wp","href":"https:\/\/api.w.org\/{rel}","templated":true}]}}