{"id":1811,"date":"2024-11-03T22:24:38","date_gmt":"2024-11-03T20:24:38","guid":{"rendered":"http:\/\/margot-fischer.net\/?page_id=1811"},"modified":"2025-02-26T13:24:27","modified_gmt":"2025-02-26T11:24:27","slug":"himbeere-2","status":"publish","type":"page","link":"https:\/\/margot-fischer.net\/?page_id=1811","title":{"rendered":"Himbeere"},"content":{"rendered":"\n<p>Erfahren Sie, was es mit dem Traum vom Himbeer-Reisepass auf sich hat, warum Himbeertriebe das bessere Insektenhotel sind, wie Sie Ihre Ernte mit dem richtigen Schnitt verdoppeln, wie Sie mit einer Himbeere sensationell preisg\u00fcnstig die Pflanzengesundheit und Biodiversit\u00e4t riesengro\u00dfer Areale erfassen und vieles mehr, dazu die allerbesten, oft verbl\u00fcffenden Rezepte aus den Fr\u00fcchten, Sprosstrieben und Bl\u00e4ttern.<br \/>In diesem Buch zeichne ich ein umfassendes Portrait einer meiner Lieblingsfr\u00fcchte.<\/p>\n\n\n\n<p><\/p>\n\n\n\n<figure class=\"wp-block-image size-large\"><img decoding=\"async\" loading=\"lazy\" width=\"594\" height=\"1024\" src=\"http:\/\/margot-fischer.net\/wp-content\/uploads\/2024\/11\/Himbeere-594x1024.jpg\" alt=\"\" class=\"wp-image-1804\" srcset=\"https:\/\/margot-fischer.net\/wp-content\/uploads\/2024\/11\/Himbeere-594x1024.jpg 594w, https:\/\/margot-fischer.net\/wp-content\/uploads\/2024\/11\/Himbeere-174x300.jpg 174w, https:\/\/margot-fischer.net\/wp-content\/uploads\/2024\/11\/Himbeere-768x1325.jpg 768w, https:\/\/margot-fischer.net\/wp-content\/uploads\/2024\/11\/Himbeere-890x1536.jpg 890w, https:\/\/margot-fischer.net\/wp-content\/uploads\/2024\/11\/Himbeere-1187x2048.jpg 1187w, https:\/\/margot-fischer.net\/wp-content\/uploads\/2024\/11\/Himbeere.jpg 1335w\" sizes=\"(max-width: 594px) 100vw, 594px\" \/><\/figure>\n\n\n\n<p>Eine Auswahl weiterf\u00fchrender Literatur zum Thema Himbeere<\/p>\n\n\n\n<p>Ali, Liaqat et al. (2011): Late season harvest and storage of Rubus berries&#8211;Major antioxidant and sugar levels. <em>Scientia Horticulturae <\/em>129(3): 376\u2013381.<\/p>\n\n\n\n<p>Antonowicz, Kaja: Malina oder das Auseinandergeraten \u2013 die Symbolik des Namens Malina und die Erz\u00e4hlproblematik des Malina-Romans. 1996.<\/p>\n\n\n\n<p>Anttonen, Mikko J., et al. (2008): Evaluation of means to increase the content of bioactive phenolic compounds in soft fruits. <em>Acta Hort<\/em>. (839): 309\u2013314.<\/p>\n\n\n\n<p>Araki, Hajime (2010): Cultivation of horticulture crops. <em>Field Science Center for Northern Biosphere Hokkaido University, Hokkaido, Japan<\/em> 13.<\/p>\n\n\n\n<p>Au\u00dferlechner, Marlies Verena (2021): Plant use and rites at burnt offering sites in the Eastern Alps during the Bronze and Iron Ages. <em>Vegetation History and Archaeobotany<\/em> 30: 155\u2013170.<\/p>\n\n\n\n<p>Balaban, R.S., Nemoto, S. &amp; Finkel, T. (2005). Mitochondria, Oxidants, and Aging. <em>Cell <\/em>120.4: 483-495.<\/p>\n\n\n\n<p>Barbara, S.-H., Francis C., L. &amp; James A., J. (2008). Berry fruit supplementation and the aging brain. <em>J Agric Food Chem. <\/em>56.3: 636-641.<\/p>\n\n\n\n<p>B\u00e4umler, Siegfried: Heilpflanzenpraxis heute \u2013 Arzneipflanzenportr\u00e4ts. Elsevier Health Sciences 2021.<\/p>\n\n\n\n<p>B\u00e9liveau, Richard, et al.: Krebszellen m\u00f6gen keine Himbeeren\u2013Das gro\u00dfe Buch der Pr\u00e4vention. K\u00f6sel, M\u00fcnchen 2015.<\/p>\n\n\n\n<p>Black, Meredith J (1973): Algonquin Ethnobotany. An Interpretation of Aboriginal Adaptation in Southwestern Quebec. Dissertation. University of Michigan.<\/p>\n\n\n\n<p>Bobinaite, Ramun\u0117, et al. (2012): Variation of total phenolics, anthocyanins, ellagic acid and radical scavenging capacity in various raspberry (Rubus spp.) cultivars. <em>Food Chemistry <\/em>132.3: 1495-1501.<\/p>\n\n\n\n<p>Bobinait\u0117, Ramun\u0117, et al. (2016): Chemical composition of raspberry (Rubus spp.) cultivars. Nutritional composition of fruit cultivars: 713\u2013731.<\/p>\n\n\n\n<p>Boihmane, Sandra: Malina \u2013 Versteck der Sprache: Die Chiffre Malina in Ingeborg Bachmanns Werk und in Zeugnissen von ZeitzeugInnen (S.26). Neofelis. Kindle-Version.<\/p>\n\n\n\n<p>Boihmane, Sandra: Malina \u2013 Versteck der Sprache: Die Chiffre Malina in Ingeborg Bachmanns Werk in Zeugnissen von ZeitzeugInnen. Neofelis, Berlin 2014.<\/p>\n\n\n\n<p>Bopp, Martin, Klaus Zenner (1998): Speisen und Gew\u00fcrze in Heidelbergs K\u00fcchen vom 14. bis zum 17. Jahrhundert. Heidelberger Jahrb\u00fccher XLII: 165\u2013190.<\/p>\n\n\n\n<p>Bowman, Rebekah, et al. (2021): Biophysical effects, safety and efficacy of raspberry leaf use in pregnancy: a systematic integrative review. <em>BMC complementary medicine and therapies<\/em> 21: 1-11.<\/p>\n\n\n\n<p>Boyles, Matthew J., et al (1993): Anthocyanin composition of red raspberry juice: influences of cultivar, processing, and environmental factors. <em>Journal of Food Science<\/em> 58.5: 1135\u20131141.<\/p>\n\n\n\n<p>Burton-Freeman, Britt, et al. (2016): Red raspberries and their bioactive polyphenols: cardiometabolic and neuronal health links. <em>Advances in Nutrition<\/em> 7.1: 44\u201365.<\/p>\n\n\n\n<p>B\u00fchring, Ursel: Praxis-Lehrbuch der modernen Heilpflanzenkunde. Haug, Stuttgart 2005.<\/p>\n\n\n\n<p>Buskiene, L, et al. (2008): The influence of nitrogen and potassium fertilizers on the growth and yield of raspberries cv. \u203aPolana\u2039. <em>Agron. Res. <\/em>6.1: 27\u201335.<\/p>\n\n\n\n<p>Comeau, Charles, et al. (2012): Beneficial impacts of the combined use of rain shelters and reflective groundcovers in an organic raspberry cropping system. <em>Agriculture, ecosystems &amp; environment<\/em> 155: 117\u2013123.<\/p>\n\n\n\n<p>Compton, Brian Douglas (1993): Upper North Wakashan and Southern Tsimshian ethnobotany: The knowledge and usage of plants. Nicht ver\u00f6ffentlichte Dissertation. University of British Columbia, Vancouver.<\/p>\n\n\n\n<p>Dale, Adam, et al. (1993): Genetic diversity of red raspberry varieties throughout the world. <em>Journal of the American Society for Horticultural Science <\/em>118.1: 119\u2013129.<\/p>\n\n\n\n<p>Dolan, Alison, et al. (2018): Pathogens in raspberry and other Rubus spp. Raspberry: Breeding, challenges and advances: 41\u201361.<\/p>\n\n\n\n<p>Dossett, M., et al.: Anthocyanin content of wild black raspberry germplasm. X International Rubus and Ribes Symposium 946. 2011.<\/p>\n\n\n\n<p>Drude, Otto Hg.: Theodor Fontane. Gedichte in einem Band. Insel, Berlin 1998.<\/p>\n\n\n\n<p>Eichholtz, Fritz. Silage und \u00e4hnliche G\u00e4rerzeugnisse. Vol. 96. Springer, Heidelberg 2013.<\/p>\n\n\n\n<p>Ellis, Michael A., et al.: Compendium of raspberry and blackberry diseases and insects. American Phytopathological Society, 1991.<\/p>\n\n\n\n<p>Enaru, Bianca, et al. (2021):Anthocyanins: Factors affecting their stability and degradation. <em>Antioxidants<\/em> 10.12: 1967\u20131991.<\/p>\n\n\n\n<p>Fischer, Manfred A., et al.(2008): Exkursionsflora f\u00fcr \u00d6sterreich, Liechtenstein und S\u00fcdtirol. Bestimmungsbuch f\u00fcr alle in der Republik \u00d6sterreich, im F\u00fcrstentum Liechtenstein und in der Autonomen Provinz Bozen \/ S\u00fcdtirol (Italien) wildwachsenden sowie die wichtigsten kultivierten Gef\u00e4\u00dfpflanzen (Farnpflanzen und Samenpflanzen) mit Angaben \u00fcber ihre \u00d6kologie und Verbreitung. 3., verb. Aufl. Linz: Ober\u00f6sterreichisches Landesmuseum.<\/p>\n\n\n\n<p>Fischer-Rizzi, Susanne: Medizin der Erde. Heyne, M\u00fcnchen 2002.<\/p>\n\n\n\n<p>Fotschki, Bartosz, et al. (2018): Raspberry polyphenolic extract regulates obesogenic signals in hepatocytes. <em>Molecules<\/em> 23.9: 2103.<\/p>\n\n\n\n<p>Franck, Maximilien, et al. (2020): Effects of daily raspberry consumption on immune-metabolic health in subjects at risk of metabolic syndrome: a randomized controlled trial. <em>Nutrients<\/em> 12.12: 3858.<\/p>\n\n\n\n<p>Galati, Giuseppe, et al. (2004): Potential toxicity of flavonoids and other dietary phenolics: Significance for their chemopreventive and anticancer properties. <em>Free Radical Biology and Medicine<\/em> 37: 287\u2013303.<\/p>\n\n\n\n<p>Garc\u00eda\u2010Viguera, Cristina, et al.(1998): Colour and anthocyanin stability of red raspberry jam. <em>Journal of the Science of Food and Agriculture<\/em>78.4: 565-573.<\/p>\n\n\n\n<p>Giebelmann, Rolf (2004): Kulturgeschichtliches zu Rosengew\u00e4chsen. <em>Toxichem Krimtech<\/em> 71.2: 54\u201363.<\/p>\n\n\n\n<p>Gradziel, Thomas M., et al. (2009): Raspberry breeding. Breeding plantation tree crops: temperate species: 233\u2013248.<\/p>\n\n\n\n<p>Grae, Ida: Nature&#8217;s colors. Dyes from plants. First Collier books edition, London 1979.<\/p>\n\n\n\n<p>Graham, Julie, et al. (2018): Introduction to the Rubus genus. <em>Raspberry: breeding, challenges and advances<\/em>: 1\u201316.<\/p>\n\n\n\n<p>Grover Coe (1858): Hydrastin. In: Concentrated Organic medicines: being a practical exposition of the therapeutic properties and clinical employment of the combined proximate medicinal constituents of indigenous and foreign plants. B. Keith, New York, 359\u2013364.<\/p>\n\n\n\n<p>Gu, Junnan, et al. (2014): Characterization of black raspberry functional food products for cancer prevention human clinical trials. <em>Journal of agricultural and food chemistry<\/em> 62.18: 3997\u20134006.<\/p>\n\n\n\n<p>Gudej, Jan, et al. (2004): Determination of flavonoids, tannins and ellagic acid in leaves from Rubus L. species. <em>Archives of Pharmaceutical Research <\/em>27: 1114\u20131119.<\/p>\n\n\n\n<p>Guerreiro, Adriana Cavaco. <em>Innovative edible coatings to improve storage of small fruits and fresh-cut<\/em>. Diss. Universidade do Algarve (Portugal), 2015.<\/p>\n\n\n\n<p>Halliwell, Barry, et al. (2005): Health promotion by flavonoids, tocopherols, tocotrienols, and other phenols: Direct or indirect effects? Antioxidant or not? The American Journal of Clinical Nutrition 81: 268S\u2013276S.<\/p>\n\n\n\n<p>Hamel, Paul B, et al. (1975): Cherokee Plants and Their Uses. A 400 Year History. Sylva: N. C. Herald Publishing Co.<\/p>\n\n\n\n<p>Hand, Wayland D (1968): Passing Through: Folk Medical Magic and Symbolism. <em>Proceedings of the American Philosophical Society<\/em> 112.6: 379-402.<\/p>\n\n\n\n<p>H\u00e4nsel, Von R. Arten: Untersuchung der Verbreitung von Pflanzenstoffen im Pflanzenreich. Lehrbuch der Pharmakognosie: auf phytochemischer Grundlage. Springer, Heidelberg 2013.<\/p>\n\n\n\n<p>Hassanpour, Hamid (2015): Effect of Aloe vera gel coating on antioxidant capacity, antioxidant enzyme activities and decay in raspberry fruit. <em>LWT-Food Science and Technology<\/em> 60.1: 495\u2013501.<\/p>\n\n\n\n<p>Heller, Christine A. (1981): Wild, Edible, and Poisonous Plants of Alaska: Cooperative Extension Service.<\/p>\n\n\n\n<p>Hopkins, William D., et al. (2007): Chimpanzees differentially produce novel vocalizations to capture the attention of a human. <em>Animal Behaviour<\/em> 73.2: 281\u2013286.<\/p>\n\n\n\n<p>Hu, Boyong, et al. (2023): Raspberry polyphenols alleviate neurodegenerative diseases: through gut microbiota and ROS signals. <em>Food &amp; Function<\/em> 14.17: 7760\u20137779.<\/p>\n\n\n\n<p>Iannetta, Pietro PM, et al. (1999): The role of ethylene and cell wall modifying enzymes in raspberry (Rubus idaeus) fruit ripening. <em>Physiologia Plantarum<\/em> 105.2: 337\u2013346.<\/p>\n\n\n\n<p>I\u00f1iguez-Moreno, Maricarmen, et al. (2023: Nano and technological frontiers as a sustainable platform for postharvest preservation of berry fruits. <em>Foods<\/em> 12.17: 3159.<\/p>\n\n\n\n<p>Issa, Ala Y., et al. (2006): The role of phytochemicals in inhibition of cancer and inflammation: New directions and perspectives. <em>Journal of Food Composition and Analysis <\/em>19: 405\u2013419.<\/p>\n\n\n\n<p>Joles, Dennis W., et al. (1994): Modified-atmosphere packaging of Heritage red raspberry fruit: respiratory response to reduced oxygen, enhanced carbon dioxide, and temperature. <em>Journal of the American Society for Horticultural Science<\/em> 119.3: 540\u2013545.<\/p>\n\n\n\n<p>Keep, Elizabeth (1961): Autumn-fruiting in raspberries. <em>Journal of Horticultural Science<\/em> 36.3: 174\u2013185.<\/p>\n\n\n\n<p>Keep, Elizabeth (1989): Breeding red raspberry for resistance to diseases and pests. <em>Plant Breeding Reviews<\/em> 6: 245\u2013321.<\/p>\n\n\n\n<p>Kempler, Chaim, et al.: Raspberry. Fruit breeding. Springer, Heidelberg 2012.<\/p>\n\n\n\n<p>Kielak, Olga (2020): The linguocultural image of raspberries (Rubus idaeus) in Polish. <em>Ethnobotany Research and Applications<\/em> 20: 1\u201315.<\/p>\n\n\n\n<p>Kirakosyan, Ara, et al. (2018): The intake of red raspberry fruit is inversely related to cardiac risk factors associated with metabolic syndrome. <em>Journal of Functional Foods<\/em> 41: 83-89.<\/p>\n\n\n\n<p>Kolosova, Valeria B. (2005): Name\u2013Text\u2013Ritual: The role of plant characteristics in slavic folk medicine. <em>FOLKLORICA-Journal of the Slavic, East European, and Eurasian Folklore Association<\/em> 10.2: 44\u201361.<\/p>\n\n\n\n<p>K\u00f6nig, Margarethe (1996): Pflanzenreste aus dem r\u00f6mischen Vicus Tawern: ein Beitrag zu Landwirtschaft und Umwelt. <em>Funde und Ausgrabungen im Bezirk Trier<\/em> 28: 31\u201340.<\/p>\n\n\n\n<p>Kosseva, Maria, et al., eds. <em>Science and technology of fruit wine production<\/em>. Academic Press, 2016.<\/p>\n\n\n\n<p>Kshatriya, Dushyant. <em>In Vivo Effects of Raspberry Ketone (4-(4-Hydroxyphenyl)-Butan-2-One) as a Supplement for Weight Loss in Mice<\/em>. Diss. Rutgers The State University of New Jersey, School of Graduate Studies, 2021.<\/p>\n\n\n\n<p>Lameira, Reis E: Orangutan call communication and the puzzle of speech evolution. Utrecht University 2013.<\/p>\n\n\n\n<p>Leighton, Anna L (1982): Ethnobotany of the Nihithawak, Saskatchewan Woods Cree of the TH Dialect. Master Thesis. University of Saskatchewan, Saskatchewan, Department of Biology.<\/p>\n\n\n\n<p>Leighton, Anna L (1985): Wild Plant Use by the Woods Cree (Nihithawak) of East-Central Saskatchewan: University of Ottawa Press.<\/p>\n\n\n\n<p>Lieberei, Reinhard, et al.: Nutzpflanzenkunde. Georg Thieme, Stuttgart 2007.<\/p>\n\n\n\n<p>Liu, Ming, et al. (2002): Antioxidant and antiproliferative activities of raspberries. <em>Journal of Agricultural and Food Chemistry<\/em> 50: 2926\u20132930.<\/p>\n\n\n\n<p>L\u00fcdi-Rinderknecht, Gabriela, et al.: Phytotherapie in der Kinderheilkunde. Aktueller Stand in der Dosierung. Diss. University of Zurich, 2008.<\/p>\n\n\n\n<p>Mackerron, D. K. L. (1982): Growth and water use in the red raspberry (Rubus idaeus L.) I. Growth and yield under different levels of soil moisture stress. <em>Journal of Horticultural Science<\/em> 57.3: 295\u2013306.<\/p>\n\n\n\n<p>Martin, Robert R., et al. Compendium of raspberry and blackberry diseases and pests. No. Ed. 2. American Phytopathological Society (APS Press), 2017.<\/p>\n\n\n\n<p>Melzig, Matthias F., et al. (2007): Inhibitors of alpha-amylase from plants \u2013 a possibility to treat diabetes mellitus type II by phytotherapy?. <em>Wiener Medizinische Wochenschrift<\/em> 157.3: 20\u2013324.<\/p>\n\n\n\n<p>Morimoto, Chie, et al. (2005): Anti-obese action of raspberry ketone. <em>Life Sciences<\/em> 77.2: 194\u2013204.<\/p>\n\n\n\n<p>Nakata, Yuji, et al. (2020): Microbiological and quality responses of strawberry fruit to high CO2 controlled atmosphere and modified atmosphere storage. <em>HortScience<\/em> 55.3: 386\u2013391.<\/p>\n\n\n\n<p>Native American Ethnobotany A Database of Foods, Drugs, Dyes and Fibers of Native American Peoples, Derived from Plants. <a href=\"http:\/\/naeb.brit.org\/\">http:\/\/naeb.brit.org\/<\/a> (abgerufen 03.01.2024).<\/p>\n\n\n\n<p>Newman, Barbara, und Leslie Newman(1913): Some Birth Customs in East Anglia. <em>Folklore<\/em> 50.2: 176\u2013187.<\/p>\n\n\n\n<p>Ozarda, Ozlem, et al. (2015): Sensory characteristics and antioxidant capacity of red raspberry extract as a preservative in fruity flavoured beverages. <em>Journal of Food Science and Technology<\/em> 52.10: 6687\u20136694.<\/p>\n\n\n\n<p>Palmer, Gary B. (1975): Shuswap Indian Ethnobotany. In: Northwest Anthropological Research Notes 9.2: 199\u2013245.<\/p>\n\n\n\n<p>Papaioanou, Maria, et al. (2018): Cosmeceutical properties of two cultivars of red raspberry grown under different conditions. <em>Cosmetics<\/em> 5.1: 20.<\/p>\n\n\n\n<p>Parsons, Myra, Michele, et al. (1999): Raspberry leaf and its effect on labour: safety and efficacy. Australian College of Midwives Incorporated Journal 12.3: 20\u201325.<\/p>\n\n\n\n<p>Peterson-Bidoshi, Kristin (2006): Qazim Shemaj\u2019s \u00bbVeronica\u2019s Dream\u00ab: A Contemporary Albanian Fairytale. <em>FOLKLORICA-Journal of the Slavic, East European, and Eurasian Folklore Association<\/em> 11: 78\u2013116.<\/p>\n\n\n\n<p>Plat, Sir Hugh (1602): Delightes for Ladies. Reprint: Plat, Hugh, Violet Trovillion, and Hal W. Trovillion. Delightes for ladies. (1939).<\/p>\n\n\n\n<p>Pritsch, G\u00fcnter: Bienenweide: 200 Trachtpflanzen erkennen und bewerten. Kosmos, Stuttgart 2018.<\/p>\n\n\n\n<p>Purker, Patricia S. (2022): Der essbare Regenbogen. <em>Heilpflanzen<\/em> 2.02: 32\u201337.<\/p>\n\n\n\n<p>Raymond, Marcel (1945): Notes Ethnobotaniques Sur Les Tete-De-Boule De Manouan. <em>Contributions de l&#8217;Institut botanique l&#8217;Universite de Montreal <\/em>55: 113\u2013134.<\/p>\n\n\n\n<p>Reich-Ranicki, Marcel: Sie suchte Schutz in der Verstellung. In: Ders.: Lauter schwierige Patienten: Gespr\u00e4che&nbsp; mit Peter Vo\u00df \u00fcber Schriftsteller des 20. Jahrhunderts. List, M\u00fcnchen 2003: 253\u2013274.<\/p>\n\n\n\n<p>Reichling, J\u00fcrgen, et al.: Heilpflanzenkunde f\u00fcr Tier\u00e4rzte. Springer, Heidelberg 2005.<\/p>\n\n\n\n<p>Remberg, S. F., et al. (2012.): Effects of preharvest factors on berry quality. <em>X International Symposium on Vaccinium and Other Superfruits 1017<\/em>.<\/p>\n\n\n\n<p>Roach, Frederick. A.: Cultivated fruits of Britain, their origin and history. Blackwell, New York 1985.<\/p>\n\n\n\n<p>Roach, Frederick A. (1988): History and evolution of fruit crops. <em>HortScience<\/em> 23.1: 51\u201355.<\/p>\n\n\n\n<p>Rousseau, Jacques (1947): Ethnobotanique ab\u00e9nakise. <em>Arch Folklore<\/em> 11: 145\u2013182.<\/p>\n\n\n\n<p>Schlich, Jutta: Inzest und Tabu: Ingeborg Bachmanns Malina gelesen nach den Regeln der Kunst. U. Helmer, Sulzbach2009.<\/p>\n\n\n\n<p><a href=\"https:\/\/de.wikipedia.org\/wiki\/Wolfgang_Schneider_(Pharmaziehistoriker)\">Schneider<\/a>, Wolfgang (1974): Lexikon zur Arzneimittelgeschichte. Sachw\u00f6rterbuch zur Geschichte der pharmazeutischen Botanik, Chemie, Mineralogie, Pharmakologie, Zoologie. Govi, Frankfurt a. M. Band 5.2: 181\u2013182.<\/p>\n\n\n\n<p>Schroeder, Kurt (1979): \u00dcber den r\u00f6mischen Brunnen von Belginum bei Wederath im Hunsr\u00fcck und die darin enthaltenen Samereien mit einem Vergleich anderer r\u00f6mischer Brunnen. <em>Trierer Zeitschrift-Arch\u00e4ologie und Kunst des Trierer Landes und seiner Nachbargebiete<\/em> 42: 101\u2013112.<\/p>\n\n\n\n<p>Schwand, Inka, et al. (2009): Wildlebende Verwandte von Kulturpflanzen \u2013 eine Grundlage f\u00fcr die Sicherung der genetischen Nachhaltigkeit. <em>Archiv f\u00fcr Forstwesen und Landschafts\u00f6kologie<\/em> 43.3: 108\u2013115.<\/p>\n\n\n\n<p>Schwanitz, Franz (1957): Von der Wildpflanze zur Kulturform. Die Entstehung der Kulturpflanzen: 1\u201352.<\/p>\n\n\n\n<p>Shrestha, Khadga B., et al. (2018): Crops with medicinal, religious and cultural values. <em>Working groups of agricultural plant genetic resources (Apgrs) in Nepal<\/em>: 198\u2013204.<\/p>\n\n\n\n<p>Simpson, Michele, et al. (2001) Raspberry leaf in pregnancy: its safety and efficacy in labor. <em>The Journal of Midwifery &amp; Women\u2019s Health<\/em> 46.2: 51-59.<\/p>\n\n\n\n<p>Siro, Istv\u00e1n, et al. (2006): The microbial safety of strawberry and raspberry fruits packaged in high\u2010oxygen and equilibrium\u2010modified atmospheres compared to air storage. <em>International Journal of Food Science &amp; Technology<\/em> 41.1: 93-103.<\/p>\n\n\n\n<p>Skorek, Marta, et al. (2015): Bioautographic Screening of Antibacterial Properties of Selected Juices, Herbal Infusions, and Cosmetic Ingredients. <em>Journal of Liquid Chromatography &amp; Related Technologies<\/em> 38.11: 1154-1159.<\/p>\n\n\n\n<p>Socha, Maciej W., et al. (2023): Raspberry Leaves and Extracts-Molecular Mechanism of Action and Its Effectiveness on Human Cervical Ripening and the Induction of Labor. <em>Nutrients<\/em> 15.14: 3206\u20133228.<\/p>\n\n\n\n<p>Starodubets, Nelly (2021): The vocabulary of the plant world through the prism of symbolization based on the material of the Russian. Cudzojazy\u010dn\u00e9 Perspekt\u00edvy v Univerzitnom Vzdel\u00e1van\u00ed: 40.<\/p>\n\n\n\n<p>Sticher, Otto et al.: Pharmakognosie, Phytopharmazie. Springer, Heidelberg 2014.<\/p>\n\n\n\n<p>Stoner, Gary D., et al. Cancer prevention with freeze-dried berries and berry components. <em>Seminars in cancer biology<\/em>. Vol. 17. No. 5. Academic Press, 2007.<\/p>\n\n\n\n<p>Sturmann, Anja: Neurodermitis: Ursachen und Behandlung mittels Phytotherapie. Diss. Karl-Franzens-Universit\u00e4t Graz 2020.<\/p>\n\n\n\n<p>Szymanowska, Urszula, and Barbara Baraniak (2019): Antioxidant and potentially anti-inflammatory activity of anthocyanin fractions from pomace obtained from enzymatically treated raspberries. <em>Antioxidants<\/em> 8.8: 299\u2013308.<\/p>\n\n\n\n<p>Swetnam, Susan H. (2012): Of raspberries and religion. Gastronomica:<em> The Journal of Food and Culture<\/em> 12.2: 59-65.<\/p>\n\n\n\n<p>Tang, Jiannan (2011): Innocence: A bittersweet medicine in Slaughterhouse-Five. <em>English Language and Literature Studies<\/em> 1.2: 55\u201360.<\/p>\n\n\n\n<p>Titiric\u0103, Irina, et al. (2023): The main morphological characteristics and chemical components of fruits and the possibilities of their improvement in raspberry breeding. <em>Horticulturae<\/em> 9.12023: 50\u201361.<\/p>\n\n\n\n<p>Turner, Nancy J (1973): The Ethnobotany of the Bella Coola Indians of British Columbia. <em>Syesis<\/em> 6: 193\u2013220.<\/p>\n\n\n\n<p>Van Schaik, Carel P., et al. (2003): Orangutan cultures and the evolution of material culture.&#8220; <em>Science<\/em> 299.5603: 102\u2013105.<\/p>\n\n\n\n<p>Varney, Wendy: The briar around the strawberry patch: Toys, women, and food. Women&#8217;s Studies International Forum. Vol. 19. No. 3. Pergamon 1996.<\/p>\n\n\n\n<p>Verbeyst, Lise, et al. (2013): Modelling of vitamin C degradation during thermal and high-pressure treatments of red fruit. <em>Food and Bioprocess Technology<\/em> 6: 1015-1023.<\/p>\n\n\n\n<p>Wang, Shiow Y. et al. (2000): Antioxidant activity in fruits and leaves of blackberry, raspberry, and strawberry varies with cultivar and developmental stage. Journal of Agricultural and Food Chemistry 48: 140\u2013146.<\/p>\n\n\n\n<p>Waugh, Frederick W. (1916): Iroquois foods and food preparation. Ottawa: Government Printing Bureau.<\/p>\n\n\n\n<p>Weniger, Dana A. Biogeography and systematics of some Pacific Rubus species: Investigating the evolutionary history of the Hawaiian endemic raspberry Rubus macraei. University of Hawai&#8217;i at Manoa 1997.<\/p>\n\n\n\n<p>Widhalm, Kurt, ed. Ern\u00e4hrungsmedizin. Deutscher \u00c4rzteverlag, K\u00f6ln 2009.<\/p>\n\n\n\n<p><a href=\"http:\/\/www.fao.org\/faostat\/en\/#data\/QCL\">www.fao.org\/faostat\/en\/#data\/QCL<\/a> (abgerufen am 02.01.2024)<\/p>\n\n\n\n<p><a href=\"http:\/\/www.internationalraspberry.net\">www.internationalraspberry.net<\/a> (abgerufen am 02.01.2024)<\/p>\n\n\n\n<p>Zikri, Nancy N. (2008): <em>A study of the chemopreventive effects of black raspberry components in rat esophageal epithelial cells<\/em>. Diss. The Ohio State University.<\/p>\n","protected":false},"excerpt":{"rendered":"<p>Erfahren Sie, was es mit dem Traum vom Himbeer-Reisepass auf sich hat, warum Himbeertriebe das bessere Insektenhotel sind, wie Sie Ihre Ernte mit dem richtigen Schnitt verdoppeln, wie Sie mit einer Himbeere sensationell preisg\u00fcnstig die Pflanzengesundheit und Biodiversit\u00e4t riesengro\u00dfer Areale &hellip; <a href=\"https:\/\/margot-fischer.net\/?page_id=1811\">Weiterlesen <span class=\"meta-nav\">&rarr;<\/span><\/a><\/p>\n","protected":false},"author":1,"featured_media":0,"parent":87,"menu_order":0,"comment_status":"closed","ping_status":"closed","template":"","meta":[],"_links":{"self":[{"href":"https:\/\/margot-fischer.net\/index.php?rest_route=\/wp\/v2\/pages\/1811"}],"collection":[{"href":"https:\/\/margot-fischer.net\/index.php?rest_route=\/wp\/v2\/pages"}],"about":[{"href":"https:\/\/margot-fischer.net\/index.php?rest_route=\/wp\/v2\/types\/page"}],"author":[{"embeddable":true,"href":"https:\/\/margot-fischer.net\/index.php?rest_route=\/wp\/v2\/users\/1"}],"replies":[{"embeddable":true,"href":"https:\/\/margot-fischer.net\/index.php?rest_route=%2Fwp%2Fv2%2Fcomments&post=1811"}],"version-history":[{"count":1,"href":"https:\/\/margot-fischer.net\/index.php?rest_route=\/wp\/v2\/pages\/1811\/revisions"}],"predecessor-version":[{"id":1812,"href":"https:\/\/margot-fischer.net\/index.php?rest_route=\/wp\/v2\/pages\/1811\/revisions\/1812"}],"up":[{"embeddable":true,"href":"https:\/\/margot-fischer.net\/index.php?rest_route=\/wp\/v2\/pages\/87"}],"wp:attachment":[{"href":"https:\/\/margot-fischer.net\/index.php?rest_route=%2Fwp%2Fv2%2Fmedia&parent=1811"}],"curies":[{"name":"wp","href":"https:\/\/api.w.org\/{rel}","templated":true}]}}