{"id":186,"date":"2012-10-16T19:27:00","date_gmt":"2012-10-16T17:27:00","guid":{"rendered":"http:\/\/margot-fischer.net\/?page_id=186"},"modified":"2012-10-16T19:31:13","modified_gmt":"2012-10-16T17:31:13","slug":"griechisches-zitronenhuhn","status":"publish","type":"page","link":"https:\/\/margot-fischer.net\/?page_id=186","title":{"rendered":"Griechisches Zitronenhuhn"},"content":{"rendered":"<p>4 Portionen<\/p>\n<p>4 H\u00fchnerschenkel, 2 H\u00fchnerbr\u00fcste, Salz, Pfeffer, 4-5 Zitronen, 1 Knoblauchzehe, 200 ml Oliven\u00f6l, 1 kg kleine mehlige Kartoffel, 500 g kleine Zwiebel, 1 TL Thymian, 1 Bund Basilikum oder Petersilie<\/p>\n<p>Das Fleisch salzen und pfeffern. Die Zitronen auspressen, den Saft mit Salz und Pfeffer verr\u00fchren, Knoblauchzehe und Oliven\u00f6l hinzuf\u00fcgen. Kartoffel hineinlegen. Zwiebel sch\u00e4len. Fleisch, Kartoffel und Zwiebel in einer Pfanne verteilen, Zitronen-\u00d6l-Marinade dar\u00fcber gie\u00dfen, mit Thymian bestreuen.<\/p>\n<p>Im vorgeheizten Rohr bei 200\u00b0C etwa 90 Minuten schmoren.<\/p>\n<p>Kurz vor dem Servieren Basilikum oder Petersilie dar\u00fcber streuen.<\/p>\n","protected":false},"excerpt":{"rendered":"<p>4 Portionen 4 H\u00fchnerschenkel, 2 H\u00fchnerbr\u00fcste, Salz, Pfeffer, 4-5 Zitronen, 1 Knoblauchzehe, 200 ml Oliven\u00f6l, 1 kg kleine mehlige Kartoffel, 500 g kleine Zwiebel, 1 TL Thymian, 1 Bund Basilikum oder Petersilie Das Fleisch salzen und pfeffern. Die Zitronen auspressen, &hellip; <a href=\"https:\/\/margot-fischer.net\/?page_id=186\">Weiterlesen <span class=\"meta-nav\">&rarr;<\/span><\/a><\/p>\n","protected":false},"author":1,"featured_media":0,"parent":180,"menu_order":0,"comment_status":"open","ping_status":"open","template":"","meta":[],"_links":{"self":[{"href":"https:\/\/margot-fischer.net\/index.php?rest_route=\/wp\/v2\/pages\/186"}],"collection":[{"href":"https:\/\/margot-fischer.net\/index.php?rest_route=\/wp\/v2\/pages"}],"about":[{"href":"https:\/\/margot-fischer.net\/index.php?rest_route=\/wp\/v2\/types\/page"}],"author":[{"embeddable":true,"href":"https:\/\/margot-fischer.net\/index.php?rest_route=\/wp\/v2\/users\/1"}],"replies":[{"embeddable":true,"href":"https:\/\/margot-fischer.net\/index.php?rest_route=%2Fwp%2Fv2%2Fcomments&post=186"}],"version-history":[{"count":2,"href":"https:\/\/margot-fischer.net\/index.php?rest_route=\/wp\/v2\/pages\/186\/revisions"}],"predecessor-version":[{"id":188,"href":"https:\/\/margot-fischer.net\/index.php?rest_route=\/wp\/v2\/pages\/186\/revisions\/188"}],"up":[{"embeddable":true,"href":"https:\/\/margot-fischer.net\/index.php?rest_route=\/wp\/v2\/pages\/180"}],"wp:attachment":[{"href":"https:\/\/margot-fischer.net\/index.php?rest_route=%2Fwp%2Fv2%2Fmedia&parent=186"}],"curies":[{"name":"wp","href":"https:\/\/api.w.org\/{rel}","templated":true}]}}