{"id":191,"date":"2012-10-16T19:34:42","date_gmt":"2012-10-16T17:34:42","guid":{"rendered":"http:\/\/margot-fischer.net\/?page_id=191"},"modified":"2012-10-16T19:34:42","modified_gmt":"2012-10-16T17:34:42","slug":"geschmorte-huhnerkeulen-mit-kurbisgemuse-und-kartoffeln","status":"publish","type":"page","link":"https:\/\/margot-fischer.net\/?page_id=191","title":{"rendered":"Geschmorte H\u00fchnerkeulen mit K\u00fcrbisgem\u00fcse und Kartoffeln"},"content":{"rendered":"<p> 4 Portionen<\/p>\n<p>4 H\u00fchnerkeulen, 2 Zwiebeln, 6 Tomaten, 500 g K\u00fcrbis, 500 g Kartoffeln, 1 EL Salz, 1 TL Pfefferk\u00f6rner, 1 EL Majoran, 5 EL \u00d6l, Wei\u00dfwein,<\/p>\n<p>Salz, Pfefferk\u00f6rner und Majoran zersto\u00dfen und mit dem \u00d6l vermischen.<\/p>\n<p>Kartoffeln und Zwiebeln sch\u00e4len, mit Tomaten in Spalten schneiden. K\u00fcrbis in dicke Streifen schneiden.<\/p>\n<p>Backrohr auf 200\u00b0C vorheizen. Die H\u00fchnerkeulen in einen Br\u00e4ter legen und mit dem Gew\u00fcrz\u00f6l einreiben.<\/p>\n<p>Das Gem\u00fcse zu den H\u00fchnerkeulen geben, salzen, pfeffern und einen kr\u00e4ftigen Schuss Wein zugie\u00dfen.<\/p>\n<p>Zugedeckt 40 Minuten im Rohr schmoren lassen.<\/p>\n<p>F\u00fcr eine knusprige Kruste die fertigen H\u00fchnerkeulen 5 Minuten bei starker Oberhitze ohne Deckel \u00fcberbacken.<\/p>\n","protected":false},"excerpt":{"rendered":"<p>4 Portionen 4 H\u00fchnerkeulen, 2 Zwiebeln, 6 Tomaten, 500 g K\u00fcrbis, 500 g Kartoffeln, 1 EL Salz, 1 TL Pfefferk\u00f6rner, 1 EL Majoran, 5 EL \u00d6l, Wei\u00dfwein, Salz, Pfefferk\u00f6rner und Majoran zersto\u00dfen und mit dem \u00d6l vermischen. Kartoffeln und Zwiebeln &hellip; <a href=\"https:\/\/margot-fischer.net\/?page_id=191\">Weiterlesen <span class=\"meta-nav\">&rarr;<\/span><\/a><\/p>\n","protected":false},"author":1,"featured_media":0,"parent":180,"menu_order":0,"comment_status":"open","ping_status":"open","template":"","meta":[],"_links":{"self":[{"href":"https:\/\/margot-fischer.net\/index.php?rest_route=\/wp\/v2\/pages\/191"}],"collection":[{"href":"https:\/\/margot-fischer.net\/index.php?rest_route=\/wp\/v2\/pages"}],"about":[{"href":"https:\/\/margot-fischer.net\/index.php?rest_route=\/wp\/v2\/types\/page"}],"author":[{"embeddable":true,"href":"https:\/\/margot-fischer.net\/index.php?rest_route=\/wp\/v2\/users\/1"}],"replies":[{"embeddable":true,"href":"https:\/\/margot-fischer.net\/index.php?rest_route=%2Fwp%2Fv2%2Fcomments&post=191"}],"version-history":[{"count":1,"href":"https:\/\/margot-fischer.net\/index.php?rest_route=\/wp\/v2\/pages\/191\/revisions"}],"predecessor-version":[{"id":192,"href":"https:\/\/margot-fischer.net\/index.php?rest_route=\/wp\/v2\/pages\/191\/revisions\/192"}],"up":[{"embeddable":true,"href":"https:\/\/margot-fischer.net\/index.php?rest_route=\/wp\/v2\/pages\/180"}],"wp:attachment":[{"href":"https:\/\/margot-fischer.net\/index.php?rest_route=%2Fwp%2Fv2%2Fmedia&parent=191"}],"curies":[{"name":"wp","href":"https:\/\/api.w.org\/{rel}","templated":true}]}}