{"id":20,"date":"2012-08-19T18:43:12","date_gmt":"2012-08-19T16:43:12","guid":{"rendered":"http:\/\/wp11057762.wp371.webpack.hosteurope.de\/.margot-fischer.net\/?page_id=20"},"modified":"2016-01-01T15:54:21","modified_gmt":"2016-01-01T13:54:21","slug":"flirt","status":"publish","type":"page","link":"https:\/\/margot-fischer.net\/?page_id=20","title":{"rendered":"Flirt"},"content":{"rendered":"<p><a href=\"http:\/\/margot-fischer.net\/wp-content\/uploads\/2012\/08\/Flirt.jpg\"><img decoding=\"async\" loading=\"lazy\" class=\" size-full wp-image-21 alignleft\" src=\"http:\/\/margot-fischer.net\/wp-content\/uploads\/2012\/08\/Flirt.jpg\" alt=\"Flirt\" width=\"106\" height=\"160\" \/><\/a><\/p>\n<p>&nbsp;<\/p>\n<p><strong>Flirt inc<\/strong><strong>lusive<\/strong><br \/>\nWien : Dachs-Verl., 2004. &#8211; 151 S.<br \/>\nISBN 3-85191-325-6 \u00a0\u00a0 ca. \u20ac 12,60<\/p>\n<p>&nbsp;<\/p>\n<p>&nbsp;<\/p>\n<p>Margot Fischer widmet sich dem Thema Ern\u00e4hrung mit sehr unterschiedlichen<br \/>\nZug\u00e4ngen. Unter anderem ver\u00f6ffentlichte sie gemeinsam mit Michael Schmid zwei Jugendb\u00fccher, die sich mit Problemen von Jugendlichen auseinandersetzen. F\u00fcr \u201eLucky liebt Lucky\u201c erhielt das Autorenduo 2004 den Jugendbuchpreis \u201eLeseossi\u201c.<\/p>\n<p>Nach dem erfolgreichen &#8222;Bayou&#8220; \u00fcber K\u00fcche und Kultur in New Orleans und Louisiana folgte 2008 das Aufsehen erregende \u201eWilde Gen\u00fcsse. Eine Enzyklop\u00e4die der essbaren Wildpflanzen\u201c. 2010 erschien bei PROverbis &#8222;Was hat Winnetou gegessen &#8211; Das Kochbuch f\u00fcr junge K\u00fcchenindianer&#8220;.\u00a0 2012 folgt &#8222;Was tat Merlin in seinen Kessel?&#8220; &#8211; K\u00fcche und Kultur der Kelten vor der R\u00f6merzeit.<\/p>\n","protected":false},"excerpt":{"rendered":"<p>&nbsp; Flirt inclusive Wien : Dachs-Verl., 2004. &#8211; 151 S. ISBN 3-85191-325-6 \u00a0\u00a0 ca. \u20ac 12,60 &nbsp; &nbsp; Margot Fischer widmet sich dem Thema Ern\u00e4hrung mit sehr unterschiedlichen Zug\u00e4ngen. Unter anderem ver\u00f6ffentlichte sie gemeinsam mit Michael Schmid zwei Jugendb\u00fccher, die &hellip; <a href=\"https:\/\/margot-fischer.net\/?page_id=20\">Weiterlesen <span class=\"meta-nav\">&rarr;<\/span><\/a><\/p>\n","protected":false},"author":1,"featured_media":21,"parent":89,"menu_order":0,"comment_status":"closed","ping_status":"open","template":"","meta":[],"_links":{"self":[{"href":"https:\/\/margot-fischer.net\/index.php?rest_route=\/wp\/v2\/pages\/20"}],"collection":[{"href":"https:\/\/margot-fischer.net\/index.php?rest_route=\/wp\/v2\/pages"}],"about":[{"href":"https:\/\/margot-fischer.net\/index.php?rest_route=\/wp\/v2\/types\/page"}],"author":[{"embeddable":true,"href":"https:\/\/margot-fischer.net\/index.php?rest_route=\/wp\/v2\/users\/1"}],"replies":[{"embeddable":true,"href":"https:\/\/margot-fischer.net\/index.php?rest_route=%2Fwp%2Fv2%2Fcomments&post=20"}],"version-history":[{"count":5,"href":"https:\/\/margot-fischer.net\/index.php?rest_route=\/wp\/v2\/pages\/20\/revisions"}],"predecessor-version":[{"id":986,"href":"https:\/\/margot-fischer.net\/index.php?rest_route=\/wp\/v2\/pages\/20\/revisions\/986"}],"up":[{"embeddable":true,"href":"https:\/\/margot-fischer.net\/index.php?rest_route=\/wp\/v2\/pages\/89"}],"wp:featuredmedia":[{"embeddable":true,"href":"https:\/\/margot-fischer.net\/index.php?rest_route=\/wp\/v2\/media\/21"}],"wp:attachment":[{"href":"https:\/\/margot-fischer.net\/index.php?rest_route=%2Fwp%2Fv2%2Fmedia&parent=20"}],"curies":[{"name":"wp","href":"https:\/\/api.w.org\/{rel}","templated":true}]}}