{"id":204,"date":"2012-10-16T19:43:27","date_gmt":"2012-10-16T17:43:27","guid":{"rendered":"http:\/\/margot-fischer.net\/?page_id=204"},"modified":"2012-10-16T19:43:27","modified_gmt":"2012-10-16T17:43:27","slug":"provencalisches-schmorfleisch","status":"publish","type":"page","link":"https:\/\/margot-fischer.net\/?page_id=204","title":{"rendered":"Provencalisches Schmorfleisch"},"content":{"rendered":"<p>6 Portionen<\/p>\n<p>1,5 kg Rindschulter, 60 g Schalotten, 250 g Karotten, Petersilie, Thymian, Majoran, Rosmarin, 1 Lorbeerblatt, 2 Nelken, 3 Wacholderbeeren, frisch gemahlener Pfeffer<\/p>\n<p>750 ml Rotwein, \u00bc l Rotweinessig, 250 g durchwachsener Speck, 3 EL Oliven\u00f6l, Salz, \u00bd unbehandelte Orange, 2 Knoblauchzehen, 100g gr\u00fcne Oliven<\/p>\n<p>Das Fleisch in gro\u00dfe St\u00fccke schneiden, Schalotten abziehen und vierteln, Karotten w\u00fcrfeln, alles zusammen mit Kr\u00e4utern und Gew\u00fcrzen in eine Sch\u00fcssel geben. Leicht pfeffern und mit Wein und Essig begie\u00dfen. Zugedeckt im K\u00fchlschrank \u00fcber Nacht marinieren.<\/p>\n<p>Das Fleisch aus der Marinade heben und gut abtropfen lassen. Den Speck w\u00fcrfeln. Oliven\u00f6l erhitzen, Speckw\u00fcrfel darin and\u00fcnsten, das Fleisch in Portionen dazugeben, scharf anbraten und salzen.<\/p>\n<p>Die Orange hei\u00df absp\u00fclen, d\u00fcnn sch\u00e4len. Die Schale fein w\u00fcrfeln. Den Saft auspressen, den Knoblauch zerdr\u00fccken und mit Orangensaft und Schale zum Fleisch geben und mit der gesamten Marinade begie\u00dfen. Aufkochen und zugedeckt bei kleiner Hitze 2,5 Stunden schmoren lassen. 10 Minuten vor Ende der Garzeit die Oliven hinzuf\u00fcgen.<\/p>\n<p>Beilage: Brot und Blattsalat<\/p>\n","protected":false},"excerpt":{"rendered":"<p>6 Portionen 1,5 kg Rindschulter, 60 g Schalotten, 250 g Karotten, Petersilie, Thymian, Majoran, Rosmarin, 1 Lorbeerblatt, 2 Nelken, 3 Wacholderbeeren, frisch gemahlener Pfeffer 750 ml Rotwein, \u00bc l Rotweinessig, 250 g durchwachsener Speck, 3 EL Oliven\u00f6l, Salz, \u00bd unbehandelte &hellip; <a href=\"https:\/\/margot-fischer.net\/?page_id=204\">Weiterlesen <span class=\"meta-nav\">&rarr;<\/span><\/a><\/p>\n","protected":false},"author":1,"featured_media":0,"parent":202,"menu_order":0,"comment_status":"open","ping_status":"open","template":"","meta":[],"_links":{"self":[{"href":"https:\/\/margot-fischer.net\/index.php?rest_route=\/wp\/v2\/pages\/204"}],"collection":[{"href":"https:\/\/margot-fischer.net\/index.php?rest_route=\/wp\/v2\/pages"}],"about":[{"href":"https:\/\/margot-fischer.net\/index.php?rest_route=\/wp\/v2\/types\/page"}],"author":[{"embeddable":true,"href":"https:\/\/margot-fischer.net\/index.php?rest_route=\/wp\/v2\/users\/1"}],"replies":[{"embeddable":true,"href":"https:\/\/margot-fischer.net\/index.php?rest_route=%2Fwp%2Fv2%2Fcomments&post=204"}],"version-history":[{"count":1,"href":"https:\/\/margot-fischer.net\/index.php?rest_route=\/wp\/v2\/pages\/204\/revisions"}],"predecessor-version":[{"id":205,"href":"https:\/\/margot-fischer.net\/index.php?rest_route=\/wp\/v2\/pages\/204\/revisions\/205"}],"up":[{"embeddable":true,"href":"https:\/\/margot-fischer.net\/index.php?rest_route=\/wp\/v2\/pages\/202"}],"wp:attachment":[{"href":"https:\/\/margot-fischer.net\/index.php?rest_route=%2Fwp%2Fv2%2Fmedia&parent=204"}],"curies":[{"name":"wp","href":"https:\/\/api.w.org\/{rel}","templated":true}]}}