{"id":206,"date":"2012-10-16T19:44:22","date_gmt":"2012-10-16T17:44:22","guid":{"rendered":"http:\/\/margot-fischer.net\/?page_id=206"},"modified":"2012-10-16T19:44:53","modified_gmt":"2012-10-16T17:44:53","slug":"bogracs-gulyas","status":"publish","type":"page","link":"https:\/\/margot-fischer.net\/?page_id=206","title":{"rendered":"Bogracs Gulyas"},"content":{"rendered":"<p>  4 bis 6 Portionen<\/p>\n<p>4-5 Zwiebel goldgelb anr\u00f6sten und mit 5-6 Knoblauchzehen sowie 1 kg Rindsschulter mit Salz, Pfeffer, K\u00fcmmel, 2-3 EL edels\u00fc\u00dfem Paprika verr\u00fchren, mit 2 \u00bd l Wasser aufgie\u00dfen, geviertelte Erd\u00e4pfel hinein und 2 Stunden d\u00fcnsten.<\/p>\n<p>In der Zwischenzeit Nockerl aus 2 Eiern mit 150 ml Wasser, Salz und 100 g Mehl bereiten und in Salzwasser 15 Minuten kochen. Abgeseiht zum Gulyas servieren.<\/p>\n","protected":false},"excerpt":{"rendered":"<p>4 bis 6 Portionen 4-5 Zwiebel goldgelb anr\u00f6sten und mit 5-6 Knoblauchzehen sowie 1 kg Rindsschulter mit Salz, Pfeffer, K\u00fcmmel, 2-3 EL edels\u00fc\u00dfem Paprika verr\u00fchren, mit 2 \u00bd l Wasser aufgie\u00dfen, geviertelte Erd\u00e4pfel hinein und 2 Stunden d\u00fcnsten. In der &hellip; <a href=\"https:\/\/margot-fischer.net\/?page_id=206\">Weiterlesen <span class=\"meta-nav\">&rarr;<\/span><\/a><\/p>\n","protected":false},"author":1,"featured_media":0,"parent":202,"menu_order":0,"comment_status":"open","ping_status":"open","template":"","meta":[],"_links":{"self":[{"href":"https:\/\/margot-fischer.net\/index.php?rest_route=\/wp\/v2\/pages\/206"}],"collection":[{"href":"https:\/\/margot-fischer.net\/index.php?rest_route=\/wp\/v2\/pages"}],"about":[{"href":"https:\/\/margot-fischer.net\/index.php?rest_route=\/wp\/v2\/types\/page"}],"author":[{"embeddable":true,"href":"https:\/\/margot-fischer.net\/index.php?rest_route=\/wp\/v2\/users\/1"}],"replies":[{"embeddable":true,"href":"https:\/\/margot-fischer.net\/index.php?rest_route=%2Fwp%2Fv2%2Fcomments&post=206"}],"version-history":[{"count":3,"href":"https:\/\/margot-fischer.net\/index.php?rest_route=\/wp\/v2\/pages\/206\/revisions"}],"predecessor-version":[{"id":209,"href":"https:\/\/margot-fischer.net\/index.php?rest_route=\/wp\/v2\/pages\/206\/revisions\/209"}],"up":[{"embeddable":true,"href":"https:\/\/margot-fischer.net\/index.php?rest_route=\/wp\/v2\/pages\/202"}],"wp:attachment":[{"href":"https:\/\/margot-fischer.net\/index.php?rest_route=%2Fwp%2Fv2%2Fmedia&parent=206"}],"curies":[{"name":"wp","href":"https:\/\/api.w.org\/{rel}","templated":true}]}}