{"id":215,"date":"2012-10-16T19:49:35","date_gmt":"2012-10-16T17:49:35","guid":{"rendered":"http:\/\/margot-fischer.net\/?page_id=215"},"modified":"2012-10-16T19:49:35","modified_gmt":"2012-10-16T17:49:35","slug":"mediterranes-schweinsfilet","status":"publish","type":"page","link":"https:\/\/margot-fischer.net\/?page_id=215","title":{"rendered":"Mediterranes Schweinsfilet"},"content":{"rendered":"<p>  4 Portionen<\/p>\n<p>2 Schweinefilets, frisch gemahlener Pfeffer, 180 g Feta, 150 g Cocktailtomaten, 250g Spitzpaprika, 1 Bund Fr\u00fchlingszwiebel, \u00bd Gem\u00fcsezwiebel, 3 EL Oliven\u00f6l, frischer Salbei, 250 ml trockener Wei\u00dfwein<\/p>\n<p>Filets mit Salz und Pfeffer w\u00fcrzen, vier bis f\u00fcnfmal einschneiden und K\u00e4se in Einschnitte stecken.<\/p>\n<p>\u00d6l in Br\u00e4ter erhitzen, Fleisch hinein, mit Salbei belegen, mit \u00d6l betr\u00e4ufeln. \u00bd des Weines dazugie\u00dfen, Br\u00e4ter schlie\u00dfen und bei 200\u00b0C im vorgeheizten Rohr 10 Minuten braten. Gem\u00fcse und restlichen Wein dazugeben und 25-30 min weiterbraten.<\/p>\n<p>Beilage: t\u00fcrkisches Fladenbrot<\/p>\n","protected":false},"excerpt":{"rendered":"<p>4 Portionen 2 Schweinefilets, frisch gemahlener Pfeffer, 180 g Feta, 150 g Cocktailtomaten, 250g Spitzpaprika, 1 Bund Fr\u00fchlingszwiebel, \u00bd Gem\u00fcsezwiebel, 3 EL Oliven\u00f6l, frischer Salbei, 250 ml trockener Wei\u00dfwein Filets mit Salz und Pfeffer w\u00fcrzen, vier bis f\u00fcnfmal einschneiden und &hellip; <a href=\"https:\/\/margot-fischer.net\/?page_id=215\">Weiterlesen <span class=\"meta-nav\">&rarr;<\/span><\/a><\/p>\n","protected":false},"author":1,"featured_media":0,"parent":212,"menu_order":0,"comment_status":"open","ping_status":"open","template":"","meta":[],"_links":{"self":[{"href":"https:\/\/margot-fischer.net\/index.php?rest_route=\/wp\/v2\/pages\/215"}],"collection":[{"href":"https:\/\/margot-fischer.net\/index.php?rest_route=\/wp\/v2\/pages"}],"about":[{"href":"https:\/\/margot-fischer.net\/index.php?rest_route=\/wp\/v2\/types\/page"}],"author":[{"embeddable":true,"href":"https:\/\/margot-fischer.net\/index.php?rest_route=\/wp\/v2\/users\/1"}],"replies":[{"embeddable":true,"href":"https:\/\/margot-fischer.net\/index.php?rest_route=%2Fwp%2Fv2%2Fcomments&post=215"}],"version-history":[{"count":1,"href":"https:\/\/margot-fischer.net\/index.php?rest_route=\/wp\/v2\/pages\/215\/revisions"}],"predecessor-version":[{"id":216,"href":"https:\/\/margot-fischer.net\/index.php?rest_route=\/wp\/v2\/pages\/215\/revisions\/216"}],"up":[{"embeddable":true,"href":"https:\/\/margot-fischer.net\/index.php?rest_route=\/wp\/v2\/pages\/212"}],"wp:attachment":[{"href":"https:\/\/margot-fischer.net\/index.php?rest_route=%2Fwp%2Fv2%2Fmedia&parent=215"}],"curies":[{"name":"wp","href":"https:\/\/api.w.org\/{rel}","templated":true}]}}