{"id":219,"date":"2012-10-16T19:52:30","date_gmt":"2012-10-16T17:52:30","guid":{"rendered":"http:\/\/margot-fischer.net\/?page_id=219"},"modified":"2012-10-16T19:52:30","modified_gmt":"2012-10-16T17:52:30","slug":"medaillons-vom-schweinsfilet-mit-polenta-und-gorgonzolasauce","status":"publish","type":"page","link":"https:\/\/margot-fischer.net\/?page_id=219","title":{"rendered":"Medaillons vom Schweinsfilet mit Polenta und Gorgonzolasauce"},"content":{"rendered":"<p>4 Portionen<\/p>\n<p>4 Schweinsmedaillons, 50 g Gorgonzola, 2 EL frische Wei\u00dfbrotbr\u00f6sel, 2 EL Oliven\u00f6l, 30 g Butter, 2 EL fein gehackte Petersilie, Salz, Pfeffer<\/p>\n<p>F\u00fcr die Sauce<\/p>\n<p>3 Schalotten fein gehackt, 100 ml Gefl\u00fcgelfond, 40 ml Wei\u00dfwein, 4 cl trockener Wermut, 3 EL Sauerrahm, 60 g Gorgonzola<\/p>\n<p>F\u00fcr die Polenta<\/p>\n<p>80 g Polenta, 1 EL Oliven\u00f6l, 50 g Schalotten, 40 g Butter, 250 ml Gefl\u00fcgelfond, 1 kleine Knoblauchzehe, Salz, Pfeffer, frisch gemahlene Muskatnuss<\/p>\n<p>Die Medaillons mit Salz und Pfeffer w\u00fcrzen, in halb Butter und halb Oliven\u00f6l auf jeder Seite 2 Minuten anbraten. 40 g Gorgonzola \u00fcber die Medaillons verteilen, mit Petersilie und Wei\u00dfbrotbr\u00f6seln bestreut kurz mit starker Oberhitze \u00fcberbacken.<\/p>\n<p>F\u00fcr die Sauce die Schalotten hellgolden anr\u00f6sten, mit Wei\u00dfwein und Wermut abl\u00f6schen, einkochen lassen, mit Gefl\u00fcgelfond aufgie\u00dfen und 5 Minuten einkochen. Zum Schluss Sauerrahm und Gorgonzola einr\u00fchren.<\/p>\n<p>F\u00fcr die Polenta die Schalotten und Knoblauch fein schneiden und in Oliven\u00f6l-Buttermischung anschwitzen, mit Gefl\u00fcgelfond aufgie\u00dfen und zum Kochen bringen. Polenta einr\u00fchren und solange kochen, bis es eine breiige Konsistenz aufweist. Mit Salz, Pfeffer sowie Muskat w\u00fcrzen.<\/p>\n<p>Die \u00fcberbackenen Medaillons auf einen Gem\u00fcsesockel (Erbsenschoten, Karotten, Fenchel, Brokkoli, Champignons) legen und mit Polenta und Gorgonzolasauce anrichten.<\/p>\n","protected":false},"excerpt":{"rendered":"<p>4 Portionen 4 Schweinsmedaillons, 50 g Gorgonzola, 2 EL frische Wei\u00dfbrotbr\u00f6sel, 2 EL Oliven\u00f6l, 30 g Butter, 2 EL fein gehackte Petersilie, Salz, Pfeffer F\u00fcr die Sauce 3 Schalotten fein gehackt, 100 ml Gefl\u00fcgelfond, 40 ml Wei\u00dfwein, 4 cl trockener &hellip; <a href=\"https:\/\/margot-fischer.net\/?page_id=219\">Weiterlesen <span class=\"meta-nav\">&rarr;<\/span><\/a><\/p>\n","protected":false},"author":1,"featured_media":0,"parent":212,"menu_order":0,"comment_status":"open","ping_status":"open","template":"","meta":[],"_links":{"self":[{"href":"https:\/\/margot-fischer.net\/index.php?rest_route=\/wp\/v2\/pages\/219"}],"collection":[{"href":"https:\/\/margot-fischer.net\/index.php?rest_route=\/wp\/v2\/pages"}],"about":[{"href":"https:\/\/margot-fischer.net\/index.php?rest_route=\/wp\/v2\/types\/page"}],"author":[{"embeddable":true,"href":"https:\/\/margot-fischer.net\/index.php?rest_route=\/wp\/v2\/users\/1"}],"replies":[{"embeddable":true,"href":"https:\/\/margot-fischer.net\/index.php?rest_route=%2Fwp%2Fv2%2Fcomments&post=219"}],"version-history":[{"count":1,"href":"https:\/\/margot-fischer.net\/index.php?rest_route=\/wp\/v2\/pages\/219\/revisions"}],"predecessor-version":[{"id":220,"href":"https:\/\/margot-fischer.net\/index.php?rest_route=\/wp\/v2\/pages\/219\/revisions\/220"}],"up":[{"embeddable":true,"href":"https:\/\/margot-fischer.net\/index.php?rest_route=\/wp\/v2\/pages\/212"}],"wp:attachment":[{"href":"https:\/\/margot-fischer.net\/index.php?rest_route=%2Fwp%2Fv2%2Fmedia&parent=219"}],"curies":[{"name":"wp","href":"https:\/\/api.w.org\/{rel}","templated":true}]}}