{"id":221,"date":"2012-10-16T19:53:30","date_gmt":"2012-10-16T17:53:30","guid":{"rendered":"http:\/\/margot-fischer.net\/?page_id=221"},"modified":"2012-10-16T19:53:41","modified_gmt":"2012-10-16T17:53:41","slug":"schweinsfilet-mit-getrockneten-tomaten-und-olivenpolenta","status":"publish","type":"page","link":"https:\/\/margot-fischer.net\/?page_id=221","title":{"rendered":"Schweinsfilet mit getrockneten Tomaten und Olivenpolenta"},"content":{"rendered":"<p>4 Portionen<\/p>\n<p>1 mittelgro\u00dfes Schweinsfilet, Salz, Pfeffer, 200 g Bauchspeck, Oliven\u00f6l, 10 \u2013 12 getrocknete Tomaten, etwas Portwein, 2 zerdr\u00fcckte Knoblauchzehen, 250 ml Obers, 1 Prise Zucker<\/p>\n<p>Olivenpolenta<\/p>\n<p>je 1 Tasse Milch und Suppe, je 1 EL Basilikum und Oregano, 1 Tasse Instant-Polenta, 10 \u2013 12 Oliven, Salz<\/p>\n<p>Das Schweinsfilet salzen, pfeffern, mit Speckscheiben umwickeln, in Oliven\u00f6l anbraten, im Rohr bei 200\u00b0C 10 Minuten garen. Das Fleisch im abgeschalteten Rohr 10 Minuten ziehen lassen.<\/p>\n<p>Die Tomaten in Oliven\u00f6l anbraten, mit Portwein l\u00f6schen, Knoblauch dazu, mit Obers aufgie\u00dfen und einkochen lassen, mit Fleischbratsaft (aus dem Rohr) und Zucker abschmecken.<\/p>\n","protected":false},"excerpt":{"rendered":"<p>4 Portionen 1 mittelgro\u00dfes Schweinsfilet, Salz, Pfeffer, 200 g Bauchspeck, Oliven\u00f6l, 10 \u2013 12 getrocknete Tomaten, etwas Portwein, 2 zerdr\u00fcckte Knoblauchzehen, 250 ml Obers, 1 Prise Zucker Olivenpolenta je 1 Tasse Milch und Suppe, je 1 EL Basilikum und Oregano, &hellip; <a href=\"https:\/\/margot-fischer.net\/?page_id=221\">Weiterlesen <span class=\"meta-nav\">&rarr;<\/span><\/a><\/p>\n","protected":false},"author":1,"featured_media":0,"parent":212,"menu_order":0,"comment_status":"open","ping_status":"open","template":"","meta":[],"_links":{"self":[{"href":"https:\/\/margot-fischer.net\/index.php?rest_route=\/wp\/v2\/pages\/221"}],"collection":[{"href":"https:\/\/margot-fischer.net\/index.php?rest_route=\/wp\/v2\/pages"}],"about":[{"href":"https:\/\/margot-fischer.net\/index.php?rest_route=\/wp\/v2\/types\/page"}],"author":[{"embeddable":true,"href":"https:\/\/margot-fischer.net\/index.php?rest_route=\/wp\/v2\/users\/1"}],"replies":[{"embeddable":true,"href":"https:\/\/margot-fischer.net\/index.php?rest_route=%2Fwp%2Fv2%2Fcomments&post=221"}],"version-history":[{"count":2,"href":"https:\/\/margot-fischer.net\/index.php?rest_route=\/wp\/v2\/pages\/221\/revisions"}],"predecessor-version":[{"id":223,"href":"https:\/\/margot-fischer.net\/index.php?rest_route=\/wp\/v2\/pages\/221\/revisions\/223"}],"up":[{"embeddable":true,"href":"https:\/\/margot-fischer.net\/index.php?rest_route=\/wp\/v2\/pages\/212"}],"wp:attachment":[{"href":"https:\/\/margot-fischer.net\/index.php?rest_route=%2Fwp%2Fv2%2Fmedia&parent=221"}],"curies":[{"name":"wp","href":"https:\/\/api.w.org\/{rel}","templated":true}]}}