{"id":228,"date":"2012-10-16T19:56:56","date_gmt":"2012-10-16T17:56:56","guid":{"rendered":"http:\/\/margot-fischer.net\/?page_id=228"},"modified":"2012-10-16T19:56:56","modified_gmt":"2012-10-16T17:56:56","slug":"rindsfiletbraten-mit-honigschalotten","status":"publish","type":"page","link":"https:\/\/margot-fischer.net\/?page_id=228","title":{"rendered":"Rindsfiletbraten mit Honigschalotten"},"content":{"rendered":"<p>  4 Portionen<\/p>\n<p>1 Rindsfilet (1 kg), Salz, Pfeffer, Butterschmalz<\/p>\n<p>Petersilienp\u00fcree: 200 g gekochte und passierte Erd\u00e4pfel, 200 g gekochte und passierte Petersilienwurzel, 1\/8 l Milch, 1\/8 l Obers, 50 g Petersilie (mit \u00d6l gemixt), Salz, Pfeffer, Muskat, Butter.<\/p>\n<p>Honigschalotten: 150 g gesch\u00e4lte Schalotten, 1 EL br. Zucker, 30 g Butter, 1 EL Honig, etwas Wei\u00dfwein, Salz, Pfeffer.<\/p>\n<p>Sauce: 200 g Rindfleischpar\u00fcren, 30 g Butterschmalz, 150 g Wurzelgem\u00fcse, 1 TL Tomatenmark, 1 Flasche guter Rotwein, Lorbeerblatt, Pfefferk\u00f6rner, Rosmarin, Thymian, ev. kalte Butter<\/p>\n<p>Rindsfilet parieren, mit K\u00fcchengarn in gew\u00fcnschte Form binden, mit Salz und Pfeffer w\u00fcrzen.<\/p>\n<p>Butterschmalz erhitzen, Fleisch rundherum anbraten. 10 min im Rohr bei 220\u00b0, dann 20 min bei 180\u00b0 fertig braten.<\/p>\n<p>Erd\u00e4pfel weich kochen und passieren, Petersilienwurzen auch kochen, mit Milch mixen und passieren, mit Obers glatt r\u00fchren und mit Petersilie, Salz, Pfeffer und Muskat abschmecken und mit Butter verfeinern.<\/p>\n<p>Schalotten sch\u00e4len und in braunem Zucker mit Butter anschwitzen, zugedeckt bei kleiner Hitze ca. 15 Minuten ziehen lassen, immer wieder Wei\u00dfwein nachgie\u00dfen, am Ende mit Salz und Pfeffer abschmecken.<\/p>\n<p>F\u00fcr die Sauce Fleischabschnitte in Butterschmalz anbraten, Gem\u00fcse hinzuf\u00fcgen, Tomatenmark, Rotwein nach und nach zugie\u00dfen, etwas Wasser und Gew\u00fcrze, einkochen lassen.<\/p>\n<p>Das Rindsfilet in Scheiben schneiden, auf Tellern mit Honigschalotten, Petersilienp\u00fcree und Sauce anrichten.<\/p>\n","protected":false},"excerpt":{"rendered":"<p>4 Portionen 1 Rindsfilet (1 kg), Salz, Pfeffer, Butterschmalz Petersilienp\u00fcree: 200 g gekochte und passierte Erd\u00e4pfel, 200 g gekochte und passierte Petersilienwurzel, 1\/8 l Milch, 1\/8 l Obers, 50 g Petersilie (mit \u00d6l gemixt), Salz, Pfeffer, Muskat, Butter. Honigschalotten: 150 &hellip; <a href=\"https:\/\/margot-fischer.net\/?page_id=228\">Weiterlesen <span class=\"meta-nav\">&rarr;<\/span><\/a><\/p>\n","protected":false},"author":1,"featured_media":0,"parent":202,"menu_order":0,"comment_status":"open","ping_status":"open","template":"","meta":[],"_links":{"self":[{"href":"https:\/\/margot-fischer.net\/index.php?rest_route=\/wp\/v2\/pages\/228"}],"collection":[{"href":"https:\/\/margot-fischer.net\/index.php?rest_route=\/wp\/v2\/pages"}],"about":[{"href":"https:\/\/margot-fischer.net\/index.php?rest_route=\/wp\/v2\/types\/page"}],"author":[{"embeddable":true,"href":"https:\/\/margot-fischer.net\/index.php?rest_route=\/wp\/v2\/users\/1"}],"replies":[{"embeddable":true,"href":"https:\/\/margot-fischer.net\/index.php?rest_route=%2Fwp%2Fv2%2Fcomments&post=228"}],"version-history":[{"count":1,"href":"https:\/\/margot-fischer.net\/index.php?rest_route=\/wp\/v2\/pages\/228\/revisions"}],"predecessor-version":[{"id":229,"href":"https:\/\/margot-fischer.net\/index.php?rest_route=\/wp\/v2\/pages\/228\/revisions\/229"}],"up":[{"embeddable":true,"href":"https:\/\/margot-fischer.net\/index.php?rest_route=\/wp\/v2\/pages\/202"}],"wp:attachment":[{"href":"https:\/\/margot-fischer.net\/index.php?rest_route=%2Fwp%2Fv2%2Fmedia&parent=228"}],"curies":[{"name":"wp","href":"https:\/\/api.w.org\/{rel}","templated":true}]}}