{"id":232,"date":"2012-10-16T19:58:33","date_gmt":"2012-10-16T17:58:33","guid":{"rendered":"http:\/\/margot-fischer.net\/?page_id=232"},"modified":"2012-10-16T19:58:33","modified_gmt":"2012-10-16T17:58:33","slug":"geschmorte-lammhaxen","status":"publish","type":"page","link":"https:\/\/margot-fischer.net\/?page_id=232","title":{"rendered":"Geschmorte Lammhaxen"},"content":{"rendered":"<p>  4 Portionen<\/p>\n<p>4 kleine Lammhaxen, Salz, Pfeffer, 1 TL Koriandersamen, 1 Chilischote, 1 EL Rosmarin gehackt, 1 TL Majoran, 1 TL Oregano, 1 EL Mehl, 1 EL \u00d6l, 2 Knoblauchzehen, 2 Karotten, 5 Selleriestangen, 2 Zwiebeln, 1 EL Balsamico, 200 ml trockener Wei\u00dfwein, 6 Sardellenfilets, 2 Dosen gesch\u00e4lte Tomaten, 1 Handvoll frische Kr\u00e4uter<\/p>\n<p>Das Backrohr auf 150\u00b0C vorheizen. Knoblauch, Karotten, Sellerie und Zwiebel zerkleinern. Lammfleisch mit Salz und Pfeffer w\u00fcrzen. Koriandersamen und Chili im M\u00f6rser zersto\u00dfen, mit Rosmarin, Majoran und Oregano vermischen und das Lamm damit einreiben. Mit Mehl best\u00e4uben.<\/p>\n<p>Eine Kasserolle mit \u00d6l erhitzen. Das Fleisch rasch anbraten und danach herausnehmen. Knoblauch, Karotten, Sellerie und Zwiebeln mit Prise Salz in Kasserolle geben, bei mittlerer Hitze ca. 10 Minuten d\u00fcnsten, Balsamessig hinzuf\u00fcgen, einkochen. Wei\u00dfwein angie\u00dfen und 2 Minuten k\u00f6cheln. Sardellenfilets im Ganzen und Tomaten dazugeben. Umr\u00fchren, Lammhaxen in die Sauce legen, aufkochen und im Ofen 2 Stunden schmoren.<\/p>\n<p>Lammhaxen vorsichtig herausnehmen, warm stellen. Fett von der Sauce absch\u00f6pfen. Die Sauce mit Kr\u00e4utern abschmecken.<\/p>\n<p>Dazu passen gebackene Erd\u00e4pfel oder Polenta.<\/p>\n","protected":false},"excerpt":{"rendered":"<p>4 Portionen 4 kleine Lammhaxen, Salz, Pfeffer, 1 TL Koriandersamen, 1 Chilischote, 1 EL Rosmarin gehackt, 1 TL Majoran, 1 TL Oregano, 1 EL Mehl, 1 EL \u00d6l, 2 Knoblauchzehen, 2 Karotten, 5 Selleriestangen, 2 Zwiebeln, 1 EL Balsamico, 200 &hellip; <a href=\"https:\/\/margot-fischer.net\/?page_id=232\">Weiterlesen <span class=\"meta-nav\">&rarr;<\/span><\/a><\/p>\n","protected":false},"author":1,"featured_media":0,"parent":230,"menu_order":0,"comment_status":"open","ping_status":"open","template":"","meta":[],"_links":{"self":[{"href":"https:\/\/margot-fischer.net\/index.php?rest_route=\/wp\/v2\/pages\/232"}],"collection":[{"href":"https:\/\/margot-fischer.net\/index.php?rest_route=\/wp\/v2\/pages"}],"about":[{"href":"https:\/\/margot-fischer.net\/index.php?rest_route=\/wp\/v2\/types\/page"}],"author":[{"embeddable":true,"href":"https:\/\/margot-fischer.net\/index.php?rest_route=\/wp\/v2\/users\/1"}],"replies":[{"embeddable":true,"href":"https:\/\/margot-fischer.net\/index.php?rest_route=%2Fwp%2Fv2%2Fcomments&post=232"}],"version-history":[{"count":1,"href":"https:\/\/margot-fischer.net\/index.php?rest_route=\/wp\/v2\/pages\/232\/revisions"}],"predecessor-version":[{"id":233,"href":"https:\/\/margot-fischer.net\/index.php?rest_route=\/wp\/v2\/pages\/232\/revisions\/233"}],"up":[{"embeddable":true,"href":"https:\/\/margot-fischer.net\/index.php?rest_route=\/wp\/v2\/pages\/230"}],"wp:attachment":[{"href":"https:\/\/margot-fischer.net\/index.php?rest_route=%2Fwp%2Fv2%2Fmedia&parent=232"}],"curies":[{"name":"wp","href":"https:\/\/api.w.org\/{rel}","templated":true}]}}