{"id":243,"date":"2012-10-19T17:02:45","date_gmt":"2012-10-19T15:02:45","guid":{"rendered":"http:\/\/margot-fischer.net\/?page_id=243"},"modified":"2013-08-24T16:57:34","modified_gmt":"2013-08-24T14:57:34","slug":"lachs-mit-haselnusskruste-mit-portulak-sauerampfer-und-marillen","status":"publish","type":"page","link":"https:\/\/margot-fischer.net\/?page_id=243","title":{"rendered":"Lachs mit Haselnusskruste mit Portulak, Sauerampfer und Marillen"},"content":{"rendered":"<p>4 Portionen<\/p>\n<p>4 Scheiben Lachs ohne Haut<br \/>\nZitrone<br \/>\nOliven\u00f6l<br \/>\nSalz, Pfeffer<br \/>\n100g geriebene Haseln\u00fcsse<br \/>\n60g Butter<br \/>\n1 zarte Prise frisch geriebene Muskatnuss<br \/>\n200g Marillen (Aprikosen)<br \/>\n1 Handvoll Portulak<br \/>\n1 Handvoll Sauerampferbl\u00e4tter<br \/>\nEinige Spritzer Balsamessig<br \/>\n1 EL Demerarazucker oder Honig<\/p>\n<p>Den Lachs mit Zitronensaft betr\u00e4ufeln und in Oliven\u00f6l beidseitig anbraten, salzen und pfeffern.<br \/>\nIn der Zwischenzeit in einer zweiten Pfanne die Haseln\u00fcsse ohne Fett goldbraun r\u00f6sten, die Butter hinzuf\u00fcgen und aufsch\u00e4umen lassen. Mit einer Prise Muskatnuss mischen.<br \/>\nMarillen entkernen und klein schneiden. Portulak und Sauerampfer mit den Marillen mischen und mit einem Dressing aus Balsamessig, Zucker, Salz und Pfeffer betr\u00e4ufeln.<br \/>\nDen Lachs mit den Haseln\u00fcssen bestreichen und mit dem Salat servieren.<br \/>\nDazu passt frisches Baguette oder Rosmarinkartoffeln.<\/p>\n","protected":false},"excerpt":{"rendered":"<p>4 Portionen 4 Scheiben Lachs ohne Haut Zitrone Oliven\u00f6l Salz, Pfeffer 100g geriebene Haseln\u00fcsse 60g Butter 1 zarte Prise frisch geriebene Muskatnuss 200g Marillen (Aprikosen) 1 Handvoll Portulak 1 Handvoll Sauerampferbl\u00e4tter Einige Spritzer Balsamessig 1 EL Demerarazucker oder Honig Den &hellip; <a href=\"https:\/\/margot-fischer.net\/?page_id=243\">Weiterlesen <span class=\"meta-nav\">&rarr;<\/span><\/a><\/p>\n","protected":false},"author":1,"featured_media":475,"parent":241,"menu_order":0,"comment_status":"open","ping_status":"open","template":"","meta":[],"_links":{"self":[{"href":"https:\/\/margot-fischer.net\/index.php?rest_route=\/wp\/v2\/pages\/243"}],"collection":[{"href":"https:\/\/margot-fischer.net\/index.php?rest_route=\/wp\/v2\/pages"}],"about":[{"href":"https:\/\/margot-fischer.net\/index.php?rest_route=\/wp\/v2\/types\/page"}],"author":[{"embeddable":true,"href":"https:\/\/margot-fischer.net\/index.php?rest_route=\/wp\/v2\/users\/1"}],"replies":[{"embeddable":true,"href":"https:\/\/margot-fischer.net\/index.php?rest_route=%2Fwp%2Fv2%2Fcomments&post=243"}],"version-history":[{"count":2,"href":"https:\/\/margot-fischer.net\/index.php?rest_route=\/wp\/v2\/pages\/243\/revisions"}],"predecessor-version":[{"id":474,"href":"https:\/\/margot-fischer.net\/index.php?rest_route=\/wp\/v2\/pages\/243\/revisions\/474"}],"up":[{"embeddable":true,"href":"https:\/\/margot-fischer.net\/index.php?rest_route=\/wp\/v2\/pages\/241"}],"wp:featuredmedia":[{"embeddable":true,"href":"https:\/\/margot-fischer.net\/index.php?rest_route=\/wp\/v2\/media\/475"}],"wp:attachment":[{"href":"https:\/\/margot-fischer.net\/index.php?rest_route=%2Fwp%2Fv2%2Fmedia&parent=243"}],"curies":[{"name":"wp","href":"https:\/\/api.w.org\/{rel}","templated":true}]}}