{"id":253,"date":"2012-10-24T11:12:31","date_gmt":"2012-10-24T09:12:31","guid":{"rendered":"http:\/\/margot-fischer.net\/?page_id=253"},"modified":"2012-10-24T11:12:31","modified_gmt":"2012-10-24T09:12:31","slug":"eierschwammerl-mit-heidelbeeren-und-heurigen","status":"publish","type":"page","link":"https:\/\/margot-fischer.net\/?page_id=253","title":{"rendered":"Eierschwammerl mit Heidelbeeren und Heurigen"},"content":{"rendered":"<p>1000 g heurige Erd\u00e4pfel (Kartoffeln)<br \/>\n100 g Butter<br \/>\n250 g Schalotten<br \/>\n2 Knoblauchzehen<br \/>\n500 g Eierschwammerl (Pfifferlinge)<br \/>\n150 g Heidelbeeren<br \/>\n\u00bd Vanilleschote<br \/>\n1 Prise Muskatbl\u00fcte, ersatzweise frisch geriebene Muskatnuss<br \/>\nSalz, frisch gemahlener wei\u00dfer Pfeffer<br \/>\n1 Prise Thymian<\/p>\n<p>Die Erd\u00e4pfel b\u00fcrsten und in d\u00fcnne Scheiben schneiden.<br \/>\nSchalotten und Knoblauch sch\u00e4len und fein hacken.<\/p>\n<p>Erd\u00e4pfelscheiben, Schalotten und Knoblauch in der Butter mit ein wenig Wasser weich d\u00fcnsten.<\/p>\n<p>In der Zwischenzeit die Eierschwammerl putzen, zerteilen und mit den Erd\u00e4pfeln kurz mitd\u00fcnsten.<\/p>\n<p>Die Heidelbeeren, das Mark der Vanilleschote, Muskat, Salz, Pfeffer und Thymian hinzuf\u00fcgen, eine Minute weiterd\u00fcnsten und danach sofort servieren.<\/p>\n","protected":false},"excerpt":{"rendered":"<p>1000 g heurige Erd\u00e4pfel (Kartoffeln) 100 g Butter 250 g Schalotten 2 Knoblauchzehen 500 g Eierschwammerl (Pfifferlinge) 150 g Heidelbeeren \u00bd Vanilleschote 1 Prise Muskatbl\u00fcte, ersatzweise frisch geriebene Muskatnuss Salz, frisch gemahlener wei\u00dfer Pfeffer 1 Prise Thymian Die Erd\u00e4pfel b\u00fcrsten &hellip; <a href=\"https:\/\/margot-fischer.net\/?page_id=253\">Weiterlesen <span class=\"meta-nav\">&rarr;<\/span><\/a><\/p>\n","protected":false},"author":1,"featured_media":0,"parent":249,"menu_order":0,"comment_status":"open","ping_status":"open","template":"","meta":[],"_links":{"self":[{"href":"https:\/\/margot-fischer.net\/index.php?rest_route=\/wp\/v2\/pages\/253"}],"collection":[{"href":"https:\/\/margot-fischer.net\/index.php?rest_route=\/wp\/v2\/pages"}],"about":[{"href":"https:\/\/margot-fischer.net\/index.php?rest_route=\/wp\/v2\/types\/page"}],"author":[{"embeddable":true,"href":"https:\/\/margot-fischer.net\/index.php?rest_route=\/wp\/v2\/users\/1"}],"replies":[{"embeddable":true,"href":"https:\/\/margot-fischer.net\/index.php?rest_route=%2Fwp%2Fv2%2Fcomments&post=253"}],"version-history":[{"count":2,"href":"https:\/\/margot-fischer.net\/index.php?rest_route=\/wp\/v2\/pages\/253\/revisions"}],"predecessor-version":[{"id":255,"href":"https:\/\/margot-fischer.net\/index.php?rest_route=\/wp\/v2\/pages\/253\/revisions\/255"}],"up":[{"embeddable":true,"href":"https:\/\/margot-fischer.net\/index.php?rest_route=\/wp\/v2\/pages\/249"}],"wp:attachment":[{"href":"https:\/\/margot-fischer.net\/index.php?rest_route=%2Fwp%2Fv2%2Fmedia&parent=253"}],"curies":[{"name":"wp","href":"https:\/\/api.w.org\/{rel}","templated":true}]}}