{"id":256,"date":"2012-10-24T11:17:49","date_gmt":"2012-10-24T09:17:49","guid":{"rendered":"http:\/\/margot-fischer.net\/?page_id=256"},"modified":"2012-10-24T11:17:49","modified_gmt":"2012-10-24T09:17:49","slug":"sudafrikanische-karottensuppe","status":"publish","type":"page","link":"https:\/\/margot-fischer.net\/?page_id=256","title":{"rendered":"S\u00fcdafrikanische Karottensuppe"},"content":{"rendered":"<p>500 g Karotten in Scheiben<br \/>\n1 L Gem\u00fcsesuppe<br \/>\n1 TL Kardamom zersto\u00dfen<br \/>\n1 TL Koriander zersto\u00dfen<br \/>\n2 EL Oliven\u00f6l<br \/>\n1 Zwiebel gehackt<br \/>\n2 EL Marillenmarmelade (Aprikosenkonfit\u00fcre)\t<\/p>\n<p>Die Karotten in der Suppe weich kochen.<br \/>\nDie Gew\u00fcrze im \u00d6l kurz anr\u00f6sten, danach die Zwiebel hinzuf\u00fcgen und glasig d\u00fcnsten.<br \/>\nDie Marmelade einr\u00fchren und die Karotten mit der Zwiebelmischung p\u00fcrieren. \t<\/p>\n<p>Wer nicht vegan lebt, legiert die Suppe mit 125 mL Obers.<\/p>\n<p>Die Suppe schmeckt warm oder kalt und kann auch mit N\u00fcssen serviert werden<\/p>\n","protected":false},"excerpt":{"rendered":"<p>500 g Karotten in Scheiben 1 L Gem\u00fcsesuppe 1 TL Kardamom zersto\u00dfen 1 TL Koriander zersto\u00dfen 2 EL Oliven\u00f6l 1 Zwiebel gehackt 2 EL Marillenmarmelade (Aprikosenkonfit\u00fcre) Die Karotten in der Suppe weich kochen. Die Gew\u00fcrze im \u00d6l kurz anr\u00f6sten, danach &hellip; <a href=\"https:\/\/margot-fischer.net\/?page_id=256\">Weiterlesen <span class=\"meta-nav\">&rarr;<\/span><\/a><\/p>\n","protected":false},"author":1,"featured_media":0,"parent":249,"menu_order":0,"comment_status":"open","ping_status":"open","template":"","meta":[],"_links":{"self":[{"href":"https:\/\/margot-fischer.net\/index.php?rest_route=\/wp\/v2\/pages\/256"}],"collection":[{"href":"https:\/\/margot-fischer.net\/index.php?rest_route=\/wp\/v2\/pages"}],"about":[{"href":"https:\/\/margot-fischer.net\/index.php?rest_route=\/wp\/v2\/types\/page"}],"author":[{"embeddable":true,"href":"https:\/\/margot-fischer.net\/index.php?rest_route=\/wp\/v2\/users\/1"}],"replies":[{"embeddable":true,"href":"https:\/\/margot-fischer.net\/index.php?rest_route=%2Fwp%2Fv2%2Fcomments&post=256"}],"version-history":[{"count":1,"href":"https:\/\/margot-fischer.net\/index.php?rest_route=\/wp\/v2\/pages\/256\/revisions"}],"predecessor-version":[{"id":257,"href":"https:\/\/margot-fischer.net\/index.php?rest_route=\/wp\/v2\/pages\/256\/revisions\/257"}],"up":[{"embeddable":true,"href":"https:\/\/margot-fischer.net\/index.php?rest_route=\/wp\/v2\/pages\/249"}],"wp:attachment":[{"href":"https:\/\/margot-fischer.net\/index.php?rest_route=%2Fwp%2Fv2%2Fmedia&parent=256"}],"curies":[{"name":"wp","href":"https:\/\/api.w.org\/{rel}","templated":true}]}}