{"id":26,"date":"2012-08-19T18:50:18","date_gmt":"2012-08-19T16:50:18","guid":{"rendered":"http:\/\/wp11057762.wp371.webpack.hosteurope.de\/.margot-fischer.net\/?page_id=26"},"modified":"2021-04-17T21:45:45","modified_gmt":"2021-04-17T19:45:45","slug":"wilde-genusse","status":"publish","type":"page","link":"https:\/\/margot-fischer.net\/?page_id=26","title":{"rendered":"Wilde Gen\u00fcsse"},"content":{"rendered":"\n<p class=\"has-text-color\" style=\"color:#22b20c\"><strong>Druckfrisch in der dritten Auflage!<\/strong><\/p>\n\n\n\n<div class=\"wp-block-image\"><figure class=\"alignleft size-large is-resized\"><img decoding=\"async\" loading=\"lazy\" src=\"http:\/\/margot-fischer.net\/wp-content\/uploads\/2021\/03\/Wilde-Genuesse-699x1024.jpg\" alt=\"\" class=\"wp-image-1364\" width=\"362\" height=\"554\"\/><\/figure><\/div>\n\n\n<p>\u00a0<\/p>\n<p>\u00a0<\/p>\n<p>\u00a0<\/p>\n<p>\u00a0<\/p>\n<p>\u00a0<\/p>\n<h3 id=\"block-8896c515-b4a4-4e85-94cd-2feb442706a2\" class=\"block-editor-block-list__block wp-block is-selected rich-text block-editor-rich-text__editable wp-block\" tabindex=\"0\" role=\"textbox\" contenteditable=\"true\" aria-label=\"Schreib eine \u00dcberschrift\u2026\" aria-multiline=\"true\" data-block=\"8896c515-b4a4-4e85-94cd-2feb442706a2\" data-type=\"core\/heading\" data-title=\"\u00dcberschrift\"><span style=\"color: #ff0000;\"><strong><span class=\"has-inline-color\" data-rich-text-format-boundary=\"true\">Die Antwort auf die Frage nach dem Leben, dem Universum und dem ganzen Rest lautet: Wildpflanzen<\/span><\/strong><\/span><\/h3>\n<p style=\"text-align: left;\"><span style=\"color: #99cc00;\">Rezension <em>Erlesenes<\/em><\/span><\/p>\n<p><span style=\"color: #99cc00;\">Auf ausgefallenen Wegen bewegt sich Allroundtalent Margot Fischer seit vielen Jahren. Sie rehabilitierte etwa das Unkraut und empfahl es besser aufzuessen, als aufw\u00e4ndig chemisch zu vernichten. Zu diesem Zweck erstellte sie detail- und kenntnisreich eine Enzyklop\u00e4die der essbaren Wildpflanzen, die unter dem Titel <em>Wilde Gen\u00fcsse<\/em> zum Standardwerk avancierte. Nun erscheint der Klassiker in wundersch\u00f6ner Aufmachung, Rezeptteil und Enzyklop\u00e4die sind aufgeteilt auf 2 B\u00e4nde, vereint in einem fein illustrierten Schuber. Exakte Fotoabbildungen erleichtern das Erkennen der Pflanzen, die Rezepte sind zeitgem\u00e4\u00df um eine vegane Variante erweitert!<\/span><\/p>\n<p style=\"text-align: left;\">\u00a0<\/p>\n<p style=\"text-align: left;\"><a href=\"http:\/\/www.mandelbaum.at\/books\/763\/7501\">http:\/\/www.mandelbaum.at\/books\/763\/7501<\/a><\/p>\n<p style=\"text-align: left;\">&#8222;Das Standardwerk der essbaren Wildpflanzen&#8220;<\/p>\n<p>Seit Jahren empfiehlt Margot Fischer bereits, das Unkraut besser aufzuessen, als es chemisch zu vernichten!<br \/>Ihr umfassendes Nachschlagewerk, es ist Kochbuch und Enzyklop\u00e4die der essbaren Wildpflanzen in einem, erscheint nun in neuer, erweiterter Auflage und verbesserter Ausstattung: zwei B\u00e4nde im Schuber, erweitert durch Farbfotografien, die das Erkennen der Pflanzen erleichtern.<br \/>Das Buch l\u00e4dt gleicherma\u00dfen zum Schm\u00f6kern in der Kulturgeschichte, zur gezielten Information \u00fcber medizinische Anwendungen oder zum genussvollen Nachkochen von \u00fcber 500 anregenden Rezepten ein.<br \/>Hinweise auf Verwechslungsm\u00f6glichkeiten und m\u00f6gliche unerw\u00fcnschte Wirkungen machen eine sichere Bestimmung und Verwendung der Kr\u00e4uter einfach. Hinzu kommt eine umfangreiche \u00dcbersicht \u00fcber die saisonale Verwendbarkeit von Trieben, Bl\u00e4ttern, Bl\u00fcten, Fr\u00fcchten, Samen, Wurzeln und S\u00e4ften der kulinarisch verwendbaren Wildpflanzen Mitteleuropas.<\/p>\n<p><strong><a href=\"https:\/\/kurier.at\/leben\/kraeuterwanderung-wilde-welten-entdecken\/264.857.805\" target=\"_blank\" rel=\"noopener noreferrer\">\u00bbSo schmecken Wald und Wiese\u00ab: Marlene Patsalidis begleitete Margot Fischer auf einer ihrer Kr\u00e4uterwanderungen und berichtet ausf\u00fchrlich dar\u00fcber im Sonntags-Kurier vom 21.Mai 2017. <\/a><\/strong><\/p>\n<p>An einem sonnigen Tag Anfang Oktober 2016 spazieren Margot Fischer und Julia Kospach gemeinsam durch die Auen des Wiener Praters. Entstanden ist dabei das Portrait einer bemerkenswerten Frau mit vielen Talenten, das unter dem Titel <strong> <a href=\"https:\/\/www.mandelbaum.at\/docs\/437428549.pdf\">\u00bbDie Pflanzenwissen-Zusammenf\u00fcgerin\u00ab im Falter Nr. 41\/2016, Seiten 51\u201353 <\/a><\/strong> erschienen ist.<\/p>\n<p>\u00bbAlles, was man \u00fcber essbare Wildpflanzen wissen muss, erf\u00e4hrt man nun hier: Etymologie, Mythologie und Volksglaube, medizinische und kulinarische Verwendung. Dazu gibt es \u00fcber 200 medizinische und an die 400 kulinarische Zubereitungsanleitungen. Weiters sind zu allen Pflanzen auch vegane und RawFood Rezepte angef\u00fchrt.<br \/>Somit sind zwei wundersch\u00f6ne B\u00e4nde in einem Schuber entstanden. Ein Schmuckst\u00fcck f\u00fcr jede Bibliothek und eine Schatztruhe an Informationen\u00ab, so beurteilt die <strong> <a href=\"http:\/\/www.oepb.at\/rezensionen\/enzyklopaedie-und-kochbuch-wilde-genuesse.html\" target=\"_blank\" rel=\"noopener noreferrer\"> Redaktion des \u00d6sterreichischen Presseb\u00fcros<\/a><\/strong> am 08. J\u00e4nner 2015 das Buch!<\/p>\n<p>\u00bbEssen statt j\u00e4ten\u00ab, titelt die Zeitschrift <strong><a href=\"https:\/\/www.mandelbaum.at\/docs\/132194071.pdf\">\u00bbDie Landwirtschaft\u00ab<\/a><\/strong> der N\u00d6-Landwirtschaftskammer in ihrer Ausgabe vom Juli 2015.<\/p>\n<p><strong> <a class=\"externalLink\" href=\"http:\/\/schaufenster.diepresse.com\/home\/gourmet\/gourmetnews\/4730094\/Kostnotiz_Wilde-Genusse\" target=\"_blank\" rel=\"noopener noreferrer\"> Anna Burghardt schreibt am 12.05.2015 in \u00bbDie Presse \u2013 Schaufenster\u00ab <\/a><\/strong>: <br \/>\u00bbG\u00fcnsel-Forelle, Fuchsschwanz-Popcornkonfekt, Natternkopf-Torte, Hauhechel-Lik\u00f6r, Taubenkropf-K\u00fcchlein, Beinwell-Souffl\u00e9: Manche Begriffe in Margot Fischers Wildkr\u00e4uter-Opus-Magnum \u203aWilde Gen\u00fcsse\u2039 klingen so, als ob eine Gruppe achtj\u00e4hriger Pfadfinder sich unter Mordsgekicher fiktive Rezepte ausgedacht h\u00e4tte. Tats\u00e4chlich aber handelt es sich bei den seltsamen Namen um Wildkr\u00e4uter, die die Autorin in ihrer Koch-Enzyklop\u00e4die dokumentiert hat. Margot Fischer, Ern\u00e4hrungswissenschaftlerin und Anglistin, hat schon bei der \u00dcbersetzung von Claudia Rodens sehr empfehlenswertem Standardwerk \u00bbDas Buch der j\u00fcdischen K\u00fcche\u00ab (ebenfalls im Mandelbaum-Verlag erschienen) bewiesen, dass sie geh\u00f6rige Ausdauer besitzt. In zwei B\u00e4nden werden Kr\u00e4uter von Ackerdill bis Zirbe samt Merkmalen und Inhaltsstoffen sowie Rezepte versammelt.<\/p>\n<p><strong> <a href=\"https:\/\/www.mandelbaum.at\/docs\/900186761.pdf\"> \u00bbWer seine Kochgewohnheiten mit wertvollem alten Wissen bereichern m\u00f6chte, kommt an diesem Standardwerk nicht vorbei!!\u00ab <\/a><\/strong>, schreibt Stefan Kickinger in der Februar Ausgabe 2015 des Genuss-Magazins!<\/p>\n<p>\u00bbKennen Sie den Gemeinen Portulak? Oder Affodil?\u00ab<br \/><strong><a class=\"externalLink\" href=\"http:\/\/kurier.at\/lebensart\/genuss\/in-diesen-gerichten-ist-fleisch-ueberfluessig\/108.129.374\" target=\"_blank\" rel=\"noopener noreferrer\"> fragt Ingrid Teufl im Kurier vom 16.01.2015 und schreibt weiter: <\/a><\/strong>\u00bbMargot Fischer sind essbare Wildpflanzen wie diese ebenso vertraut wie B\u00e4rlauch, Edelkastanie oder Holunder. Die Kr\u00e4uterexpertin besch\u00e4ftigt sich seit vielen Jahren mit dem Pflanzenreichtum der Natur und dessen Einsatz in der K\u00fcche. <br \/>Daher sind ihre \u203aWilde Gen\u00fcsse\u2039 auch in eine Enzyklop\u00e4die mit umfangreichen Pflanzeninfos und ein Kochbuch gegliedert. Dazu gibt es extra gekennzeichnete Rezepte f\u00fcr Heilanwendungen. Als besonderes Schmankerl hat die Autorin RawFood-Rezepte in ihre Sammlung integriert. Da gibt es unter anderem Nelkenwurztrunk, Ehrenpreis-Torte oder Sauerklee-Kaltschale zu finden.\u00ab<\/p>\n<p><strong> <a href=\"https:\/\/www.mandelbaum.at\/docs\/193167072.pdf\"> \u00bbSo schmeckt Wiese\u00ab <\/a><\/strong>, titelt NEWS Heimat im M\u00e4rz 2015 und schreibt weiter: \u00bbIn naturbelassenen Wiesen und entlang der Wanderwege wachsen K\u00f6stlichkeiten, die v\u00f6llig zu Unrecht als Unkr\u00e4uter bezeichnet werden. Eine kulinarische Rehabilitierung.\u00ab<\/p>\n<p><strong> <a href=\"https:\/\/www.mandelbaum.at\/docs\/549253939.pdf\"> \u00bbDie Anleitung zum kultivierten Aufessen sowie zum Sammeln, Aufbewahren und Anwenden &#8230; \u00ab<\/a><\/strong> in S\u00fcdwind April 2015.<\/p>\n<p>Als <strong>Ein sch\u00f6nes Kompendium vergessenen Wissens <\/strong> bezeichnet Tania Martini das Buch am 06.12.2014 in der Berliner <strong><a class=\"externalLink\" href=\"http:\/\/www.taz.de\/1\/archiv\/digitaz\/artikel\/?ressort=sp&amp;dig=2014%2F12%2F06%2Fa0169&amp;cHash=113aa22020b7c5261678acad5cdef55b\" target=\"_blank\" rel=\"noopener noreferrer\">taz<\/a><\/strong>: \u00bbGanze 1.500 essbare Wildpflanzen wachsen auf den Feldern, Wiesen, Bergen und G\u00e4rten Mitteleuropas, und f\u00fcr fast alle haben wir ein einziges Wort: Unkraut. Kann es wirklich sein, dass der Mensch inmitten von so viel Sinnlosigkeit vegetiert? Die \u00f6sterreichische Ern\u00e4hrungswissenschaftlerin Margot Fischer streitet seit vielen Jahren f\u00fcr das Unkraut. Esst das Unkraut, anstatt es chemisch zu bek\u00e4mpfen!, lautet ihr erfolgreiches Credo. Ihre Enzyklop\u00e4die der essbaren Wildpflanzen ist mittlerweile ein Klassiker. \u00dcbersichtlich informiert sie \u00fcber Aussehen, Sammelzeit und medizinische Heilwirkungen der Pflanzen. Der Mandelbaum Verlag hat die Enzyklop\u00e4die nun in erweiterter Form zusammen mit einem Rezeptbuch in einem sch\u00f6n gestalteten Schuber herausgebracht. Ein sch\u00f6nes Kompendium vergessenen Wissens.\u00ab<\/p>\n<p><strong> <a class=\"externalLink\" href=\"http:\/\/oe1.orf.at\/programm\/366298\" target=\"_blank\" rel=\"noopener noreferrer\"> Margot Fischer zu Gast im Kulturradio \u00d61, bei Natasa Konopitzky in der Sendung \u00bbVon Tag zu Tag\u00ab <\/a><\/strong> am Donnerstag, 20. M\u00e4rz 2014. Die Autorin der Enzyklop\u00e4die \u00bbWilde Gen\u00fcsse\u00ab im Gespr\u00e4ch \u00fcber Heilkr\u00e4uter, Unkraut und \u00bbwilde\u00ab Kochrezepte.<\/p>\n<p>Gundelreben-Polenta und Beinwell-Souffl\u00e9 &#8230; diese au\u00dfergew\u00f6hnlichen Rezepte hebt das Nationalparks Austria Magazin <strong><a href=\"https:\/\/www.mandelbaum.at\/docs\/459671177.pdf\">natur.belassen<\/a><\/strong> in seiner Rezension hervor. Ausgabe 06\/2014 .<\/p>\n<p>Prof. Lothar Kolmer empfiehlt in <strong><a class=\"externalLink\" href=\"http:\/\/www.epikur-journal.at\/de\/ausgabe\/detail.asp?id=119&amp;art=Rezension&amp;tit=FISCHER%2520Margot%3A%2520Wilde%2520Genuesse\" target=\"_blank\" rel=\"noopener noreferrer\"> EPIKUR, dem Journal f\u00fcr Gastrosophie<\/a><\/strong>.<\/p>\n<p>Empfehlung in \u00bbErlesenes\u00ab:<br \/>\u00bbAuf ausgefallenen Wegen bewegt sich Allroundtalent Margot Fischer seit vielen Jahren. Sie rehabilitierte etwa das Unkraut und empfahl es besser aufzuessen, als aufw\u00e4ndig chemisch zu vernichten. Zu diesem Zweck erstellte sie detail- und kenntnisreich eine Enzyklop\u00e4die der essbaren Wildpflanzen, die unter dem Titel \u203aWilde Gen\u00fcsse\u2039 zum Standardwerk avancierte. Nun erscheint der Klassiker in wundersch\u00f6ner Aufmachung, Rezeptteil und Enzyklop\u00e4die sind aufgeteilt auf 2 B\u00e4nde, vereint in einem fein illustrierten Schuber. Exakte Fotoabbildungen erleichtern das Erkennen der Pflanzen, die Rezepte sind zeitgem\u00e4\u00df um eine vegane Variante erweitert!\u00ab<\/p>\n<p>Kleine Kr\u00e4uterkunde in <strong> <a href=\"https:\/\/www.mandelbaum.at\/docs\/208005012.pdf\"> NEWS 14\/12<\/a><\/strong> von Axel Meister.<\/p>\n<p>\u00bbWenn Unkraut nie vergeht &#8211; warum nicht mal was leckeres draus machen? Das dachte sich wohl auch Margot Fischer, die mehr als 200 Pflanzen und ca. 500 brandneue Rezepte zu diesem Thema in ihr neues Buch gepackt hat. Altbekannte Wegbegleiter wie das G\u00e4nsebl\u00fcmchen haben hier ihren gro\u00dfen Auftritt, wir finden sogar ein interessantes Rezept f\u00fcr \u203aMinzsenf\u2039. Gesund und Lecker allemal!\u00ab, schreibt das deutsche <strong> <a href=\"http:\/\/koch-und-lebenskunst.de\/kulinarischebibliothek\/kraeuter-und-spezereien\/\" target=\"_blank\" rel=\"noopener noreferrer\"> Institut f\u00fcr Koch- und Lebenskunst <\/a><\/strong>.<\/p>\n<p>\u00a0<\/p>\n<p><span style=\"color: #99cc00;\"><strong>Die erste Auflage sah so aus \u00a0<\/strong><\/span><\/p>\n<p><a href=\"http:\/\/margot-fischer.net\/wp-content\/uploads\/2012\/08\/Wilde-Gen\u00fcsse.png\"><img decoding=\"async\" loading=\"lazy\" class=\"size-full wp-image-47 alignleft\" src=\"http:\/\/margot-fischer.net\/wp-content\/uploads\/2012\/08\/Wilde-Gen\u00fcsse.png\" alt=\"Wilde Gen\u00fcsse\" width=\"215\" height=\"286\" \/><\/a>FISCHER, Margot<\/p>\n<p><strong>Wilde Gen\u00fcsse<\/strong><br \/>Eine Enzyklop\u00e4die der essbaren Wildpflanzen von Adlerfarn bis Zirbelnuss<br \/>488 Seiten<br \/>Format 20&#215;27<br \/>Halbleinen<br \/>48.00 \u20ac | 67.90 Chf<br \/>ISBN: 978385476-217-1<\/p>\n<h3>Das Standardwerk f\u00fcr neugierige Genie\u00dfer. Kr\u00e4uterkochbuch und Enzyklop\u00e4die der essbaren Wildpflanzen in einem, l\u00e4dt dieses umfassende Nachschlagewerk gleicherma\u00dfen zum Schm\u00f6kern in der Kulturgeschichte, wie zum gezielten Informieren \u00fcber medizinische Anwendungen oder zum genussvollen Nachkochen von \u00fcber 500 anregenden Rezepten ein.<\/h3>\n<p>Margot Fischer bietet in diesem in liebevoller Kleinstarbeit und mit viel Gesp\u00fcr und Fachwissen verfassten Kochbuch und Lexikon nicht nur einfache Rezepte, sondern auch umfassende Informationen zu wilden und verwilderten Pflanzen in Europa, erg\u00e4nzt durch detailgetreue Abbildungen und exakte Beschreibungen.<br \/>Hinweise auf Verwechslungsm\u00f6glichkeiten und m\u00f6gliche unerw\u00fcnschte Wirkungen machen eine sichere Bestimmung und Verwendung der Kr\u00e4uter einfach. Anleitungen zur Pflanzung helfen au\u00dferdem, einen eigenen Kr\u00e4utergarten mit wenig Aufwand und gr\u00fcnem Daumen anzulegen und zu pflegen und so eine gute Versorgung zu garantieren.<\/p>\n<p>Im \u00bbNachschlag\u00ab zum Kochbuch des Monats Juli 2009 schreibt das<strong><br \/><\/strong><strong><a title=\"internal link: http:\/\/www.koch-und-lebenskunst.de\/index.php?loc=nachschlaege&amp;lang=de&amp;eyedee=964ff74062c326051f839a69ff656db4&amp;selyear=2009&amp;selmon=07&amp;testnext=\" href=\"http:\/\/www.koch-und-lebenskunst.de\/index.php?loc=nachschlaege&amp;lang=de&amp;eyedee=964ff74062c326051f839a69ff656db4&amp;selyear=2009&amp;selmon=07&amp;testnext=\">Institut f\u00fcr Koch- und Lebenskunst<\/a><\/strong><\/p>\n<p>Prof. Lothar Kolmer empfiehlt in <strong><a title=\"internal link: http:\/\/www.epikur-journal.at\/de\/ausgabe\/detail.asp?id=119&amp;art=Rezension&amp;tit=FISCHER%2520Margot%3A%2520Wilde%2520Genuesse\" href=\"http:\/\/www.epikur-journal.at\/de\/ausgabe\/detail.asp?id=119&amp;art=Rezension&amp;tit=FISCHER%2520Margot%3A%2520Wilde%2520Genuesse\">EPIKUR, dem Journal f\u00fcr Gastrosophie<\/a><\/strong>.<\/p>\n<p><strong><a href=\"http:\/\/www.epikur-journal.at\/de\/ausgabe\/detail.asp?id=119&amp;art=Rezension&amp;tit=FISCHER%2520Margot%3A%2520Wilde%2520Genuesse\">http:\/\/www.epikur-journal.at\/de\/ausgabe\/detail.asp?id=119&amp;art=Rezension&amp;tit=FISCHER%2520Margot%3A%2520Wilde%2520Genuesse<\/a><\/strong><\/p>\n<p>Wilde Gen\u00fcsse: <a href=\"http:\/\/www.mandelbaum.at\/books\/763\/6976\" target=\"_blank\" rel=\"noopener noreferrer\">http:\/\/www.mandelbaum.at\/books\/763\/6976<\/a><\/p>","protected":false},"excerpt":{"rendered":"<p>Druckfrisch in der dritten Auflage! \u00a0 \u00a0 \u00a0 \u00a0 \u00a0 Die Antwort auf die Frage nach dem Leben, dem Universum und dem ganzen Rest lautet: Wildpflanzen Rezension Erlesenes Auf ausgefallenen Wegen bewegt sich Allroundtalent Margot Fischer seit vielen Jahren. Sie &hellip; <a href=\"https:\/\/margot-fischer.net\/?page_id=26\">Weiterlesen <span class=\"meta-nav\">&rarr;<\/span><\/a><\/p>\n","protected":false},"author":1,"featured_media":0,"parent":87,"menu_order":0,"comment_status":"closed","ping_status":"open","template":"","meta":[],"_links":{"self":[{"href":"https:\/\/margot-fischer.net\/index.php?rest_route=\/wp\/v2\/pages\/26"}],"collection":[{"href":"https:\/\/margot-fischer.net\/index.php?rest_route=\/wp\/v2\/pages"}],"about":[{"href":"https:\/\/margot-fischer.net\/index.php?rest_route=\/wp\/v2\/types\/page"}],"author":[{"embeddable":true,"href":"https:\/\/margot-fischer.net\/index.php?rest_route=\/wp\/v2\/users\/1"}],"replies":[{"embeddable":true,"href":"https:\/\/margot-fischer.net\/index.php?rest_route=%2Fwp%2Fv2%2Fcomments&post=26"}],"version-history":[{"count":13,"href":"https:\/\/margot-fischer.net\/index.php?rest_route=\/wp\/v2\/pages\/26\/revisions"}],"predecessor-version":[{"id":1398,"href":"https:\/\/margot-fischer.net\/index.php?rest_route=\/wp\/v2\/pages\/26\/revisions\/1398"}],"up":[{"embeddable":true,"href":"https:\/\/margot-fischer.net\/index.php?rest_route=\/wp\/v2\/pages\/87"}],"wp:attachment":[{"href":"https:\/\/margot-fischer.net\/index.php?rest_route=%2Fwp%2Fv2%2Fmedia&parent=26"}],"curies":[{"name":"wp","href":"https:\/\/api.w.org\/{rel}","templated":true}]}}