{"id":270,"date":"2012-10-25T18:57:39","date_gmt":"2012-10-25T16:57:39","guid":{"rendered":"http:\/\/margot-fischer.net\/?page_id=270"},"modified":"2013-08-24T16:55:59","modified_gmt":"2013-08-24T14:55:59","slug":"rosa-fitness-drink","status":"publish","type":"page","link":"https:\/\/margot-fischer.net\/?page_id=270","title":{"rendered":"Rosa Fitness Drink"},"content":{"rendered":"<p>1 gesch\u00e4lte Rote R\u00fcbe<br \/>\n100 ml Apfelsaft<br \/>\n100 ml Selleriesaft<br \/>\nSaft von 1 Orange<br \/>\n4 St\u00e4mmchen Petersilie<br \/>\nEis<\/p>\n<p>Die Rote R\u00fcbe in der K\u00fcchenmaschine mit den S\u00e4ften p\u00fcrieren. Auf Eis mit Petersilst\u00e4mmchen garniert servieren.<\/p>\n","protected":false},"excerpt":{"rendered":"<p>1 gesch\u00e4lte Rote R\u00fcbe 100 ml Apfelsaft 100 ml Selleriesaft Saft von 1 Orange 4 St\u00e4mmchen Petersilie Eis Die Rote R\u00fcbe in der K\u00fcchenmaschine mit den S\u00e4ften p\u00fcrieren. Auf Eis mit Petersilst\u00e4mmchen garniert servieren.<\/p>\n","protected":false},"author":1,"featured_media":473,"parent":267,"menu_order":0,"comment_status":"open","ping_status":"open","template":"","meta":[],"_links":{"self":[{"href":"https:\/\/margot-fischer.net\/index.php?rest_route=\/wp\/v2\/pages\/270"}],"collection":[{"href":"https:\/\/margot-fischer.net\/index.php?rest_route=\/wp\/v2\/pages"}],"about":[{"href":"https:\/\/margot-fischer.net\/index.php?rest_route=\/wp\/v2\/types\/page"}],"author":[{"embeddable":true,"href":"https:\/\/margot-fischer.net\/index.php?rest_route=\/wp\/v2\/users\/1"}],"replies":[{"embeddable":true,"href":"https:\/\/margot-fischer.net\/index.php?rest_route=%2Fwp%2Fv2%2Fcomments&post=270"}],"version-history":[{"count":2,"href":"https:\/\/margot-fischer.net\/index.php?rest_route=\/wp\/v2\/pages\/270\/revisions"}],"predecessor-version":[{"id":472,"href":"https:\/\/margot-fischer.net\/index.php?rest_route=\/wp\/v2\/pages\/270\/revisions\/472"}],"up":[{"embeddable":true,"href":"https:\/\/margot-fischer.net\/index.php?rest_route=\/wp\/v2\/pages\/267"}],"wp:featuredmedia":[{"embeddable":true,"href":"https:\/\/margot-fischer.net\/index.php?rest_route=\/wp\/v2\/media\/473"}],"wp:attachment":[{"href":"https:\/\/margot-fischer.net\/index.php?rest_route=%2Fwp%2Fv2%2Fmedia&parent=270"}],"curies":[{"name":"wp","href":"https:\/\/api.w.org\/{rel}","templated":true}]}}