{"id":285,"date":"2012-11-04T19:12:15","date_gmt":"2012-11-04T17:12:15","guid":{"rendered":"http:\/\/margot-fischer.net\/?page_id=285"},"modified":"2013-08-24T16:41:42","modified_gmt":"2013-08-24T14:41:42","slug":"birnenbowle","status":"publish","type":"page","link":"https:\/\/margot-fischer.net\/?page_id=285","title":{"rendered":"Birnenbowle"},"content":{"rendered":"<p>2 aromatische Birnen<br \/>\n1 Liter Apfelsaft naturtr\u00fcb<br \/>\n1 EL getrocknete Preiselbeeren oder andere s\u00e4uerliche getrocknete Fr\u00fcchte<br \/>\n1 kleine Prise gemahlene Nelkenwurz, ersatzweise Gew\u00fcrznelke gemahlen<\/p>\n<p>Die Birnen sch\u00e4len, das Kerngeh\u00e4use entfernen und die Fr\u00fcchte in kleine St\u00fcckchen schneiden. Die St\u00fcckchen gleich nach dem Schneiden in den Saft geben, damit sie nicht braun werden.<\/p>\n<p>Die Trockenfr\u00fcchte klein schneiden und kurz im Saft weichen lassen. Mit Nelkenwurz dezent abschmecken.<\/p>\n","protected":false},"excerpt":{"rendered":"<p>2 aromatische Birnen 1 Liter Apfelsaft naturtr\u00fcb 1 EL getrocknete Preiselbeeren oder andere s\u00e4uerliche getrocknete Fr\u00fcchte 1 kleine Prise gemahlene Nelkenwurz, ersatzweise Gew\u00fcrznelke gemahlen Die Birnen sch\u00e4len, das Kerngeh\u00e4use entfernen und die Fr\u00fcchte in kleine St\u00fcckchen schneiden. Die St\u00fcckchen gleich &hellip; <a href=\"https:\/\/margot-fischer.net\/?page_id=285\">Weiterlesen <span class=\"meta-nav\">&rarr;<\/span><\/a><\/p>\n","protected":false},"author":1,"featured_media":467,"parent":267,"menu_order":0,"comment_status":"closed","ping_status":"open","template":"","meta":[],"_links":{"self":[{"href":"https:\/\/margot-fischer.net\/index.php?rest_route=\/wp\/v2\/pages\/285"}],"collection":[{"href":"https:\/\/margot-fischer.net\/index.php?rest_route=\/wp\/v2\/pages"}],"about":[{"href":"https:\/\/margot-fischer.net\/index.php?rest_route=\/wp\/v2\/types\/page"}],"author":[{"embeddable":true,"href":"https:\/\/margot-fischer.net\/index.php?rest_route=\/wp\/v2\/users\/1"}],"replies":[{"embeddable":true,"href":"https:\/\/margot-fischer.net\/index.php?rest_route=%2Fwp%2Fv2%2Fcomments&post=285"}],"version-history":[{"count":5,"href":"https:\/\/margot-fischer.net\/index.php?rest_route=\/wp\/v2\/pages\/285\/revisions"}],"predecessor-version":[{"id":469,"href":"https:\/\/margot-fischer.net\/index.php?rest_route=\/wp\/v2\/pages\/285\/revisions\/469"}],"up":[{"embeddable":true,"href":"https:\/\/margot-fischer.net\/index.php?rest_route=\/wp\/v2\/pages\/267"}],"wp:featuredmedia":[{"embeddable":true,"href":"https:\/\/margot-fischer.net\/index.php?rest_route=\/wp\/v2\/media\/467"}],"wp:attachment":[{"href":"https:\/\/margot-fischer.net\/index.php?rest_route=%2Fwp%2Fv2%2Fmedia&parent=285"}],"curies":[{"name":"wp","href":"https:\/\/api.w.org\/{rel}","templated":true}]}}