{"id":293,"date":"2012-11-14T14:30:06","date_gmt":"2012-11-14T12:30:06","guid":{"rendered":"http:\/\/margot-fischer.net\/?page_id=293"},"modified":"2012-11-14T14:30:06","modified_gmt":"2012-11-14T12:30:06","slug":"horchata","status":"publish","type":"page","link":"https:\/\/margot-fischer.net\/?page_id=293","title":{"rendered":"Horchata"},"content":{"rendered":"<p>Reisgetr\u00e4nk\t\t\t\t\t4 Portionen<\/p>\n<p>Horchata stammt urspr\u00fcnglich aus dem arabischen Raum. Das Original wurde aus Erdmandeln gemacht, die man heute noch in Spanien erh\u00e4lt. Die Spanier brachten das Getr\u00e4nk in die Neue Welt, wo es sich besonders auf der Halbinsel Yucat\u00e1n gro\u00dfer Beliebtheit erfreute.<br \/>\nAus Oaxaca stammt die folgende Variante, f\u00fcr die man einen Teil des Wassers durch Milch ersetzt. Mitunter wird auch die Frucht eines einheimischen Kaktus verwendet, der eine sch\u00f6ne rosa Farbe gibt. Auch Mandeln verleihen ein feines Aroma. Die Horchata erh\u00e4lt einen intensiveren Geschmack, wenn man sie am Vortag zubereitet.<\/p>\n<p>200 g wei\u00dfer Langkornreis<br \/>\n1500 mL Wasser<br \/>\n1 gro\u00dfe Zimtstange<br \/>\n300 mL Milch<br \/>\nZucker<\/p>\n<p>Den Reis in einer gro\u00dfen Sch\u00fcssel mit 600 mL Wasser 2 Stunden einweichen.<br \/>\nDie Zimtstange zerbr\u00f6seln und in einer schweren Pfanne anr\u00f6sten.<br \/>\nDen Reis abtropfen lassen, mit der Milch und dem Zimt im Mixer p\u00fcrieren.<br \/>\nDie Mischung durch ein Sieb gie\u00dfen und in einem gro\u00dfen Krug mit 900 mL kaltem Wasser verd\u00fcnnen und nach Geschmack zuckern.<\/p>\n","protected":false},"excerpt":{"rendered":"<p>Reisgetr\u00e4nk 4 Portionen Horchata stammt urspr\u00fcnglich aus dem arabischen Raum. Das Original wurde aus Erdmandeln gemacht, die man heute noch in Spanien erh\u00e4lt. Die Spanier brachten das Getr\u00e4nk in die Neue Welt, wo es sich besonders auf der Halbinsel Yucat\u00e1n &hellip; <a href=\"https:\/\/margot-fischer.net\/?page_id=293\">Weiterlesen <span class=\"meta-nav\">&rarr;<\/span><\/a><\/p>\n","protected":false},"author":1,"featured_media":0,"parent":267,"menu_order":0,"comment_status":"open","ping_status":"open","template":"","meta":[],"_links":{"self":[{"href":"https:\/\/margot-fischer.net\/index.php?rest_route=\/wp\/v2\/pages\/293"}],"collection":[{"href":"https:\/\/margot-fischer.net\/index.php?rest_route=\/wp\/v2\/pages"}],"about":[{"href":"https:\/\/margot-fischer.net\/index.php?rest_route=\/wp\/v2\/types\/page"}],"author":[{"embeddable":true,"href":"https:\/\/margot-fischer.net\/index.php?rest_route=\/wp\/v2\/users\/1"}],"replies":[{"embeddable":true,"href":"https:\/\/margot-fischer.net\/index.php?rest_route=%2Fwp%2Fv2%2Fcomments&post=293"}],"version-history":[{"count":1,"href":"https:\/\/margot-fischer.net\/index.php?rest_route=\/wp\/v2\/pages\/293\/revisions"}],"predecessor-version":[{"id":294,"href":"https:\/\/margot-fischer.net\/index.php?rest_route=\/wp\/v2\/pages\/293\/revisions\/294"}],"up":[{"embeddable":true,"href":"https:\/\/margot-fischer.net\/index.php?rest_route=\/wp\/v2\/pages\/267"}],"wp:attachment":[{"href":"https:\/\/margot-fischer.net\/index.php?rest_route=%2Fwp%2Fv2%2Fmedia&parent=293"}],"curies":[{"name":"wp","href":"https:\/\/api.w.org\/{rel}","templated":true}]}}