{"id":295,"date":"2012-11-19T12:59:19","date_gmt":"2012-11-19T10:59:19","guid":{"rendered":"http:\/\/margot-fischer.net\/?page_id=295"},"modified":"2012-11-19T12:59:19","modified_gmt":"2012-11-19T10:59:19","slug":"marinierte-spiese","status":"publish","type":"page","link":"https:\/\/margot-fischer.net\/?page_id=295","title":{"rendered":"Marinierte Spie\u00dfe"},"content":{"rendered":"\n<p>600 g Rindslungenbraten, 250 g Paradeiser (Tomaten), 8 Fr\u00fchlingszwiebeln, 1 Paprikaschote, 2 Zwiebeln, 1 EL Oregano, 3 EL Oliven\u00f6l,   3 EL Granatapfelsirup (Grenadine), frisch gemahlener Pfeffer, Salz<\/p>\n<p>4 gro\u00dfe Kartoffeln, 1 Becher Sauerrahm (saure Sahne), Schnittlauch<\/p>\n<p>Die Zwiebeln reiben, mit Oregano, \u00d6l, Granatapfelsirup und Pfeffer vermischen. Das Gem\u00fcse putzen und in mundgerechte St\u00fccke schneiden, das Fleisch w\u00fcrfeln. Gem\u00fcse und Fleisch in jeweils der H\u00e4lfte der Marinade 3-4 Stunden ziehen lassen, dabei st\u00fcndlich umr\u00fchren.<\/p>\n<p>Die Kartoffeln eventuell vorkochen. Aus Sauerrahm, Schnittlauch und Salz eine Sauce bereiten.<\/p>\n<p>Holzkohle anheizen beziehungsweise einen Elektrogrill vorheizen. Fleisch und Gem\u00fcse mit Paradeisvierteln, Fr\u00fchlingszwiebeln und Paprikaschoten auf Spie\u00dfe stecken und 15-20 Minuten grillen. Die Spie\u00dfe erst nach dem Grillen salzen. Die Kartoffeln in der Glut oder im Rohr garen, l\u00e4ngs einschneiden, etwas auseinander dr\u00fccken und mit der Schnittlauchsauce f\u00fcllen. <\/p>\n<p>Die Spie\u00dfe mit den Kartoffeln, Salat und einer kleinen Schale Grenadine servieren.<\/p>\n<p>Die Spie\u00dfe k\u00f6nnen notfalls auch in einer Pfanne zubereitet werden.<\/p>\n","protected":false},"excerpt":{"rendered":"<p>600 g Rindslungenbraten, 250 g Paradeiser (Tomaten), 8 Fr\u00fchlingszwiebeln, 1 Paprikaschote, 2 Zwiebeln, 1 EL Oregano, 3 EL Oliven\u00f6l, 3 EL Granatapfelsirup (Grenadine), frisch gemahlener Pfeffer, Salz 4 gro\u00dfe Kartoffeln, 1 Becher Sauerrahm (saure Sahne), Schnittlauch Die Zwiebeln reiben, mit &hellip; <a href=\"https:\/\/margot-fischer.net\/?page_id=295\">Weiterlesen <span class=\"meta-nav\">&rarr;<\/span><\/a><\/p>\n","protected":false},"author":1,"featured_media":0,"parent":202,"menu_order":0,"comment_status":"closed","ping_status":"open","template":"","meta":[],"_links":{"self":[{"href":"https:\/\/margot-fischer.net\/index.php?rest_route=\/wp\/v2\/pages\/295"}],"collection":[{"href":"https:\/\/margot-fischer.net\/index.php?rest_route=\/wp\/v2\/pages"}],"about":[{"href":"https:\/\/margot-fischer.net\/index.php?rest_route=\/wp\/v2\/types\/page"}],"author":[{"embeddable":true,"href":"https:\/\/margot-fischer.net\/index.php?rest_route=\/wp\/v2\/users\/1"}],"replies":[{"embeddable":true,"href":"https:\/\/margot-fischer.net\/index.php?rest_route=%2Fwp%2Fv2%2Fcomments&post=295"}],"version-history":[{"count":1,"href":"https:\/\/margot-fischer.net\/index.php?rest_route=\/wp\/v2\/pages\/295\/revisions"}],"predecessor-version":[{"id":296,"href":"https:\/\/margot-fischer.net\/index.php?rest_route=\/wp\/v2\/pages\/295\/revisions\/296"}],"up":[{"embeddable":true,"href":"https:\/\/margot-fischer.net\/index.php?rest_route=\/wp\/v2\/pages\/202"}],"wp:attachment":[{"href":"https:\/\/margot-fischer.net\/index.php?rest_route=%2Fwp%2Fv2%2Fmedia&parent=295"}],"curies":[{"name":"wp","href":"https:\/\/api.w.org\/{rel}","templated":true}]}}