{"id":30,"date":"2012-08-19T18:54:57","date_gmt":"2012-08-19T16:54:57","guid":{"rendered":"http:\/\/wp11057762.wp371.webpack.hosteurope.de\/.margot-fischer.net\/?page_id=30"},"modified":"2014-03-16T04:04:01","modified_gmt":"2014-03-16T02:04:01","slug":"merlin","status":"publish","type":"page","link":"https:\/\/margot-fischer.net\/?page_id=30","title":{"rendered":"Merlin"},"content":{"rendered":"<p><a href=\"http:\/\/wp11057762.wp371.webpack.hosteurope.de\/.margot-fischer.net\/wp-content\/uploads\/2012\/08\/Cover.jpg\"><img decoding=\"async\" loading=\"lazy\" class=\"alignleft size-full wp-image-83\" title=\"!!Cover\" alt=\"\" src=\"http:\/\/wp11057762.wp371.webpack.hosteurope.de\/.margot-fischer.net\/wp-content\/uploads\/2012\/08\/Cover.jpg\" width=\"228\" height=\"228\" srcset=\"https:\/\/margot-fischer.net\/wp-content\/uploads\/2012\/08\/Cover.jpg 228w, https:\/\/margot-fischer.net\/wp-content\/uploads\/2012\/08\/Cover-150x150.jpg 150w\" sizes=\"(max-width: 228px) 100vw, 228px\" \/><\/a><strong>Was gab Merlin in seinen Kessel?<\/strong><\/p>\n<p>Ihr neues Kochbuch widmet Margot Fischer den Kelten.<\/p>\n<p>Sie l\u00e4sst die Kultur der Ur-Europ\u00e4er dem Jahreslauf folgend aufleben. \u00dcber 80 Rezepte, Anleitungen f\u00fcr Spiele und Basteleien sowie Einf\u00fchrungen in Lebensweise und Kultur der Kelten verleiten, lustvoll in die Welt der Kelten einzutauchen.<\/p>\n<p>Mit seinen vielen Informationen ist \u201eWas gab Merlin in seinen Kessel?\u201c wie bereits <a href=\"http:\/\/www.proverbis.at\/html\/buecher7.html\" target=\"_self\">\u201eWas hat Winnetou gegessen?\u201c<\/a> mehr als nur ein Kinder-Kochbuch.<\/p>\n<p>Interessierte erfahren, wie auch ganz junge K\u00fcchen\u00adchefs und -chefinnen Familie und G\u00e4ste bewirten k\u00f6nnen, was Nahrungsmittel f\u00fcr die Gesundheit tun, wie man sie richtig behandelt und ganz einfach zu spannenden K\u00f6stlichkeiten verarbeitet.<\/p>\n<p><a href=\"http:\/\/www.proverbis.at\/html\/fischer.html\" target=\"_self\">Margot Fischer<\/a><\/p>\n<p>Was gab Merlin in seinen Kessel?<\/p>\n<p>Kochbuch, 128 Seiten, Softcover<br \/>\nISBN 978-3-9502912-4-7<br \/>\nPreis: 24,90 \u20ac [A], 24,22 \u20ac [D], 42,70 sfr [CH]<\/p>\n<p><a href=\"http:\/\/www.proverbis.at\/html\/buecher14.html\">http:\/\/www.proverbis.at\/html\/buecher14.html<\/a><\/p>\n","protected":false},"excerpt":{"rendered":"<p>Was gab Merlin in seinen Kessel? Ihr neues Kochbuch widmet Margot Fischer den Kelten. Sie l\u00e4sst die Kultur der Ur-Europ\u00e4er dem Jahreslauf folgend aufleben. \u00dcber 80 Rezepte, Anleitungen f\u00fcr Spiele und Basteleien sowie Einf\u00fchrungen in Lebensweise und Kultur der Kelten &hellip; <a href=\"https:\/\/margot-fischer.net\/?page_id=30\">Weiterlesen <span class=\"meta-nav\">&rarr;<\/span><\/a><\/p>\n","protected":false},"author":1,"featured_media":391,"parent":97,"menu_order":0,"comment_status":"closed","ping_status":"open","template":"","meta":[],"_links":{"self":[{"href":"https:\/\/margot-fischer.net\/index.php?rest_route=\/wp\/v2\/pages\/30"}],"collection":[{"href":"https:\/\/margot-fischer.net\/index.php?rest_route=\/wp\/v2\/pages"}],"about":[{"href":"https:\/\/margot-fischer.net\/index.php?rest_route=\/wp\/v2\/types\/page"}],"author":[{"embeddable":true,"href":"https:\/\/margot-fischer.net\/index.php?rest_route=\/wp\/v2\/users\/1"}],"replies":[{"embeddable":true,"href":"https:\/\/margot-fischer.net\/index.php?rest_route=%2Fwp%2Fv2%2Fcomments&post=30"}],"version-history":[{"count":9,"href":"https:\/\/margot-fischer.net\/index.php?rest_route=\/wp\/v2\/pages\/30\/revisions"}],"predecessor-version":[{"id":653,"href":"https:\/\/margot-fischer.net\/index.php?rest_route=\/wp\/v2\/pages\/30\/revisions\/653"}],"up":[{"embeddable":true,"href":"https:\/\/margot-fischer.net\/index.php?rest_route=\/wp\/v2\/pages\/97"}],"wp:featuredmedia":[{"embeddable":true,"href":"https:\/\/margot-fischer.net\/index.php?rest_route=\/wp\/v2\/media\/391"}],"wp:attachment":[{"href":"https:\/\/margot-fischer.net\/index.php?rest_route=%2Fwp%2Fv2%2Fmedia&parent=30"}],"curies":[{"name":"wp","href":"https:\/\/api.w.org\/{rel}","templated":true}]}}