{"id":322,"date":"2012-11-23T23:08:48","date_gmt":"2012-11-23T21:08:48","guid":{"rendered":"http:\/\/margot-fischer.net\/?page_id=322"},"modified":"2012-11-23T23:08:48","modified_gmt":"2012-11-23T21:08:48","slug":"brandteigkrapfen","status":"publish","type":"page","link":"https:\/\/margot-fischer.net\/?page_id=322","title":{"rendered":"Brandteigkrapfen"},"content":{"rendered":"<p>Brandteigkrapfen<\/p>\n<p>175 ml Wasser<br \/>\n75 g Butter<br \/>\n0.5 TL Salz<br \/>\n1 Prise frisch geriebene Muskatnuss<br \/>\n110 g Weizenmehl<br \/>\n3 Eier<\/p>\n<p>Wasser, Butter und Salz aufkochen. <\/p>\n<p>Den Topf vom Herd nehmen und das Mehl einr\u00fchren, bis keine Klumpen mehr sichtbar sind.<\/p>\n<p>Bei Mittelhitze den Teig etwa 1 Minute lang schlagen, bis er sich vom Topfrand l\u00f6st.<\/p>\n<p>Den Topf vom Herd nehmen und Muskatnuss einr\u00fchren. Etwas abk\u00fchlen lassen.<\/p>\n<p>Die Eier einzeln sorgf\u00e4ltig einr\u00fchren.<\/p>\n<p>Das Backrohr auf 180\u00b0C vorheizen. Ein Backblech mit Backpergament auslegen.<\/p>\n<p>Den Teig mit 2 Essl\u00f6ffeln als kleine H\u00e4ufchen auf das Blech setzen oder mit einem Spritzsack auf das Blech dressieren. Jeweils 2 cm Abstand zwischen den einzelnen Krapfen lassen, da der Teig aufgeht.<\/p>\n<p>35 Minuten goldbraun backen.<\/p>\n<p>Nach Belieben f\u00fcllen mit w\u00fcrzigen oder s\u00fc\u00dfen Cremes.<\/p>\n","protected":false},"excerpt":{"rendered":"<p>Brandteigkrapfen 175 ml Wasser 75 g Butter 0.5 TL Salz 1 Prise frisch geriebene Muskatnuss 110 g Weizenmehl 3 Eier Wasser, Butter und Salz aufkochen. Den Topf vom Herd nehmen und das Mehl einr\u00fchren, bis keine Klumpen mehr sichtbar sind. &hellip; <a href=\"https:\/\/margot-fischer.net\/?page_id=322\">Weiterlesen <span class=\"meta-nav\">&rarr;<\/span><\/a><\/p>\n","protected":false},"author":1,"featured_media":0,"parent":320,"menu_order":0,"comment_status":"closed","ping_status":"closed","template":"","meta":[],"_links":{"self":[{"href":"https:\/\/margot-fischer.net\/index.php?rest_route=\/wp\/v2\/pages\/322"}],"collection":[{"href":"https:\/\/margot-fischer.net\/index.php?rest_route=\/wp\/v2\/pages"}],"about":[{"href":"https:\/\/margot-fischer.net\/index.php?rest_route=\/wp\/v2\/types\/page"}],"author":[{"embeddable":true,"href":"https:\/\/margot-fischer.net\/index.php?rest_route=\/wp\/v2\/users\/1"}],"replies":[{"embeddable":true,"href":"https:\/\/margot-fischer.net\/index.php?rest_route=%2Fwp%2Fv2%2Fcomments&post=322"}],"version-history":[{"count":1,"href":"https:\/\/margot-fischer.net\/index.php?rest_route=\/wp\/v2\/pages\/322\/revisions"}],"predecessor-version":[{"id":323,"href":"https:\/\/margot-fischer.net\/index.php?rest_route=\/wp\/v2\/pages\/322\/revisions\/323"}],"up":[{"embeddable":true,"href":"https:\/\/margot-fischer.net\/index.php?rest_route=\/wp\/v2\/pages\/320"}],"wp:attachment":[{"href":"https:\/\/margot-fischer.net\/index.php?rest_route=%2Fwp%2Fv2%2Fmedia&parent=322"}],"curies":[{"name":"wp","href":"https:\/\/api.w.org\/{rel}","templated":true}]}}