{"id":334,"date":"2013-02-05T10:59:40","date_gmt":"2013-02-05T08:59:40","guid":{"rendered":"http:\/\/margot-fischer.net\/?page_id=334"},"modified":"2013-02-05T10:59:40","modified_gmt":"2013-02-05T08:59:40","slug":"krenfleisch-nach-alter-art","status":"publish","type":"page","link":"https:\/\/margot-fischer.net\/?page_id=334","title":{"rendered":"Krenfleisch nach alter Art"},"content":{"rendered":"<p>F\u00fcr 4 bis 6 Personen<\/p>\n<p>1 Schweinskopf, ersatzweise 800 g Schweinsschulter<br \/>\n125 ml Apfelessig<br \/>\n2 Lorbeerbl\u00e4tter<br \/>\n4 Pfefferk\u00f6rner<br \/>\nSalz<br \/>\n1 Zwiebel<br \/>\n1 Stange Lauch<br \/>\n4 Karotten<br \/>\n2 gelbe R\u00fcben<br \/>\n1 Petersilwurzel<br \/>\n1 sehr kleine Sellerieknolle<br \/>\n800 g kleine mehlige Erd\u00e4pfel<br \/>\n150 g Kren frisch gerissen<br \/>\n1 Bund krause Petersilie<\/p>\n<p>Bedecke das Fleisch knapp mit Wasser und koche es mit dem Essig, Lorbeer, Pfeffer und Salz 10 Minuten.<br \/>\nSchneide in der Zwischenzeit die Zwiebel und den Lauch in Ringe, Karotten, R\u00fcben, Sellerie und Petersilwurzel in feine Streifen. Sch\u00e4le die Erd\u00e4pfel. Koche das Gem\u00fcse mit dem Fleisch 5 Minuten auf und stelle den Topf 3 Stunden in die Kochkiste.<br \/>\nPortioniere das fertig gegarte Fleisch und lege es in tiefe Teller. Arrangiere das Gem\u00fcse und die Kartoffeln rundum, gie\u00dfe etwas vom Sud dar\u00fcber und bestreue mit frisch gerissenem Kren sowie Petersilie.<\/p>\n","protected":false},"excerpt":{"rendered":"<p>F\u00fcr 4 bis 6 Personen 1 Schweinskopf, ersatzweise 800 g Schweinsschulter 125 ml Apfelessig 2 Lorbeerbl\u00e4tter 4 Pfefferk\u00f6rner Salz 1 Zwiebel 1 Stange Lauch 4 Karotten 2 gelbe R\u00fcben 1 Petersilwurzel 1 sehr kleine Sellerieknolle 800 g kleine mehlige Erd\u00e4pfel &hellip; <a href=\"https:\/\/margot-fischer.net\/?page_id=334\">Weiterlesen <span class=\"meta-nav\">&rarr;<\/span><\/a><\/p>\n","protected":false},"author":1,"featured_media":0,"parent":212,"menu_order":0,"comment_status":"closed","ping_status":"closed","template":"","meta":[],"_links":{"self":[{"href":"https:\/\/margot-fischer.net\/index.php?rest_route=\/wp\/v2\/pages\/334"}],"collection":[{"href":"https:\/\/margot-fischer.net\/index.php?rest_route=\/wp\/v2\/pages"}],"about":[{"href":"https:\/\/margot-fischer.net\/index.php?rest_route=\/wp\/v2\/types\/page"}],"author":[{"embeddable":true,"href":"https:\/\/margot-fischer.net\/index.php?rest_route=\/wp\/v2\/users\/1"}],"replies":[{"embeddable":true,"href":"https:\/\/margot-fischer.net\/index.php?rest_route=%2Fwp%2Fv2%2Fcomments&post=334"}],"version-history":[{"count":2,"href":"https:\/\/margot-fischer.net\/index.php?rest_route=\/wp\/v2\/pages\/334\/revisions"}],"predecessor-version":[{"id":336,"href":"https:\/\/margot-fischer.net\/index.php?rest_route=\/wp\/v2\/pages\/334\/revisions\/336"}],"up":[{"embeddable":true,"href":"https:\/\/margot-fischer.net\/index.php?rest_route=\/wp\/v2\/pages\/212"}],"wp:attachment":[{"href":"https:\/\/margot-fischer.net\/index.php?rest_route=%2Fwp%2Fv2%2Fmedia&parent=334"}],"curies":[{"name":"wp","href":"https:\/\/api.w.org\/{rel}","templated":true}]}}