{"id":341,"date":"2013-02-13T17:33:37","date_gmt":"2013-02-13T15:33:37","guid":{"rendered":"http:\/\/margot-fischer.net\/?page_id=341"},"modified":"2013-02-13T17:34:31","modified_gmt":"2013-02-13T15:34:31","slug":"klare-suppe-mit-broselknoderl","status":"publish","type":"page","link":"https:\/\/margot-fischer.net\/?page_id=341","title":{"rendered":"Klare Suppe mit Br\u00f6selkn\u00f6derl"},"content":{"rendered":"<p>4 Portionen<\/p>\n<p>1 Semmel (Br\u00f6tchen)<br \/>\n1 Ei<br \/>\n20 g Butter<br \/>\netwa 30 g Semmelbr\u00f6sel (Paniermehl)<br \/>\n1 Prise Salz<br \/>\n1 Prise frisch geriebene Muskatnuss<br \/>\n1 EL gehackte Petersilie<br \/>\n1 l gute Suppe<br \/>\n1 Bund Suppengr\u00fcn<\/p>\n<p>Die Semmel in kaltem Wasser einweichen. Butter und Ei schaumig r\u00fchren, die gut ausgedr\u00fcckte Semmel beif\u00fcgen, soviel Br\u00f6sel dazugeben bis eine gut formbare Masse entsteht. Mit frischer Petersilie, geriebener Muskatnuss und Salz w\u00fcrzen und die Masse etwas ziehen lassen. In der Zwischenzeit das Suppengr\u00fcn in der Suppe bissfest garen. Aus der Semmelmasse kleine Nockerl oder Kn\u00f6derl formen und in die hei\u00dfe Suppe einkochen und ziehen lassen. Die Nockerln sind durch, wenn sie an der Oberfl\u00e4che schwimmen.<\/p>\n","protected":false},"excerpt":{"rendered":"<p>4 Portionen 1 Semmel (Br\u00f6tchen) 1 Ei 20 g Butter etwa 30 g Semmelbr\u00f6sel (Paniermehl) 1 Prise Salz 1 Prise frisch geriebene Muskatnuss 1 EL gehackte Petersilie 1 l gute Suppe 1 Bund Suppengr\u00fcn Die Semmel in kaltem Wasser einweichen. &hellip; <a href=\"https:\/\/margot-fischer.net\/?page_id=341\">Weiterlesen <span class=\"meta-nav\">&rarr;<\/span><\/a><\/p>\n","protected":false},"author":1,"featured_media":0,"parent":288,"menu_order":0,"comment_status":"closed","ping_status":"closed","template":"","meta":[],"_links":{"self":[{"href":"https:\/\/margot-fischer.net\/index.php?rest_route=\/wp\/v2\/pages\/341"}],"collection":[{"href":"https:\/\/margot-fischer.net\/index.php?rest_route=\/wp\/v2\/pages"}],"about":[{"href":"https:\/\/margot-fischer.net\/index.php?rest_route=\/wp\/v2\/types\/page"}],"author":[{"embeddable":true,"href":"https:\/\/margot-fischer.net\/index.php?rest_route=\/wp\/v2\/users\/1"}],"replies":[{"embeddable":true,"href":"https:\/\/margot-fischer.net\/index.php?rest_route=%2Fwp%2Fv2%2Fcomments&post=341"}],"version-history":[{"count":2,"href":"https:\/\/margot-fischer.net\/index.php?rest_route=\/wp\/v2\/pages\/341\/revisions"}],"predecessor-version":[{"id":343,"href":"https:\/\/margot-fischer.net\/index.php?rest_route=\/wp\/v2\/pages\/341\/revisions\/343"}],"up":[{"embeddable":true,"href":"https:\/\/margot-fischer.net\/index.php?rest_route=\/wp\/v2\/pages\/288"}],"wp:attachment":[{"href":"https:\/\/margot-fischer.net\/index.php?rest_route=%2Fwp%2Fv2%2Fmedia&parent=341"}],"curies":[{"name":"wp","href":"https:\/\/api.w.org\/{rel}","templated":true}]}}