{"id":351,"date":"2013-03-19T21:03:43","date_gmt":"2013-03-19T19:03:43","guid":{"rendered":"http:\/\/margot-fischer.net\/?page_id=351"},"modified":"2013-03-19T21:03:43","modified_gmt":"2013-03-19T19:03:43","slug":"sauerteig","status":"publish","type":"page","link":"https:\/\/margot-fischer.net\/?page_id=351","title":{"rendered":"Sauerteig"},"content":{"rendered":"<p>250 g Roggenmehl<br \/>\n1 EL Molke oder Joghurt oder Buttermilch oder Sauerkrautsaft<br \/>\n250 ml lauwarmes Wasser<\/p>\n<p>Im Weckglas 2-3 Tage bei 30-40\u00b0C ruhen lassen<\/p>\n<p>Fertiger Sauerteig riecht angenehm s\u00e4uerlich, hat feine Risse und G\u00e4rungsbl\u00e4schen<\/p>\n<p>50 g des fertigen Ansatzes reichen f\u00fcr ein Brot (\u00fcbersch\u00fcssigen Ansatz mit Roggenmehl zu Kr\u00fcmeln verbr\u00f6seln und im Schraubglas bis zu 3 Monate im K\u00fchlschrank lagern. Bei Bedarf mit warmem Wasser und Mehl wieder regenerieren).<\/p>\n<p>Grundansatz mit etwas Mehl und lauwarmem Wasser 12 Stunden an einem warmen Ort gehen lassen. Mit den \u00fcbrigen Zutaten der Rezeptur 10 Minuten verkneten und mindestens 1 Stunde (bei Vollkorn 12 Stunden) gehen lassen.<\/p>\n","protected":false},"excerpt":{"rendered":"<p>250 g Roggenmehl 1 EL Molke oder Joghurt oder Buttermilch oder Sauerkrautsaft 250 ml lauwarmes Wasser Im Weckglas 2-3 Tage bei 30-40\u00b0C ruhen lassen Fertiger Sauerteig riecht angenehm s\u00e4uerlich, hat feine Risse und G\u00e4rungsbl\u00e4schen 50 g des fertigen Ansatzes reichen &hellip; <a href=\"https:\/\/margot-fischer.net\/?page_id=351\">Weiterlesen <span class=\"meta-nav\">&rarr;<\/span><\/a><\/p>\n","protected":false},"author":1,"featured_media":0,"parent":320,"menu_order":0,"comment_status":"closed","ping_status":"closed","template":"","meta":[],"_links":{"self":[{"href":"https:\/\/margot-fischer.net\/index.php?rest_route=\/wp\/v2\/pages\/351"}],"collection":[{"href":"https:\/\/margot-fischer.net\/index.php?rest_route=\/wp\/v2\/pages"}],"about":[{"href":"https:\/\/margot-fischer.net\/index.php?rest_route=\/wp\/v2\/types\/page"}],"author":[{"embeddable":true,"href":"https:\/\/margot-fischer.net\/index.php?rest_route=\/wp\/v2\/users\/1"}],"replies":[{"embeddable":true,"href":"https:\/\/margot-fischer.net\/index.php?rest_route=%2Fwp%2Fv2%2Fcomments&post=351"}],"version-history":[{"count":1,"href":"https:\/\/margot-fischer.net\/index.php?rest_route=\/wp\/v2\/pages\/351\/revisions"}],"predecessor-version":[{"id":352,"href":"https:\/\/margot-fischer.net\/index.php?rest_route=\/wp\/v2\/pages\/351\/revisions\/352"}],"up":[{"embeddable":true,"href":"https:\/\/margot-fischer.net\/index.php?rest_route=\/wp\/v2\/pages\/320"}],"wp:attachment":[{"href":"https:\/\/margot-fischer.net\/index.php?rest_route=%2Fwp%2Fv2%2Fmedia&parent=351"}],"curies":[{"name":"wp","href":"https:\/\/api.w.org\/{rel}","templated":true}]}}