{"id":353,"date":"2013-03-21T01:52:55","date_gmt":"2013-03-20T23:52:55","guid":{"rendered":"http:\/\/margot-fischer.net\/?page_id=353"},"modified":"2013-03-21T01:52:55","modified_gmt":"2013-03-20T23:52:55","slug":"karottencurry","status":"publish","type":"page","link":"https:\/\/margot-fischer.net\/?page_id=353","title":{"rendered":"Karottencurry"},"content":{"rendered":"<p>Karottencurry<\/p>\n<p>1 kg Karotten<br \/>\n2 Zwiebeln<br \/>\n3 Knoblauchzehen<br \/>\n2 EL Oliven\u00f6l<br \/>\n1 TL Senfk\u00f6rner<br \/>\n200 mL Apfelessig<br \/>\n400 mL Wasser<br \/>\n1 EL brauner Zucker oder helle Rosinen<br \/>\n3 EL Currypulver<br \/>\n1 Bund Petersilie<br \/>\n1 TL Orangenzeste<br \/>\nSalz, Pfeffer<\/p>\n<p>Schneide die Karotten in feine Scheiben schneiden oder rasple sie grob.<\/p>\n<p>Brate Zwiebel und Knoblauch in Oliven\u00f6l an.<\/p>\n<p>Brate die Senfk\u00f6rner in einer frischen Pfanne in \u00d6l scharf anbraten.<br \/>\nVorsicht \u2013 sie springen gerne aus der Pfanne. Es empfiehlt sich die Verwendung eines Spritzschutzgitters.<\/p>\n<p>D\u00fcnste Karotten, Zwiebeln, Knoblauch und Senfk\u00f6rner mit Essig, Wasser, Zucker oder Rosinen und Curry weich.<\/p>\n<p>Koche die Petersilie kurz mit.<\/p>\n<p>Schmecke mit Orangenzeste, Salz und Pfeffer ab.<\/p>\n<p>Sehr hei\u00df in saubere Gl\u00e4ser gef\u00fcllt und gut verschlossen h\u00e4lt sich das Curry bei k\u00fchler und dunkler Lagerung 4 bis 6 Monate.<\/p>\n","protected":false},"excerpt":{"rendered":"<p>Karottencurry 1 kg Karotten 2 Zwiebeln 3 Knoblauchzehen 2 EL Oliven\u00f6l 1 TL Senfk\u00f6rner 200 mL Apfelessig 400 mL Wasser 1 EL brauner Zucker oder helle Rosinen 3 EL Currypulver 1 Bund Petersilie 1 TL Orangenzeste Salz, Pfeffer Schneide die &hellip; <a href=\"https:\/\/margot-fischer.net\/?page_id=353\">Weiterlesen <span class=\"meta-nav\">&rarr;<\/span><\/a><\/p>\n","protected":false},"author":1,"featured_media":0,"parent":249,"menu_order":0,"comment_status":"closed","ping_status":"closed","template":"","meta":[],"_links":{"self":[{"href":"https:\/\/margot-fischer.net\/index.php?rest_route=\/wp\/v2\/pages\/353"}],"collection":[{"href":"https:\/\/margot-fischer.net\/index.php?rest_route=\/wp\/v2\/pages"}],"about":[{"href":"https:\/\/margot-fischer.net\/index.php?rest_route=\/wp\/v2\/types\/page"}],"author":[{"embeddable":true,"href":"https:\/\/margot-fischer.net\/index.php?rest_route=\/wp\/v2\/users\/1"}],"replies":[{"embeddable":true,"href":"https:\/\/margot-fischer.net\/index.php?rest_route=%2Fwp%2Fv2%2Fcomments&post=353"}],"version-history":[{"count":1,"href":"https:\/\/margot-fischer.net\/index.php?rest_route=\/wp\/v2\/pages\/353\/revisions"}],"predecessor-version":[{"id":354,"href":"https:\/\/margot-fischer.net\/index.php?rest_route=\/wp\/v2\/pages\/353\/revisions\/354"}],"up":[{"embeddable":true,"href":"https:\/\/margot-fischer.net\/index.php?rest_route=\/wp\/v2\/pages\/249"}],"wp:attachment":[{"href":"https:\/\/margot-fischer.net\/index.php?rest_route=%2Fwp%2Fv2%2Fmedia&parent=353"}],"curies":[{"name":"wp","href":"https:\/\/api.w.org\/{rel}","templated":true}]}}