{"id":372,"date":"2013-04-12T22:20:04","date_gmt":"2013-04-12T20:20:04","guid":{"rendered":"http:\/\/margot-fischer.net\/?page_id=372"},"modified":"2013-04-12T22:20:04","modified_gmt":"2013-04-12T20:20:04","slug":"amaranthkuchlein-mit-hausgemachtem-joghurt-oder-paprikacreme","status":"publish","type":"page","link":"https:\/\/margot-fischer.net\/?page_id=372","title":{"rendered":"Amaranthk\u00fcchlein mit hausgemachtem Joghurt oder Paprikacr\u00e8me"},"content":{"rendered":"<p>F\u00fcr das Joghurt<br \/>\n500 ml Milch<br \/>\n1-2 EL Joghurt<\/p>\n<p>Zur Bereitung des Joghurts erw\u00e4rmst du die Milch auf 36\u00b0C, r\u00fchrst das Joghurt ein und stellst den Topf mit Deckel in die Kochkiste. Lege eine W\u00e4rmeflasche, die du mit 36\u00b0C warmem Wasser bef\u00fcllt hast, dazu und lasse den Topf 10-12 Stunden in der Kiste.<\/p>\n<p>F\u00fcr die K\u00fcchlein<br \/>\n200 g Amaranth<br \/>\n1 Prise Salz<br \/>\n1 Ei<br \/>\n40 g Butter<br \/>\n40 g Zucker oder Honig<br \/>\nVanille<\/p>\n<p>F\u00fcr die Sauce<br \/>\n300 g Brombeeren<br \/>\n2 EL Honig<br \/>\nWilde Minze <\/p>\n<p>Koche den Amaranth mit 150 ml Wasser und dem Salz 3 Minuten an (im Drucktopf bis der 2. Ring erscheint) und stelle den Topf danach 3 Stunden (f\u00fcr besondere Flauschigkeit \u00fcber Nacht) in die Kochkiste oder koche ihn auf dem Herd insgesamt 30 Minuten.<br \/>\nHeize das Backrohr auf 200\u00b0C vor. R\u00fchre Ei, Butter, Zucker oder Honig und Vanille schaumig. Hebe den Amaranth unter, f\u00fclle die Masse in h\u00fcbsche F\u00f6rmchen und backe sie je nach Gr\u00f6\u00dfe der Form 15 bis 25 Minuten.<br \/>\nF\u00fcr die Sauce p\u00fcrierst du die Brombeeren mit dem Honig und r\u00fchrst das Joghurt ein.<br \/>\nServiere die K\u00fcchlein mit der Sauce und mit Minze dekoriert.<\/p>\n<p>F\u00fcr die w\u00fcrzige Variante mit Paprikacr\u00e8me<\/p>\n<p>500 g Paprikaschoten<br \/>\n1 kleine Zwiebel<br \/>\n2 Knoblauchzehen<br \/>\n4 EL \u00d6l<br \/>\nSalz, Pfeffer und nach Wunsch 1 Chilischote<br \/>\nBasilikum zum Dekorieren<\/p>\n<p>Bereite die Amaranthk\u00fcchlein wie oben beschrieben, ersetze jedoch Honig und Vanille durch eine Prise Pfeffer und Muskatnuss.<br \/>\nF\u00fcr die Sauce p\u00fcrierst du einfach alle Zutaten in der K\u00fcchenmaschine.<\/p>\n","protected":false},"excerpt":{"rendered":"<p>F\u00fcr das Joghurt 500 ml Milch 1-2 EL Joghurt Zur Bereitung des Joghurts erw\u00e4rmst du die Milch auf 36\u00b0C, r\u00fchrst das Joghurt ein und stellst den Topf mit Deckel in die Kochkiste. Lege eine W\u00e4rmeflasche, die du mit 36\u00b0C warmem &hellip; <a href=\"https:\/\/margot-fischer.net\/?page_id=372\">Weiterlesen <span class=\"meta-nav\">&rarr;<\/span><\/a><\/p>\n","protected":false},"author":1,"featured_media":373,"parent":106,"menu_order":0,"comment_status":"closed","ping_status":"closed","template":"","meta":[],"_links":{"self":[{"href":"https:\/\/margot-fischer.net\/index.php?rest_route=\/wp\/v2\/pages\/372"}],"collection":[{"href":"https:\/\/margot-fischer.net\/index.php?rest_route=\/wp\/v2\/pages"}],"about":[{"href":"https:\/\/margot-fischer.net\/index.php?rest_route=\/wp\/v2\/types\/page"}],"author":[{"embeddable":true,"href":"https:\/\/margot-fischer.net\/index.php?rest_route=\/wp\/v2\/users\/1"}],"replies":[{"embeddable":true,"href":"https:\/\/margot-fischer.net\/index.php?rest_route=%2Fwp%2Fv2%2Fcomments&post=372"}],"version-history":[{"count":2,"href":"https:\/\/margot-fischer.net\/index.php?rest_route=\/wp\/v2\/pages\/372\/revisions"}],"predecessor-version":[{"id":375,"href":"https:\/\/margot-fischer.net\/index.php?rest_route=\/wp\/v2\/pages\/372\/revisions\/375"}],"up":[{"embeddable":true,"href":"https:\/\/margot-fischer.net\/index.php?rest_route=\/wp\/v2\/pages\/106"}],"wp:featuredmedia":[{"embeddable":true,"href":"https:\/\/margot-fischer.net\/index.php?rest_route=\/wp\/v2\/media\/373"}],"wp:attachment":[{"href":"https:\/\/margot-fischer.net\/index.php?rest_route=%2Fwp%2Fv2%2Fmedia&parent=372"}],"curies":[{"name":"wp","href":"https:\/\/api.w.org\/{rel}","templated":true}]}}