{"id":377,"date":"2013-04-19T20:23:13","date_gmt":"2013-04-19T18:23:13","guid":{"rendered":"http:\/\/margot-fischer.net\/?page_id=377"},"modified":"2013-04-19T20:23:13","modified_gmt":"2013-04-19T18:23:13","slug":"rindsfaschiertes-mit-blattspinat-im-speckmantel","status":"publish","type":"page","link":"https:\/\/margot-fischer.net\/?page_id=377","title":{"rendered":"Rindsfaschiertes mit Blattspinat im Speckmantel"},"content":{"rendered":"<p>500 g faschiertes Rind (Hackfleisch)<br \/>\n1 gehackte Zwiebel<br \/>\n1 gehackte Knoblauchzehe<br \/>\n2 EL \u00d6l<br \/>\nSalz, Pfeffer<br \/>\nThymian<br \/>\nMajoran<br \/>\nRosmarin<br \/>\nPetersilie<br \/>\n750 g Blattspinat blanchiert<br \/>\n100 g Speck in feinen Scheiben<br \/>\n100 ml Rotwein<br \/>\n1 Lorbeerblatt<br \/>\netwa \u00d6l f\u00fcr die Backpfanne<\/p>\n<p>Brate den Zwiebel und den Knoblauch zart golden im \u00d6l.<br \/>\nKnete das Faschierte ein und w\u00fcrze die Masse mit den Kr\u00e4utern sowie Salz und Pfeffer.<br \/>\nW\u00e4hrend die Masse durchzieht blanchierst du den Spinat.<br \/>\nHeize das Rohr auf 180\u00b0C vor.<br \/>\nLege die Speckscheiben einzeln auf ein Brett, bedecke sie mit einer Schicht Spinat und platziere darauf einen Essl\u00f6ffel des Faschierten.<br \/>\nRolle die Speckscheiben ein und lege die R\u00f6llchen dicht aneinander in einen ge\u00f6lten Br\u00e4ter.<br \/>\nGie\u00dfe den Wein dar\u00fcber, lege das Lorbeerblatt hinzu und lasse die R\u00f6llchen 60 Minuten im Rohr garen.<\/p>\n<p>In Bratenpfanne schlichten. Mit etwas Wei\u00dfwein untergie\u00dfen und im Rohr bei 179\u00b0C zugedeckt 30 Minuten garen.<br \/>\nIn der Kochkiste ca. 1 Stunde nachgaren.<br \/>\nMit Salzerd\u00e4pfel und Tomatensauce anrichten.<\/p>\n","protected":false},"excerpt":{"rendered":"<p>500 g faschiertes Rind (Hackfleisch) 1 gehackte Zwiebel 1 gehackte Knoblauchzehe 2 EL \u00d6l Salz, Pfeffer Thymian Majoran Rosmarin Petersilie 750 g Blattspinat blanchiert 100 g Speck in feinen Scheiben 100 ml Rotwein 1 Lorbeerblatt etwa \u00d6l f\u00fcr die Backpfanne &hellip; <a href=\"https:\/\/margot-fischer.net\/?page_id=377\">Weiterlesen <span class=\"meta-nav\">&rarr;<\/span><\/a><\/p>\n","protected":false},"author":1,"featured_media":0,"parent":202,"menu_order":0,"comment_status":"closed","ping_status":"closed","template":"","meta":[],"_links":{"self":[{"href":"https:\/\/margot-fischer.net\/index.php?rest_route=\/wp\/v2\/pages\/377"}],"collection":[{"href":"https:\/\/margot-fischer.net\/index.php?rest_route=\/wp\/v2\/pages"}],"about":[{"href":"https:\/\/margot-fischer.net\/index.php?rest_route=\/wp\/v2\/types\/page"}],"author":[{"embeddable":true,"href":"https:\/\/margot-fischer.net\/index.php?rest_route=\/wp\/v2\/users\/1"}],"replies":[{"embeddable":true,"href":"https:\/\/margot-fischer.net\/index.php?rest_route=%2Fwp%2Fv2%2Fcomments&post=377"}],"version-history":[{"count":1,"href":"https:\/\/margot-fischer.net\/index.php?rest_route=\/wp\/v2\/pages\/377\/revisions"}],"predecessor-version":[{"id":378,"href":"https:\/\/margot-fischer.net\/index.php?rest_route=\/wp\/v2\/pages\/377\/revisions\/378"}],"up":[{"embeddable":true,"href":"https:\/\/margot-fischer.net\/index.php?rest_route=\/wp\/v2\/pages\/202"}],"wp:attachment":[{"href":"https:\/\/margot-fischer.net\/index.php?rest_route=%2Fwp%2Fv2%2Fmedia&parent=377"}],"curies":[{"name":"wp","href":"https:\/\/api.w.org\/{rel}","templated":true}]}}