{"id":388,"date":"2013-04-28T14:07:11","date_gmt":"2013-04-28T12:07:11","guid":{"rendered":"http:\/\/margot-fischer.net\/?page_id=388"},"modified":"2013-04-28T14:07:11","modified_gmt":"2013-04-28T12:07:11","slug":"ente-mit-quitte","status":"publish","type":"page","link":"https:\/\/margot-fischer.net\/?page_id=388","title":{"rendered":"Ente mit Quitte"},"content":{"rendered":"<p>800 g Entenkeulen<br \/>\n1 gro\u00dfe Zwiebel<br \/>\n1 Quitte, ersatzweise 2 \u00c4pfel<br \/>\n1 EL Butter oder G\u00e4nseschmalz<br \/>\n1 Glas S\u00fc\u00dfwein<br \/>\n1 Bund Suppengr\u00fcn<br \/>\nSalz<br \/>\n4 Pfefferk\u00f6rner<br \/>\n1 Lorbeerblatt<br \/>\n1 Prise Muskatnuss<br \/>\n1 Bund Schnittlauch oder Estragon<\/p>\n<p>Brate die Entenkeulen mit der grob gehackten Zwiebel und den ungesch\u00e4lten Quittenst\u00fccken im Fett an. Gie\u00dfe mit S\u00fc\u00dfwein und Wasser auf, f\u00fcge das klein geschnittene Suppengr\u00fcn, Salz, Pfeffer, Lorbeer sowie Muskat hinzu und koche die Suppe 10 Minuten bevor du sie f\u00fcr 3 Stunden bei 90\u00b0C im Rohr garen l\u00e4sst.<br \/>\nP\u00fcriere die Sauce, richte Fleisch und Quittenst\u00fccke mit der Sauce gef\u00e4llig an und serviere mit Schnittlauch oder Estragon bestreut. <\/p>\n","protected":false},"excerpt":{"rendered":"<p>800 g Entenkeulen 1 gro\u00dfe Zwiebel 1 Quitte, ersatzweise 2 \u00c4pfel 1 EL Butter oder G\u00e4nseschmalz 1 Glas S\u00fc\u00dfwein 1 Bund Suppengr\u00fcn Salz 4 Pfefferk\u00f6rner 1 Lorbeerblatt 1 Prise Muskatnuss 1 Bund Schnittlauch oder Estragon Brate die Entenkeulen mit der &hellip; <a href=\"https:\/\/margot-fischer.net\/?page_id=388\">Weiterlesen <span class=\"meta-nav\">&rarr;<\/span><\/a><\/p>\n","protected":false},"author":1,"featured_media":389,"parent":195,"menu_order":0,"comment_status":"closed","ping_status":"closed","template":"","meta":[],"_links":{"self":[{"href":"https:\/\/margot-fischer.net\/index.php?rest_route=\/wp\/v2\/pages\/388"}],"collection":[{"href":"https:\/\/margot-fischer.net\/index.php?rest_route=\/wp\/v2\/pages"}],"about":[{"href":"https:\/\/margot-fischer.net\/index.php?rest_route=\/wp\/v2\/types\/page"}],"author":[{"embeddable":true,"href":"https:\/\/margot-fischer.net\/index.php?rest_route=\/wp\/v2\/users\/1"}],"replies":[{"embeddable":true,"href":"https:\/\/margot-fischer.net\/index.php?rest_route=%2Fwp%2Fv2%2Fcomments&post=388"}],"version-history":[{"count":1,"href":"https:\/\/margot-fischer.net\/index.php?rest_route=\/wp\/v2\/pages\/388\/revisions"}],"predecessor-version":[{"id":390,"href":"https:\/\/margot-fischer.net\/index.php?rest_route=\/wp\/v2\/pages\/388\/revisions\/390"}],"up":[{"embeddable":true,"href":"https:\/\/margot-fischer.net\/index.php?rest_route=\/wp\/v2\/pages\/195"}],"wp:featuredmedia":[{"embeddable":true,"href":"https:\/\/margot-fischer.net\/index.php?rest_route=\/wp\/v2\/media\/389"}],"wp:attachment":[{"href":"https:\/\/margot-fischer.net\/index.php?rest_route=%2Fwp%2Fv2%2Fmedia&parent=388"}],"curies":[{"name":"wp","href":"https:\/\/api.w.org\/{rel}","templated":true}]}}