{"id":41,"date":"2012-08-19T19:06:37","date_gmt":"2012-08-19T17:06:37","guid":{"rendered":"http:\/\/wp11057762.wp371.webpack.hosteurope.de\/.margot-fischer.net\/?page_id=41"},"modified":"2021-03-30T00:12:58","modified_gmt":"2021-03-29T22:12:58","slug":"bayou","status":"publish","type":"page","link":"https:\/\/margot-fischer.net\/?page_id=41","title":{"rendered":"Bayou &#8211; K\u00fcche und Kultur von New Orleans und Louisiana"},"content":{"rendered":"<h3><span style=\"color: #99cc00;\"><strong>Jetzt in der 3. Auflage!<\/strong><\/span><\/h3>\n<h3><span style=\"color: #993300;\">Lebenslust ist an der Wiege des Jazz allgegenw\u00e4rtig. Cocktails und Speisen reflektieren die Freude am Genuss. Dieses Buch macht die Geschichte des Landes lebendig, das sich stark von den \u00fcbrigen Staaten Nordamerikas unterscheidet.<\/span><\/h3>\n<h3><a href=\"http:\/\/margot-fischer.net\/wp-content\/uploads\/2012\/08\/Bayou3.png\"><img decoding=\"async\" loading=\"lazy\" class=\" wp-image-623 alignleft\" src=\"http:\/\/margot-fischer.net\/wp-content\/uploads\/2012\/08\/Bayou3.png\" alt=\"Bayou3\" width=\"252\" height=\"387\" \/><\/a><\/h3>\n<h3><span style=\"color: #993300;\">\u00a0<\/span><\/h3>\n<h3><span style=\"color: #993300;\">Die LeserInnen erfahren vom Leben der Einwanderer ebenso wie von den Speisen der Indianer, werden zum Erfinder der Cocktails begleitet, zum Karneval und in die weltber\u00fchmte Storyville entf\u00fchrt, nehmen an einem deftigen altfranz\u00f6sischen Schlachtfest und einem raffinierten Dinner Teil. Die Br\u00e4uche zu Halloween werden mit einem k\u00f6stlichen Gruseldinner gekr\u00f6nt, Vodoo kommt nicht zu kurz und zur Entspannung dient ein gem\u00fctlicher Jazz Brunch.<\/span><\/h3>\n<p><a href=\"http:\/\/www.mandelbaum.at\/books\/763\/6859\" target=\"_blank\" rel=\"noopener noreferrer\">http:\/\/www.mandelbaum.at\/books\/763\/6859<\/a><\/p>\n<p><span style=\"color: #800000;\"><strong>Einige der Rezensionen<\/strong><\/span><\/p>\n<p>Rezension unter dem Titel \u00bbAmerikanische Exotik\u00ab, erschienen bei <strong><a class=\"externalLink\" href=\"http:\/\/buchgourmet.com\/bayou-kochen-in-louisiana-2-auflage\/\" target=\"_blank\" rel=\"noopener noreferrer\">Buchgourmet<\/a><\/strong><\/p>\n<p><a href=\"http:\/\/www.teachersnews.at\/artikel\/gastrosophie\/land_und_leute\/029759.php\">http:\/\/www.teachersnews.at\/artikel\/gastrosophie\/land_und_leute\/029759.php<\/a><\/p>\n<p><a href=\"http:\/\/www.versalia.de\/Rezension.Fischer_Margot.1903.html\">http:\/\/www.versalia.de\/Rezension.Fischer_Margot.1903.html<\/a><\/p>\n","protected":false},"excerpt":{"rendered":"<p>Jetzt in der 3. Auflage! Lebenslust ist an der Wiege des Jazz allgegenw\u00e4rtig. Cocktails und Speisen reflektieren die Freude am Genuss. Dieses Buch macht die Geschichte des Landes lebendig, das sich stark von den \u00fcbrigen Staaten Nordamerikas unterscheidet. \u00a0 Die &hellip; <a href=\"https:\/\/margot-fischer.net\/?page_id=41\">Weiterlesen <span class=\"meta-nav\">&rarr;<\/span><\/a><\/p>\n","protected":false},"author":1,"featured_media":0,"parent":92,"menu_order":0,"comment_status":"closed","ping_status":"open","template":"","meta":[],"_links":{"self":[{"href":"https:\/\/margot-fischer.net\/index.php?rest_route=\/wp\/v2\/pages\/41"}],"collection":[{"href":"https:\/\/margot-fischer.net\/index.php?rest_route=\/wp\/v2\/pages"}],"about":[{"href":"https:\/\/margot-fischer.net\/index.php?rest_route=\/wp\/v2\/types\/page"}],"author":[{"embeddable":true,"href":"https:\/\/margot-fischer.net\/index.php?rest_route=\/wp\/v2\/users\/1"}],"replies":[{"embeddable":true,"href":"https:\/\/margot-fischer.net\/index.php?rest_route=%2Fwp%2Fv2%2Fcomments&post=41"}],"version-history":[{"count":13,"href":"https:\/\/margot-fischer.net\/index.php?rest_route=\/wp\/v2\/pages\/41\/revisions"}],"predecessor-version":[{"id":1362,"href":"https:\/\/margot-fischer.net\/index.php?rest_route=\/wp\/v2\/pages\/41\/revisions\/1362"}],"up":[{"embeddable":true,"href":"https:\/\/margot-fischer.net\/index.php?rest_route=\/wp\/v2\/pages\/92"}],"wp:attachment":[{"href":"https:\/\/margot-fischer.net\/index.php?rest_route=%2Fwp%2Fv2%2Fmedia&parent=41"}],"curies":[{"name":"wp","href":"https:\/\/api.w.org\/{rel}","templated":true}]}}